{"id":1623,"date":"2024-05-30T12:53:57","date_gmt":"2024-05-30T10:53:57","guid":{"rendered":"https:\/\/ikfem.com\/politica-de-cookies\/"},"modified":"2024-06-07T11:01:49","modified_gmt":"2024-06-07T09:01:49","slug":"politica-de-cookies","status":"publish","type":"page","link":"https:\/\/ikfem.com\/pt-pt\/politica-de-cookies\/","title":{"rendered":"Pol\u00edtica de Cookies"},"content":{"rendered":"\t\t<div data-elementor-type=\"wp-page\" data-elementor-id=\"1623\" class=\"elementor elementor-1623 elementor-1385\" data-elementor-post-type=\"page\">\n\t\t\t\t\t\t<section class=\"elementor-section elementor-top-section elementor-element elementor-element-e06d848 elementor-section-stretched elementor-section-boxed elementor-section-height-default elementor-section-height-default\" data-id=\"e06d848\" data-element_type=\"section\" data-e-type=\"section\" data-settings=\"{&quot;stretch_section&quot;:&quot;section-stretched&quot;,&quot;background_background&quot;:&quot;classic&quot;}\">\n\t\t\t\t\t\t<div class=\"elementor-container elementor-column-gap-wider\">\n\t\t\t\t\t<div class=\"elementor-column elementor-col-100 elementor-top-column elementor-element elementor-element-726e331\" data-id=\"726e331\" data-element_type=\"column\" data-e-type=\"column\">\n\t\t\t<div class=\"elementor-widget-wrap elementor-element-populated\">\n\t\t\t\t\t\t<section class=\"elementor-section elementor-inner-section elementor-element elementor-element-f8564cd elementor-section-boxed elementor-section-height-default elementor-section-height-default\" data-id=\"f8564cd\" data-element_type=\"section\" data-e-type=\"section\">\n\t\t\t\t\t\t<div class=\"elementor-container elementor-column-gap-default\">\n\t\t\t\t\t<div class=\"elementor-column elementor-col-16 elementor-inner-column elementor-element elementor-element-632a83d\" data-id=\"632a83d\" data-element_type=\"column\" data-e-type=\"column\">\n\t\t\t<div class=\"elementor-widget-wrap\">\n\t\t\t\t\t\t\t<\/div>\n\t\t<\/div>\n\t\t\t\t<div class=\"elementor-column elementor-col-66 elementor-inner-column elementor-element elementor-element-47f131b\" data-id=\"47f131b\" data-element_type=\"column\" data-e-type=\"column\">\n\t\t\t<div class=\"elementor-widget-wrap elementor-element-populated\">\n\t\t\t\t\t\t<div class=\"elementor-element elementor-element-c3a049c elementor-widget__width-auto elementor-widget elementor-widget-icon-box\" data-id=\"c3a049c\" data-element_type=\"widget\" data-e-type=\"widget\" data-widget_type=\"icon-box.default\">\n\t\t\t\t<div class=\"elementor-widget-container\">\n\t\t\t\t\t\t\t<div class=\"elementor-icon-box-wrapper\">\n\n\t\t\t\n\t\t\t\t\t\t<div class=\"elementor-icon-box-content\">\n\n\t\t\t\t\t\t\t\t\t<h5 class=\"elementor-icon-box-title\">\n\t\t\t\t\t\t<span  >\n\t\t\t\t\t\t\tPol\u00edtica de Cookies\t\t\t\t\t\t<\/span>\n\t\t\t\t\t<\/h5>\n\t\t\t\t\n\t\t\t\t\n\t\t\t<\/div>\n\t\t\t\n\t\t<\/div>\n\t\t\t\t\t\t<\/div>\n\t\t\t\t<\/div>\n\t\t\t\t\t<\/div>\n\t\t<\/div>\n\t\t\t\t<div class=\"elementor-column elementor-col-16 elementor-inner-column elementor-element elementor-element-6457943\" data-id=\"6457943\" data-element_type=\"column\" data-e-type=\"column\">\n\t\t\t<div class=\"elementor-widget-wrap\">\n\t\t\t\t\t\t\t<\/div>\n\t\t<\/div>\n\t\t\t\t\t<\/div>\n\t\t<\/section>\n\t\t\t\t\t<\/div>\n\t\t<\/div>\n\t\t\t\t\t<\/div>\n\t\t<\/section>\n\t\t\t\t<section class=\"elementor-section elementor-top-section elementor-element elementor-element-f28a7a5 elementor-section-boxed elementor-section-height-default elementor-section-height-default\" data-id=\"f28a7a5\" data-element_type=\"section\" data-e-type=\"section\">\n\t\t\t\t\t\t<div class=\"elementor-container elementor-column-gap-default\">\n\t\t\t\t\t<div class=\"elementor-column elementor-col-100 elementor-top-column elementor-element elementor-element-847e862\" data-id=\"847e862\" data-element_type=\"column\" data-e-type=\"column\">\n\t\t\t<div class=\"elementor-widget-wrap elementor-element-populated\">\n\t\t\t\t\t\t<div class=\"elementor-element elementor-element-72fdc55 elementor-widget elementor-widget-text-editor\" data-id=\"72fdc55\" data-element_type=\"widget\" data-e-type=\"widget\" data-widget_type=\"text-editor.default\">\n\t\t\t\t<div class=\"elementor-widget-container\">\n\t\t\t\t\t\t\t\t\t<p><strong>ANTECEDENTES<\/strong><\/p><p>De acordo com a regulamenta\u00e7\u00e3o espanhola que regula o uso de cookies em rela\u00e7\u00e3o \u00e0 presta\u00e7\u00e3o de servi\u00e7os de comunica\u00e7\u00f5es eletr\u00f4nicas, conforme o Decreto Real Lei 13\/2012 de 30 de mar\u00e7o, informamos sobre os cookies utilizados no site da Xuventudes Musicais Eixo Atl\u00e1ntico (tamb\u00e9m o prestador) e o motivo de seu uso. Al\u00e9m disso, informamos que ao navegar no site, voc\u00ea est\u00e1 dando o seu consentimento para utiliz\u00e1-las.<\/p><p>\u00a0<\/p><p><strong>O QUE S\u00c3O COOKIES?<\/strong><\/p><p>Um cookie \u00e9 um arquivo que \u00e9 baixado no seu computador ao acessar determinadas p\u00e1ginas web. Os cookies permitem a uma p\u00e1gina web, entre outras coisas, armazenar e recuperar informa\u00e7\u00f5es sobre os h\u00e1bitos de navega\u00e7\u00e3o de um usu\u00e1rio ou do seu dispositivo e, dependendo das informa\u00e7\u00f5es que cont\u00eam e da forma como utiliza o seu dispositivo, podem ser usados para reconhecer o usu\u00e1rio. Os cookies est\u00e3o associados apenas a um usu\u00e1rio an\u00f4nimo e ao seu computador ou dispositivo e n\u00e3o fornecem refer\u00eancias que permitam conhecer os seus dados pessoais.<\/p><p>\u00a0<\/p><p>COOKIES AFETADAS PELA NORMATIVA E COOKIES ISENTAS<\/p><p>Segundo a diretiva da UE, os cookies que requerem o consentimento informado por parte do usu\u00e1rio s\u00e3o os cookies de an\u00e1lise e os de publicidade e afilia\u00e7\u00e3o, ficando isentos os de car\u00e1ter t\u00e9cnico e os necess\u00e1rios para o funcionamento do site ou a presta\u00e7\u00e3o de servi\u00e7os expressamente solicitados pelo usu\u00e1rio.<\/p><p>\u00a0<\/p><p>TIPOS DE COOKIES<\/p><p>a) Segundo a entidade que as gere, h\u00e1 Cookies pr\u00f3prias (aquelas que s\u00e3o enviadas ao terminal do usu\u00e1rio a partir de um dispositivo ou dom\u00ednio gerido pelo pr\u00f3prio editor e a partir do qual \u00e9 fornecido o servi\u00e7o solicitado pelo usu\u00e1rio) e de terceiros (as que s\u00e3o enviadas ao terminal do usu\u00e1rio a partir de um dispositivo ou dom\u00ednio que n\u00e3o \u00e9 gerido pelo editor, mas por outra entidade que trata os dados obtidos atrav\u00e9s dos cookies).<\/p><p>b) Segundo o tempo que permanecem ativas, existem as de sess\u00e3o (desenhadas para coletar e armazenar dados enquanto o usu\u00e1rio acessa uma p\u00e1gina web) e as persistentes (em que os dados s\u00e3o armazenados no terminal e podem ser acessados e tratados durante um per\u00edodo definido pelo respons\u00e1vel pelo cookie &#8211; pode ir de alguns minutos a v\u00e1rios anos).<\/p><p>c) Segundo a finalidade para a qual tratam a informa\u00e7\u00e3o que coletam, podem ser:<\/p><ul><li>Cookies t\u00e9cnicas (necess\u00e1rias para o uso da web e a presta\u00e7\u00e3o do servi\u00e7o contratado),<\/li><li>Cookies de personaliza\u00e7\u00e3o (que permitem ao usu\u00e1rio acessar o servi\u00e7o com caracter\u00edsticas predefinidas, como por exemplo o idioma, tipo de navegador, configura\u00e7\u00e3o regional, etc.),<\/li><li>Cookies de an\u00e1lise (coletam informa\u00e7\u00f5es sobre o uso que se faz da web),<\/li><li>Cookies publicit\u00e1rias (coletam informa\u00e7\u00f5es sobre as prefer\u00eancias e escolhas pessoais dos usu\u00e1rios),<\/li><li>Cookies de afiliados (permitem rastrear as visitas procedentes de outros sites, com os quais o site estabelece um contrato de afilia\u00e7\u00e3o).<\/li><\/ul><p>\u00a0<\/p><p><strong>TIPOS DE COOKIES UTILIZADOS POR ESTE SITE<\/strong><\/p><p>Os cookies utilizados em nosso site s\u00e3o de sess\u00e3o e de terceiros, e nos permitem armazenar e acessar informa\u00e7\u00f5es relativas ao idioma, tipo de navegador utilizado e outras caracter\u00edsticas gerais predefinidas pelo usu\u00e1rio, bem como seguir e analisar a atividade que realiza para melhorar e prestar nossos servi\u00e7os de uma maneira mais eficiente e personalizada. Os cookies usados t\u00eam, em todo caso, car\u00e1ter tempor\u00e1rio, com a \u00fanica finalidade de tornar mais eficaz a navega\u00e7\u00e3o. Em nenhum caso esses cookies fornecem por si mesmos dados de car\u00e1ter pessoal e n\u00e3o s\u00e3o usados para a coleta dos mesmos.<\/p><p>A utiliza\u00e7\u00e3o dos cookies oferece vantagens, como por exemplo:<\/p><ul><li>facilita ao usu\u00e1rio a navega\u00e7\u00e3o e o acesso aos diferentes servi\u00e7os oferecidos por este site;<\/li><li>evita ao usu\u00e1rio ter que configurar as caracter\u00edsticas gerais predefinidas cada vez que acessa o site; e<\/li><li>favorece a melhoria do funcionamento e dos servi\u00e7os prestados atrav\u00e9s deste site, ap\u00f3s a correspondente an\u00e1lise das informa\u00e7\u00f5es obtidas atrav\u00e9s dos cookies instalados.<\/li><\/ul><p>Ao acessar nosso site, informamos que se continuar navegando, ser\u00e3o instalados v\u00e1rios cookies de terceiros, consentindo assim a instala\u00e7\u00e3o de determinados cookies que ter\u00e3o como \u00fanica finalidade registrar o acesso ao nosso site para a realiza\u00e7\u00e3o de estat\u00edsticas an\u00f4nimas sobre as visitas, coletando informa\u00e7\u00f5es sempre de forma an\u00f4nima. N\u00e3o \u00e9 necess\u00e1rio aceitar a instala\u00e7\u00e3o desses cookies, voc\u00ea poder\u00e1 navegar igualmente por todo o nosso site.<\/p><p>Em diversas se\u00e7\u00f5es do nosso site, poder\u00e3o ser instalados cookies de redes sociais, em concreto os seguintes:<\/p><ul><li>Cookie do Twitter, conforme disposto na sua pol\u00edtica de privacidade e uso de cookies.<\/li><li>Cookie do Facebook, conforme disposto na sua pol\u00edtica de cookies.<\/li><li>Cookie do Linkedin, conforme disposto na sua p\u00e1gina sobre o uso dos cookies.<\/li><li>Cookie do Google+ e Google Maps, conforme disposto na sua p\u00e1gina sobre que tipo de cookies utilizam.<\/li><\/ul><p>\u00a0<\/p><p><strong>REVOGA\u00c7\u00c3O<\/strong><\/p><p>A qualquer momento, voc\u00ea poder\u00e1 acessar a configura\u00e7\u00e3o do seu navegador aceitando ou rejeitando todos os cookies, ou selecionando aqueles cuja instala\u00e7\u00e3o admite e quais n\u00e3o, seguindo um dos seguintes procedimentos, que depende do navegador que voc\u00ea utiliza:<\/p><ul><li><p><strong>Google Chrome (no Menu Ferramentas):<\/strong> Configura\u00e7\u00e3o &gt; Mostrar op\u00e7\u00f5es avan\u00e7adas &gt; Privacidade (Configura\u00e7\u00e3o de conte\u00fado) &gt; Cookies: <a href=\"https:\/\/support.google.com\/chrome\/answer\/95647?co=GENIE.Platform%3DDesktopandhl=es\" target=\"_new\" rel=\"noreferrer\">Link<\/a><\/p><\/li><li><p><strong>Microsoft Internet Explorer (no Menu Ferramentas):<\/strong> Op\u00e7\u00f5es de Internet &gt; Privacidade &gt; Avan\u00e7ada: <a href=\"https:\/\/support.microsoft.com\/es-es\/help\/17442\/windows-internet-explorer-delete-manage-cookies\" target=\"_new\" rel=\"noreferrer\">Link<\/a><\/p><\/li><li><p><strong>Firefox:<\/strong> Op\u00e7\u00f5es &gt; Privacidade &gt; Cookies: <a href=\"https:\/\/support.mozilla.org\/es\/kb\/habilitar-y-deshabilitar-cookies-sitios-web-rastrear-preferencias\" target=\"_new\" rel=\"noreferrer\">Link<\/a><\/p><\/li><li><p><strong>Safari, iPad e iPhone:<\/strong> Prefer\u00eancias &gt; Privacidade: <a href=\"https:\/\/support.apple.com\/kb\/ph21411?locale=es_ES\" target=\"_new\" rel=\"noreferrer\">Link<\/a><\/p><\/li><li><p><strong>Opera:<\/strong> Configura\u00e7\u00e3o &gt; Op\u00e7\u00f5es &gt; Avan\u00e7ado &gt; Cookies: <a href=\"http:\/\/help.opera.com\/Windows\/12.00\/es-ES\/cookies.html\" target=\"_new\" rel=\"noreferrer\">Link<\/a><\/p><\/li><\/ul><p>Esses navegadores est\u00e3o sujeitos a atualiza\u00e7\u00f5es ou modifica\u00e7\u00f5es, portanto, n\u00e3o podemos garantir que se ajustem completamente \u00e0 vers\u00e3o do seu navegador. Tamb\u00e9m pode ser que utilize outro navegador n\u00e3o contemplado nesses links como Konqueror, Arora, Flock, etc. Para evitar esses desajustes, voc\u00ea pode acessar diretamente as op\u00e7\u00f5es do seu navegador, geralmente no menu de &#8220;Op\u00e7\u00f5es&#8221; na se\u00e7\u00e3o de &#8220;Privacidade&#8221;. (Por favor, consulte a ajuda do seu navegador para mais informa\u00e7\u00f5es).<\/p><p>\u00a0<\/p><p><strong>DESATIVA\u00c7\u00c3O\/ATIVA\u00c7\u00c3O E ELIMINA\u00c7\u00c3O DE COOKIES<\/strong><\/p><p>Para restringir ou bloquear os cookies, faz-se atrav\u00e9s da configura\u00e7\u00e3o do navegador.<\/p><p>Se n\u00e3o deseja que os sites coloquem nenhum cookie no seu dispositivo, pode ajustar a configura\u00e7\u00e3o do navegador de modo que seja notificado antes de ser colocado qualquer cookie. Da mesma forma, pode ajustar a configura\u00e7\u00e3o de forma que o navegador rejeite todos os cookies, ou apenas os cookies de terceiros. Tamb\u00e9m pode eliminar qualquer um dos cookies que j\u00e1 se encontram no dispositivo. Tenha em conta que ter\u00e1 que ajustar separadamente a configura\u00e7\u00e3o de cada navegador e dispositivo que utilizar.<\/p><p>Tenha em mente que se n\u00e3o desejar receber cookies, j\u00e1 n\u00e3o poderemos garantir que nosso site funcione corretamente. Pode ser que algumas fun\u00e7\u00f5es do site se percam e \u00e9 poss\u00edvel que j\u00e1 n\u00e3o possa ver certos sites. Al\u00e9m disso, rejeitar os cookies n\u00e3o significa que j\u00e1 n\u00e3o ver\u00e1 an\u00fancios publicit\u00e1rios. Simplesmente os an\u00fancios n\u00e3o se ajustar\u00e3o aos seus interesses e se repetir\u00e3o com mais frequ\u00eancia.<\/p><p>Cada navegador possui um m\u00e9todo distinto para ajustar a configura\u00e7\u00e3o. Se necess\u00e1rio, consulte a fun\u00e7\u00e3o de ajuda do navegador para estabelecer a configura\u00e7\u00e3o correta.<\/p><p>Para desativar os cookies no telefone m\u00f3vel, consulte o manual do dispositivo para obter mais informa\u00e7\u00f5es.<\/p><p>Pode obter mais informa\u00e7\u00f5es sobre cookies na Internet, <a href=\"http:\/\/www.aboutcookies.org\/\" target=\"_new\" rel=\"noreferrer\">aboutcookies.org<\/a>.<\/p><p>Tendo em conta a forma como funciona a Internet e os sites, nem sempre contamos com informa\u00e7\u00f5es sobre os cookies que colocam terceiros atrav\u00e9s do nosso site. Isso se aplica especialmente a casos em que nosso site cont\u00e9m o que s\u00e3o denominados elementos integrados: textos, documentos, imagens ou v\u00eddeos que est\u00e3o armazenados em outra parte, mas s\u00e3o exibidos no nosso site ou atrav\u00e9s dele.<\/p><p>Por conseguinte, no caso de encontrar este tipo de cookies neste site e que n\u00e3o estejam listados na lista anterior, solicitamos que nos informe. Ou entre diretamente em contato com o terceiro para pedir-lhe informa\u00e7\u00f5es sobre os cookies que coloca, a finalidade e a dura\u00e7\u00e3o do cookie, e como garantiu a sua privacidade.<\/p>\t\t\t\t\t\t\t\t<\/div>\n\t\t\t\t<\/div>\n\t\t\t\t\t<\/div>\n\t\t<\/div>\n\t\t\t\t\t<\/div>\n\t\t<\/section>\n\t\t\t\t<\/div>\n\t\t","protected":false},"excerpt":{"rendered":"<p>Pol\u00edtica de Cookies ANTECEDENTES De acordo com a regulamenta\u00e7\u00e3o espanhola que regula o uso de cookies em rela\u00e7\u00e3o \u00e0 presta\u00e7\u00e3o de servi\u00e7os de comunica\u00e7\u00f5es eletr\u00f4nicas, conforme<span class=\"excerpt-hellip\"> [\u2026]<\/span><\/p>\n","protected":false},"author":14,"featured_media":0,"parent":0,"menu_order":0,"comment_status":"closed","ping_status":"closed","template":"elementor_header_footer","meta":{"footnotes":""},"class_list":["post-1623","page","type-page","status-publish","hentry"],"yoast_head":"<!-- This site is optimized with the Yoast SEO plugin v27.3 - https:\/\/yoast.com\/product\/yoast-seo-wordpress\/ -->\n<title>Pol\u00edtica de Cookies - IKFEM<\/title>\n<meta name=\"robots\" content=\"index, follow, max-snippet:-1, max-image-preview:large, max-video-preview:-1\" \/>\n<link rel=\"canonical\" href=\"https:\/\/ikfem.com\/politica-de-cookies\/\" \/>\n<meta property=\"og:locale\" content=\"pt_PT\" \/>\n<meta property=\"og:type\" content=\"article\" \/>\n<meta property=\"og:title\" content=\"Pol\u00edtica de Cookies - IKFEM\" \/>\n<meta property=\"og:description\" content=\"Pol\u00edtica de Cookies ANTECEDENTES De acordo com a regulamenta\u00e7\u00e3o espanhola que regula o uso de cookies em rela\u00e7\u00e3o \u00e0 presta\u00e7\u00e3o de servi\u00e7os de comunica\u00e7\u00f5es eletr\u00f4nicas, conforme [\u2026]\" \/>\n<meta property=\"og:url\" content=\"https:\/\/ikfem.com\/politica-de-cookies\/\" \/>\n<meta property=\"og:site_name\" content=\"IKFEM\" \/>\n<meta property=\"article:publisher\" content=\"https:\/\/www.facebook.com\/IKFEM\" \/>\n<meta property=\"article:modified_time\" content=\"2024-06-07T09:01:49+00:00\" \/>\n<meta name=\"twitter:card\" content=\"summary_large_image\" \/>\n<meta name=\"twitter:label1\" content=\"Tempo estimado de leitura\" \/>\n\t<meta name=\"twitter:data1\" content=\"7 minutos\" \/>\n<script type=\"application\/ld+json\" class=\"yoast-schema-graph\">{\"@context\":\"https:\\\/\\\/schema.org\",\"@graph\":[{\"@type\":\"WebPage\",\"@id\":\"https:\\\/\\\/ikfem.com\\\/politica-de-cookies\\\/\",\"url\":\"https:\\\/\\\/ikfem.com\\\/politica-de-cookies\\\/\",\"name\":\"Pol\u00edtica de Cookies - IKFEM\",\"isPartOf\":{\"@id\":\"https:\\\/\\\/ikfem.com\\\/#website\"},\"datePublished\":\"2024-05-30T10:53:57+00:00\",\"dateModified\":\"2024-06-07T09:01:49+00:00\",\"breadcrumb\":{\"@id\":\"https:\\\/\\\/ikfem.com\\\/politica-de-cookies\\\/#breadcrumb\"},\"inLanguage\":\"pt-PT\",\"potentialAction\":[{\"@type\":\"ReadAction\",\"target\":[\"https:\\\/\\\/ikfem.com\\\/politica-de-cookies\\\/\"]}]},{\"@type\":\"BreadcrumbList\",\"@id\":\"https:\\\/\\\/ikfem.com\\\/politica-de-cookies\\\/#breadcrumb\",\"itemListElement\":[{\"@type\":\"ListItem\",\"position\":1,\"name\":\"Home\",\"item\":\"https:\\\/\\\/ikfem.com\\\/pt-pt\\\/\"},{\"@type\":\"ListItem\",\"position\":2,\"name\":\"Pol\u00edtica de Cookies\"}]},{\"@type\":\"WebSite\",\"@id\":\"https:\\\/\\\/ikfem.com\\\/#website\",\"url\":\"https:\\\/\\\/ikfem.com\\\/\",\"name\":\"IKFEM Festival Tui - Valen\u00e7a\",\"description\":\"IKFEM Festival Tui-Valen\u00e7a\",\"publisher\":{\"@id\":\"https:\\\/\\\/ikfem.com\\\/#organization\"},\"alternateName\":\"El \u00fanico puente musical de Europa\",\"potentialAction\":[{\"@type\":\"SearchAction\",\"target\":{\"@type\":\"EntryPoint\",\"urlTemplate\":\"https:\\\/\\\/ikfem.com\\\/?s={search_term_string}\"},\"query-input\":{\"@type\":\"PropertyValueSpecification\",\"valueRequired\":true,\"valueName\":\"search_term_string\"}}],\"inLanguage\":\"pt-PT\"},{\"@type\":\"Organization\",\"@id\":\"https:\\\/\\\/ikfem.com\\\/#organization\",\"name\":\"IKFEM Festival Tui - Valen\u00e7a\",\"url\":\"https:\\\/\\\/ikfem.com\\\/\",\"logo\":{\"@type\":\"ImageObject\",\"inLanguage\":\"pt-PT\",\"@id\":\"https:\\\/\\\/ikfem.com\\\/#\\\/schema\\\/logo\\\/image\\\/\",\"url\":\"https:\\\/\\\/ikfem.com\\\/wp-content\\\/uploads\\\/2024\\\/06\\\/logoIKFEM.png\",\"contentUrl\":\"https:\\\/\\\/ikfem.com\\\/wp-content\\\/uploads\\\/2024\\\/06\\\/logoIKFEM.png\",\"width\":500,\"height\":150,\"caption\":\"IKFEM Festival Tui - Valen\u00e7a\"},\"image\":{\"@id\":\"https:\\\/\\\/ikfem.com\\\/#\\\/schema\\\/logo\\\/image\\\/\"},\"sameAs\":[\"https:\\\/\\\/www.facebook.com\\\/IKFEM\",\"https:\\\/\\\/www.instagram.com\\\/ikfem_festival\\\/\"]}]}<\/script>\n<!-- \/ Yoast SEO plugin. -->","yoast_head_json":{"title":"Pol\u00edtica de Cookies - IKFEM","robots":{"index":"index","follow":"follow","max-snippet":"max-snippet:-1","max-image-preview":"max-image-preview:large","max-video-preview":"max-video-preview:-1"},"canonical":"https:\/\/ikfem.com\/politica-de-cookies\/","og_locale":"pt_PT","og_type":"article","og_title":"Pol\u00edtica de Cookies - IKFEM","og_description":"Pol\u00edtica de Cookies ANTECEDENTES De acordo com a regulamenta\u00e7\u00e3o espanhola que regula o uso de cookies em rela\u00e7\u00e3o \u00e0 presta\u00e7\u00e3o de servi\u00e7os de comunica\u00e7\u00f5es eletr\u00f4nicas, conforme [\u2026]","og_url":"https:\/\/ikfem.com\/politica-de-cookies\/","og_site_name":"IKFEM","article_publisher":"https:\/\/www.facebook.com\/IKFEM","article_modified_time":"2024-06-07T09:01:49+00:00","twitter_card":"summary_large_image","twitter_misc":{"Tempo estimado de leitura":"7 minutos"},"schema":{"@context":"https:\/\/schema.org","@graph":[{"@type":"WebPage","@id":"https:\/\/ikfem.com\/politica-de-cookies\/","url":"https:\/\/ikfem.com\/politica-de-cookies\/","name":"Pol\u00edtica de Cookies - IKFEM","isPartOf":{"@id":"https:\/\/ikfem.com\/#website"},"datePublished":"2024-05-30T10:53:57+00:00","dateModified":"2024-06-07T09:01:49+00:00","breadcrumb":{"@id":"https:\/\/ikfem.com\/politica-de-cookies\/#breadcrumb"},"inLanguage":"pt-PT","potentialAction":[{"@type":"ReadAction","target":["https:\/\/ikfem.com\/politica-de-cookies\/"]}]},{"@type":"BreadcrumbList","@id":"https:\/\/ikfem.com\/politica-de-cookies\/#breadcrumb","itemListElement":[{"@type":"ListItem","position":1,"name":"Home","item":"https:\/\/ikfem.com\/pt-pt\/"},{"@type":"ListItem","position":2,"name":"Pol\u00edtica de Cookies"}]},{"@type":"WebSite","@id":"https:\/\/ikfem.com\/#website","url":"https:\/\/ikfem.com\/","name":"IKFEM Festival Tui - Valen\u00e7a","description":"IKFEM Festival Tui-Valen\u00e7a","publisher":{"@id":"https:\/\/ikfem.com\/#organization"},"alternateName":"El \u00fanico puente musical de Europa","potentialAction":[{"@type":"SearchAction","target":{"@type":"EntryPoint","urlTemplate":"https:\/\/ikfem.com\/?s={search_term_string}"},"query-input":{"@type":"PropertyValueSpecification","valueRequired":true,"valueName":"search_term_string"}}],"inLanguage":"pt-PT"},{"@type":"Organization","@id":"https:\/\/ikfem.com\/#organization","name":"IKFEM Festival Tui - Valen\u00e7a","url":"https:\/\/ikfem.com\/","logo":{"@type":"ImageObject","inLanguage":"pt-PT","@id":"https:\/\/ikfem.com\/#\/schema\/logo\/image\/","url":"https:\/\/ikfem.com\/wp-content\/uploads\/2024\/06\/logoIKFEM.png","contentUrl":"https:\/\/ikfem.com\/wp-content\/uploads\/2024\/06\/logoIKFEM.png","width":500,"height":150,"caption":"IKFEM Festival Tui - Valen\u00e7a"},"image":{"@id":"https:\/\/ikfem.com\/#\/schema\/logo\/image\/"},"sameAs":["https:\/\/www.facebook.com\/IKFEM","https:\/\/www.instagram.com\/ikfem_festival\/"]}]}},"_links":{"self":[{"href":"https:\/\/ikfem.com\/pt-pt\/wp-json\/wp\/v2\/pages\/1623","targetHints":{"allow":["GET"]}}],"collection":[{"href":"https:\/\/ikfem.com\/pt-pt\/wp-json\/wp\/v2\/pages"}],"about":[{"href":"https:\/\/ikfem.com\/pt-pt\/wp-json\/wp\/v2\/types\/page"}],"author":[{"embeddable":true,"href":"https:\/\/ikfem.com\/pt-pt\/wp-json\/wp\/v2\/users\/14"}],"replies":[{"embeddable":true,"href":"https:\/\/ikfem.com\/pt-pt\/wp-json\/wp\/v2\/comments?post=1623"}],"version-history":[{"count":3,"href":"https:\/\/ikfem.com\/pt-pt\/wp-json\/wp\/v2\/pages\/1623\/revisions"}],"predecessor-version":[{"id":1627,"href":"https:\/\/ikfem.com\/pt-pt\/wp-json\/wp\/v2\/pages\/1623\/revisions\/1627"}],"wp:attachment":[{"href":"https:\/\/ikfem.com\/pt-pt\/wp-json\/wp\/v2\/media?parent=1623"}],"curies":[{"name":"wp","href":"https:\/\/api.w.org\/{rel}","templated":true}]}}