{"id":1617,"date":"2024-05-30T10:29:59","date_gmt":"2024-05-30T08:29:59","guid":{"rendered":"https:\/\/ikfem.com\/politica-de-privacidad\/"},"modified":"2024-06-07T10:55:44","modified_gmt":"2024-06-07T08:55:44","slug":"politica-de-privacidade","status":"publish","type":"page","link":"https:\/\/ikfem.com\/pt-pt\/politica-de-privacidade\/","title":{"rendered":"Pol\u00edtica de Privacidade"},"content":{"rendered":"\t\t<div data-elementor-type=\"wp-page\" data-elementor-id=\"1617\" class=\"elementor elementor-1617 elementor-1321\" data-elementor-post-type=\"page\">\n\t\t\t\t\t\t<section class=\"elementor-section elementor-top-section elementor-element elementor-element-e06d848 elementor-section-stretched elementor-section-boxed elementor-section-height-default elementor-section-height-default\" data-id=\"e06d848\" data-element_type=\"section\" data-e-type=\"section\" data-settings=\"{&quot;stretch_section&quot;:&quot;section-stretched&quot;,&quot;background_background&quot;:&quot;classic&quot;}\">\n\t\t\t\t\t\t<div class=\"elementor-container elementor-column-gap-wider\">\n\t\t\t\t\t<div class=\"elementor-column elementor-col-100 elementor-top-column elementor-element elementor-element-726e331\" data-id=\"726e331\" data-element_type=\"column\" data-e-type=\"column\">\n\t\t\t<div class=\"elementor-widget-wrap elementor-element-populated\">\n\t\t\t\t\t\t<section class=\"elementor-section elementor-inner-section elementor-element elementor-element-f8564cd elementor-section-boxed elementor-section-height-default elementor-section-height-default\" data-id=\"f8564cd\" data-element_type=\"section\" data-e-type=\"section\">\n\t\t\t\t\t\t<div class=\"elementor-container elementor-column-gap-default\">\n\t\t\t\t\t<div class=\"elementor-column elementor-col-16 elementor-inner-column elementor-element elementor-element-632a83d\" data-id=\"632a83d\" data-element_type=\"column\" data-e-type=\"column\">\n\t\t\t<div class=\"elementor-widget-wrap\">\n\t\t\t\t\t\t\t<\/div>\n\t\t<\/div>\n\t\t\t\t<div class=\"elementor-column elementor-col-66 elementor-inner-column elementor-element elementor-element-47f131b\" data-id=\"47f131b\" data-element_type=\"column\" data-e-type=\"column\">\n\t\t\t<div class=\"elementor-widget-wrap elementor-element-populated\">\n\t\t\t\t\t\t<div class=\"elementor-element elementor-element-c3a049c elementor-widget__width-auto elementor-widget elementor-widget-icon-box\" data-id=\"c3a049c\" data-element_type=\"widget\" data-e-type=\"widget\" data-widget_type=\"icon-box.default\">\n\t\t\t\t<div class=\"elementor-widget-container\">\n\t\t\t\t\t\t\t<div class=\"elementor-icon-box-wrapper\">\n\n\t\t\t\n\t\t\t\t\t\t<div class=\"elementor-icon-box-content\">\n\n\t\t\t\t\t\t\t\t\t<h5 class=\"elementor-icon-box-title\">\n\t\t\t\t\t\t<span  >\n\t\t\t\t\t\t\tPol\u00edtica de Privacidade\t\t\t\t\t\t<\/span>\n\t\t\t\t\t<\/h5>\n\t\t\t\t\n\t\t\t\t\n\t\t\t<\/div>\n\t\t\t\n\t\t<\/div>\n\t\t\t\t\t\t<\/div>\n\t\t\t\t<\/div>\n\t\t\t\t\t<\/div>\n\t\t<\/div>\n\t\t\t\t<div class=\"elementor-column elementor-col-16 elementor-inner-column elementor-element elementor-element-6457943\" data-id=\"6457943\" data-element_type=\"column\" data-e-type=\"column\">\n\t\t\t<div class=\"elementor-widget-wrap\">\n\t\t\t\t\t\t\t<\/div>\n\t\t<\/div>\n\t\t\t\t\t<\/div>\n\t\t<\/section>\n\t\t\t\t\t<\/div>\n\t\t<\/div>\n\t\t\t\t\t<\/div>\n\t\t<\/section>\n\t\t\t\t<section class=\"elementor-section elementor-top-section elementor-element elementor-element-f28a7a5 elementor-section-boxed elementor-section-height-default elementor-section-height-default\" data-id=\"f28a7a5\" data-element_type=\"section\" data-e-type=\"section\">\n\t\t\t\t\t\t<div class=\"elementor-container elementor-column-gap-default\">\n\t\t\t\t\t<div class=\"elementor-column elementor-col-100 elementor-top-column elementor-element elementor-element-847e862\" data-id=\"847e862\" data-element_type=\"column\" data-e-type=\"column\">\n\t\t\t<div class=\"elementor-widget-wrap elementor-element-populated\">\n\t\t\t\t\t\t<div class=\"elementor-element elementor-element-72fdc55 elementor-widget elementor-widget-text-editor\" data-id=\"72fdc55\" data-element_type=\"widget\" data-e-type=\"widget\" data-widget_type=\"text-editor.default\">\n\t\t\t\t<div class=\"elementor-widget-container\">\n\t\t\t\t\t\t\t\t\t<p>Em cumprimento do Cap\u00edtulo II da Lei 34\/2002, LSSICE, informamos que o presente site \u00e9 propriedade de <strong>Xuventudes Musicais Eixo Atl\u00e1ntico<\/strong>, doravante tamb\u00e9m referido como o Prestador, domiciliada na Rua San Miguel, n\u00ba17, 36715, CIF g94076437, telefone de contato: 625627498, e email: <a rel=\"noreferrer\">director@ikfem.com<\/a>.<\/p><p><strong>Xuventudes Musicais Eixo Atl\u00e1ntico<\/strong>, como respons\u00e1vel pelo presente site e em conformidade com o que disp\u00f5e a legisla\u00e7\u00e3o vigente em mat\u00e9ria de prote\u00e7\u00e3o de dados pessoais, o Regulamento (UE) 2016\/679 de 27 de abril de 2016 (RGPD) relativo \u00e0 prote\u00e7\u00e3o das pessoas f\u00edsicas no que diz respeito ao tratamento de dados pessoais e \u00e0 livre circula\u00e7\u00e3o desses dados, a Lei Org\u00e2nica 15\/1999, de 13 de dezembro, de Prote\u00e7\u00e3o de Dados de Car\u00e1ter Pessoal (LOPD) e pela Lei 34\/2002, de 11 de julho, de Servi\u00e7os da Sociedade da Informa\u00e7\u00e3o e do Com\u00e9rcio Eletr\u00f4nico (LSSICE), implementou todas as medidas de seguran\u00e7a, de natureza t\u00e9cnica e organizativas, estabelecidas no Real Decreto 1720\/2007 de 21 de dezembro, (que desenvolve a LOPD) para garantir e proteger a confidencialidade, integridade e disponibilidade dos dados introduzidos.<\/p><p>Para efeitos do que prev\u00ea a LOPD, <strong>Xuventudes Musicais Eixo Atl\u00e1ntico<\/strong> informa que os dados que voluntariamente nos fornecer ser\u00e3o incorporados aos nossos sistemas de informa\u00e7\u00e3o com o objetivo de realizar as gest\u00f5es comerciais e administrativas necess\u00e1rias com os usu\u00e1rios do site; As opera\u00e7\u00f5es previstas para realizar os tratamentos s\u00e3o as seguintes: responder \u00e0s consultas e\/ou fornecer informa\u00e7\u00f5es solicitadas pelo Usu\u00e1rio; realizar as presta\u00e7\u00f5es de servi\u00e7os e\/ou produtos contratados ou subscritos pelo Usu\u00e1rio; realizar todas aquelas atividades pr\u00f3prias de Xuventudes Musicais Eixo Atl\u00e1ntico por este aviso legal referidas e enviar o boletim de not\u00edcias do site.<\/p><p>O signat\u00e1rio garante a veracidade dos dados fornecidos e compromete-se a comunicar qualquer altera\u00e7\u00e3o que ocorra nos mesmos.<\/p><p>O Prestador, mediante asterisco (*) nas caixas correspondentes do formul\u00e1rio de contato, informa ao Usu\u00e1rio sobre essa obrigatoriedade, indicando quais dados s\u00e3o necess\u00e1rios. Mediante a indica\u00e7\u00e3o e introdu\u00e7\u00e3o dos dados, o Usu\u00e1rio d\u00e1 consentimento inequ\u00edvoco a <strong>Xuventudes Musicais Eixo Atl\u00e1ntico<\/strong> para proceder ao tratamento dos dados fornecidos em prol das finalidades mencionadas.<\/p><p>A falta de fornecimento dos dados pessoais solicitados ou a n\u00e3o aceita\u00e7\u00e3o da presente pol\u00edtica de prote\u00e7\u00e3o de dados implica a impossibilidade de subscrever, registrar ou receber informa\u00e7\u00f5es dos produtos e servi\u00e7os do Prestador.<\/p><p>Em conformidade com o que disp\u00f5em as normas vigentes sobre prote\u00e7\u00e3o de dados pessoais, o Prestador est\u00e1 cumprindo com todas as disposi\u00e7\u00f5es das normas RGPD e LOPD para o tratamento dos dados pessoais sob sua responsabilidade, e manifestamente com os princ\u00edpios descritos no art. 5 do RGPD e no art. 4 da LOPD, pelos quais s\u00e3o tratados de forma l\u00edcita, leal e transparente em rela\u00e7\u00e3o ao interessado e adequados, pertinentes e limitados ao que \u00e9 necess\u00e1rio em rela\u00e7\u00e3o aos fins para os quais s\u00e3o tratados.<\/p><p>O RESPONS\u00c1VEL garante que implementou pol\u00edticas t\u00e9cnicas e organizativas apropriadas para aplicar as medidas de seguran\u00e7a que estabelecem o RGPD e a LOPD para proteger os direitos e liberdades dos Usu\u00e1rios.<\/p><p>De acordo com essas normas, informamos que voc\u00ea tem o direito de solicitar o acesso, retifica\u00e7\u00e3o, portabilidade e elimina\u00e7\u00e3o de seus dados e a limita\u00e7\u00e3o e oposi\u00e7\u00e3o ao seu tratamento dirigindo-se ao endere\u00e7o, e-mail ou contatos indicados no aviso legal deste site, indicando como Assunto: \u201cLOPD, Direitos ARCO\u201d, e anexando fotoc\u00f3pia do seu DNI ou qualquer meio an\u00e1logo em direito, conforme a lei. Voc\u00ea tem o direito de retirar o consentimento dado a qualquer momento. A retirada do consentimento n\u00e3o afetar\u00e1 a licitude do tratamento efetuado antes da retirada do consentimento. Voc\u00ea tamb\u00e9m tem o direito de apresentar uma reclama\u00e7\u00e3o \u00e0 autoridade de controle se considerar que seus direitos em rela\u00e7\u00e3o \u00e0 prote\u00e7\u00e3o de seus dados podem ter sido violados (agpd.es).<\/p><p>\u00a0<\/p><p><strong>CONFIDENCIALIDADE E TRANSFER\u00caNCIA DE DADOS A TERCEIROS<\/strong><\/p><p>Os dados que nos fornecer ser\u00e3o tratados de forma confidencial. O Prestador adotou todas as medidas t\u00e9cnicas e organizativas e todos os n\u00edveis de prote\u00e7\u00e3o necess\u00e1rios para garantir a seguran\u00e7a no tratamento dos dados e evitar sua altera\u00e7\u00e3o, perda, roubo, tratamento ou acesso n\u00e3o autorizado, de acordo com o estado da tecnologia e natureza dos dados armazenados. Da mesma forma, tamb\u00e9m se garante que o tratamento e registro em arquivos, programas, sistemas ou equipamentos, locais e centros cumprem os requisitos e condi\u00e7\u00f5es de integridade e seguran\u00e7a estabelecidos na legisla\u00e7\u00e3o vigente.<\/p><p><strong>Xuventudes Musicais Eixo Atl\u00e1ntico<\/strong> n\u00e3o ceder\u00e1 os dados pessoais a terceiros, exceto por obriga\u00e7\u00e3o legal. No entanto, no caso de serem cedidos a algum terceiro, ser\u00e1 dada informa\u00e7\u00e3o pr\u00e9via solicitando o consentimento expresso para tal cess\u00e3o. A entidade respons\u00e1vel pela base de dados, bem como aqueles que interv\u00eam em qualquer fase do tratamento e\/ou as entidades a quem foram comunicados &#8211; em qualquer caso sempre com a devida autoriza\u00e7\u00e3o concedida pelo usu\u00e1rio -, est\u00e3o obrigados a observar o segredo profissional e a ado\u00e7\u00e3o dos n\u00edveis de prote\u00e7\u00e3o e medidas t\u00e9cnicas e organizativas necess\u00e1rias ao seu alcance para garantir a seguran\u00e7a dos dados pessoais, evitando, dentro do poss\u00edvel, acessos n\u00e3o autorizados, modifica\u00e7\u00f5es il\u00edcitas, subtra\u00e7\u00f5es e\/ou a perda dos dados, com o objetivo de procurar o correspondente n\u00edvel de seguran\u00e7a dos arquivos do Prestador, conforme a natureza e sensibilidade dos dados fornecidos pelos usu\u00e1rios do presente site.<\/p><p>\u00a0<\/p><p><strong>ACEITA\u00c7\u00c3O E CONSENTIMENTO<\/strong><\/p><p>O Usu\u00e1rio declara ter sido informado das condi\u00e7\u00f5es sobre prote\u00e7\u00e3o de dados pessoais, aceitando e consentindo o tratamento automatizado dos mesmos por parte de <strong>Xuventudes Musicais Eixo Atl\u00e1ntico<\/strong> na forma e para as finalidades indicadas na presente Pol\u00edtica de Prote\u00e7\u00e3o de Dados Pessoais.<\/p><p>Atrav\u00e9s desta Pol\u00edtica de Privacidade, informamos que as fotografias que estejam publicadas no site s\u00e3o propriedade de <strong>Xuventudes Musicais Eixo Atl\u00e1ntico<\/strong>, incluindo as de menores, nas quais, para a obten\u00e7\u00e3o destas, foi obtido o consentimento pr\u00e9vio dos pais, tutores ou representantes legais mediante a assinatura dos formul\u00e1rios realizados para o efeito pelos centros nos quais os menores fazem parte. No entanto, os pais, tutores ou representantes dos menores, como titulares do exerc\u00edcio dos direitos destes, e sempre mediante solicita\u00e7\u00e3o formal por escrito, podem indicar a negativa ao uso da imagem do menor; neste caso, a imagem ser\u00e1 mostrada pixelada.<\/p><p>\u00a0<\/p><p><strong>EXATID\u00c3O E VERACIDADE DOS DADOS<\/strong><\/p><p>O usu\u00e1rio \u00e9 o \u00fanico respons\u00e1vel pela veracidade e corre\u00e7\u00e3o dos dados que enviar a <strong>Xuventudes Musicais Eixo Atl\u00e1ntico<\/strong>, exonerando o Prestador de qualquer responsabilidade a esse respeito. Os usu\u00e1rios garantem e respondem, em qualquer caso, pela exatid\u00e3o, vig\u00eancia e autenticidade dos dados pessoais fornecidos, e comprometem-se a mant\u00ea-los devidamente atualizados. O usu\u00e1rio aceita fornecer informa\u00e7\u00f5es completas e corretas no formul\u00e1rio de registro ou subscri\u00e7\u00e3o.<\/p><p>\u00a0<\/p><p><strong>CONTE\u00daDO DO SITE E LINKS<\/strong><\/p><p><strong>Xuventudes Musicais Eixo Atl\u00e1ntico<\/strong> reserva-se o direito de atualizar, modificar ou eliminar as informa\u00e7\u00f5es contidas no site, podendo, inclusive, limitar ou n\u00e3o permitir o acesso \u00e0s informa\u00e7\u00f5es.<\/p><p><strong>Xuventudes Musicais Eixo Atl\u00e1ntico<\/strong> n\u00e3o assume qualquer tipo de responsabilidade pela informa\u00e7\u00e3o contida em sites de terceiros a que se possa acessar por meio de &#8220;links&#8221; ou liga\u00e7\u00f5es a partir de qualquer p\u00e1gina Web de propriedade do Prestador.<\/p><p>A presen\u00e7a de &#8220;links&#8221; ou liga\u00e7\u00f5es tem finalidade exclusivamente informativa e em nenhum caso implica qualquer sugest\u00e3o, convite ou reconhecimento sobre os mesmos.<\/p><p>\u00a0<\/p><p><strong>ENVIO DE CURR\u00cdCULOS<\/strong><\/p><p>No caso de o usu\u00e1rio enviar seu curr\u00edculo atrav\u00e9s do nosso site, informamos que os dados fornecidos ser\u00e3o tratados para inclu\u00ed-lo nos processos de sele\u00e7\u00e3o que possam ocorrer, realizando uma an\u00e1lise do perfil do candidato com o objetivo de selecionar o melhor candidato para a vaga do respons\u00e1vel. Informamos que este \u00e9 o \u00fanico procedimento oficial para aceitar seu curr\u00edculo, de modo que curr\u00edculos enviados por outros procedimentos n\u00e3o ser\u00e3o aceitos. Caso ocorra alguma modifica\u00e7\u00e3o nos dados, solicitamos que nos informe por escrito o mais r\u00e1pido poss\u00edvel, a fim de manter seus dados devidamente atualizados.<\/p><p>Os dados ser\u00e3o mantidos por um prazo m\u00e1ximo de um ano, ap\u00f3s o qual ser\u00e3o eliminados, garantindo total respeito \u00e0 confidencialidade tanto no tratamento quanto em sua posterior destrui\u00e7\u00e3o. Nesse sentido, ap\u00f3s o referido prazo, e se desejar continuar participando nos processos de sele\u00e7\u00e3o do Respons\u00e1vel, solicitamos que nos envie novamente seu curr\u00edculo.<\/p><p>Os dados poder\u00e3o ser tratados e\/ou comunicados \u00e0s empresas integrantes do nosso grupo durante o per\u00edodo de conserva\u00e7\u00e3o do seu curr\u00edculo e para os mesmos fins informados anteriormente.<\/p><p>\u00a0<\/p><p><strong>INSCRI\u00c7\u00c3O NO BLOG DE Xuventudes Musicais Eixo Atl\u00e1ntico<\/strong><\/p><p>No caso de o usu\u00e1rio se inscrever no blog, informamos que os dados fornecidos ser\u00e3o tratados para gerenciar sua inscri\u00e7\u00e3o no blog informativo com aviso de atualiza\u00e7\u00e3o e que ser\u00e3o mantidos enquanto houver interesse m\u00fatuo em manter o objetivo do tratamento. Quando n\u00e3o for mais necess\u00e1rio para tal fim, ser\u00e3o eliminados com medidas de seguran\u00e7a adequadas para garantir a pseudonimiza\u00e7\u00e3o dos dados ou destrui\u00e7\u00e3o total dos mesmos. Os dados n\u00e3o ser\u00e3o comunicados a terceiros, exceto por obriga\u00e7\u00e3o legal.<\/p><p>\u00a0<\/p><p><strong>PARTICIPA\u00c7\u00c3O EM F\u00d3RUNS<\/strong><\/p><p>No caso de o usu\u00e1rio querer participar nos f\u00f3runs do site, informamos que os dados fornecidos ser\u00e3o tratados para regular a participa\u00e7\u00e3o nos mesmos. Qualquer registro ou transmiss\u00e3o de dados pessoais que o usu\u00e1rio deste f\u00f3rum fornecer implica o conhecimento e aceita\u00e7\u00e3o inequ\u00edvoca do Aviso Legal e da Pol\u00edtica de Privacidade expostos no site. Os dados ser\u00e3o mantidos enquanto houver interesse m\u00fatuo em manter o objetivo do tratamento e quando n\u00e3o for mais necess\u00e1rio para tal fim, ser\u00e3o eliminados com medidas de seguran\u00e7a adequadas para garantir a pseudonimiza\u00e7\u00e3o dos dados ou destrui\u00e7\u00e3o total dos mesmos. As publica\u00e7\u00f5es ser\u00e3o exibidas publicamente aos usu\u00e1rios do f\u00f3rum online.<\/p><p>\u00a0<\/p><p><strong>PUBLICA\u00c7\u00c3O DO SEU TESTEMUNHO<\/strong><\/p><p>No caso de o usu\u00e1rio querer publicar sua opini\u00e3o no site, informamos que os dados fornecidos ser\u00e3o tratados para atender \u00e0s sugest\u00f5es propostas, experi\u00eancias ou opini\u00f5es sobre os produtos e\/ou servi\u00e7os para serem publicadas no site e assim ajudar outros usu\u00e1rios. Os dados ser\u00e3o mantidos enquanto houver interesse m\u00fatuo em manter o objetivo do tratamento e quando n\u00e3o for mais necess\u00e1rio para tal fim, ser\u00e3o eliminados com medidas de seguran\u00e7a adequadas para garantir a pseudonimiza\u00e7\u00e3o dos dados ou destrui\u00e7\u00e3o total dos mesmos. Os testemunhos ser\u00e3o publicados no nosso site. O \u00fanico dado pessoal que ser\u00e1 publicado do testemunho ser\u00e1 o seu nome.<\/p><p>\u00a0<\/p><p><strong>ALTERA\u00c7\u00d5ES NA PRESENTE POL\u00cdTICA DE PRIVACIDADE<\/strong><\/p><p><strong>Xuventudes Musicais Eixo Atl\u00e1ntico<\/strong> reserva-se o direito de modificar esta pol\u00edtica para adapt\u00e1-la a novidades legislativas ou jurisprudenciais.<\/p><p>\u00a0<\/p><p><strong>EMAILS COMERCIAIS<\/strong><\/p><p>De acordo com a LSSICE, <strong>Xuventudes Musicais Eixo Atl\u00e1ntico<\/strong> n\u00e3o realiza pr\u00e1ticas de SPAM, portanto, n\u00e3o envia emails comerciais que n\u00e3o tenham sido previamente solicitados ou autorizados pelo Usu\u00e1rio. Consequentemente, em cada um dos formul\u00e1rios do site, o Usu\u00e1rio tem a possibilidade de dar seu consentimento expresso para receber nosso Boletim, independentemente da informa\u00e7\u00e3o comercial solicitada pontualmente.<\/p><p>\u00a0<\/p><p><strong>LEGISLA\u00c7\u00c3O<\/strong><\/p><p>Para todos os efeitos, as rela\u00e7\u00f5es entre <strong>Xuventudes Musicais Eixo Atl\u00e1ntico<\/strong> e os Usu\u00e1rios de seus servi\u00e7os telem\u00e1ticos, presentes neste site, est\u00e3o submetidas \u00e0 legisla\u00e7\u00e3o e jurisdi\u00e7\u00e3o espanhola, \u00e0 qual se submetem expressamente as partes, sendo competentes para a resolu\u00e7\u00e3o de todos os conflitos derivados ou relacionados com seu uso os Tribunais e Juzgados da Espanha.<\/p>\t\t\t\t\t\t\t\t<\/div>\n\t\t\t\t<\/div>\n\t\t\t\t\t<\/div>\n\t\t<\/div>\n\t\t\t\t\t<\/div>\n\t\t<\/section>\n\t\t\t\t<\/div>\n\t\t","protected":false},"excerpt":{"rendered":"<p>Pol\u00edtica de Privacidade Em cumprimento do Cap\u00edtulo II da Lei 34\/2002, LSSICE, informamos que o presente site \u00e9 propriedade de Xuventudes Musicais Eixo Atl\u00e1ntico, doravante tamb\u00e9m<span class=\"excerpt-hellip\"> [\u2026]<\/span><\/p>\n","protected":false},"author":14,"featured_media":0,"parent":0,"menu_order":0,"comment_status":"closed","ping_status":"closed","template":"elementor_header_footer","meta":{"footnotes":""},"class_list":["post-1617","page","type-page","status-publish","hentry"],"yoast_head":"<!-- This site is optimized with the Yoast SEO plugin v27.3 - https:\/\/yoast.com\/product\/yoast-seo-wordpress\/ -->\n<title>Pol\u00edtica de Privacidade - IKFEM<\/title>\n<meta name=\"robots\" content=\"index, follow, max-snippet:-1, max-image-preview:large, max-video-preview:-1\" \/>\n<link rel=\"canonical\" href=\"https:\/\/ikfem.com\/politica-de-privacidad\/\" \/>\n<meta property=\"og:locale\" content=\"pt_PT\" \/>\n<meta property=\"og:type\" content=\"article\" \/>\n<meta property=\"og:title\" content=\"Pol\u00edtica de Privacidade - IKFEM\" \/>\n<meta property=\"og:description\" content=\"Pol\u00edtica de Privacidade Em cumprimento do Cap\u00edtulo II da Lei 34\/2002, LSSICE, informamos que o presente site \u00e9 propriedade de Xuventudes Musicais Eixo Atl\u00e1ntico, doravante tamb\u00e9m [\u2026]\" \/>\n<meta property=\"og:url\" content=\"https:\/\/ikfem.com\/politica-de-privacidad\/\" \/>\n<meta property=\"og:site_name\" content=\"IKFEM\" \/>\n<meta property=\"article:publisher\" content=\"https:\/\/www.facebook.com\/IKFEM\" \/>\n<meta property=\"article:modified_time\" content=\"2024-06-07T08:55:44+00:00\" \/>\n<meta name=\"twitter:card\" content=\"summary_large_image\" \/>\n<meta name=\"twitter:label1\" content=\"Tempo estimado de leitura\" \/>\n\t<meta name=\"twitter:data1\" content=\"10 minutos\" \/>\n<script type=\"application\/ld+json\" class=\"yoast-schema-graph\">{\"@context\":\"https:\\\/\\\/schema.org\",\"@graph\":[{\"@type\":\"WebPage\",\"@id\":\"https:\\\/\\\/ikfem.com\\\/politica-de-privacidad\\\/\",\"url\":\"https:\\\/\\\/ikfem.com\\\/politica-de-privacidad\\\/\",\"name\":\"Pol\u00edtica de Privacidade - IKFEM\",\"isPartOf\":{\"@id\":\"https:\\\/\\\/ikfem.com\\\/#website\"},\"datePublished\":\"2024-05-30T08:29:59+00:00\",\"dateModified\":\"2024-06-07T08:55:44+00:00\",\"breadcrumb\":{\"@id\":\"https:\\\/\\\/ikfem.com\\\/politica-de-privacidad\\\/#breadcrumb\"},\"inLanguage\":\"pt-PT\",\"potentialAction\":[{\"@type\":\"ReadAction\",\"target\":[\"https:\\\/\\\/ikfem.com\\\/politica-de-privacidad\\\/\"]}]},{\"@type\":\"BreadcrumbList\",\"@id\":\"https:\\\/\\\/ikfem.com\\\/politica-de-privacidad\\\/#breadcrumb\",\"itemListElement\":[{\"@type\":\"ListItem\",\"position\":1,\"name\":\"Home\",\"item\":\"https:\\\/\\\/ikfem.com\\\/pt-pt\\\/\"},{\"@type\":\"ListItem\",\"position\":2,\"name\":\"Pol\u00edtica de Privacidade\"}]},{\"@type\":\"WebSite\",\"@id\":\"https:\\\/\\\/ikfem.com\\\/#website\",\"url\":\"https:\\\/\\\/ikfem.com\\\/\",\"name\":\"IKFEM Festival Tui - Valen\u00e7a\",\"description\":\"IKFEM Festival Tui-Valen\u00e7a\",\"publisher\":{\"@id\":\"https:\\\/\\\/ikfem.com\\\/#organization\"},\"alternateName\":\"El \u00fanico puente musical de Europa\",\"potentialAction\":[{\"@type\":\"SearchAction\",\"target\":{\"@type\":\"EntryPoint\",\"urlTemplate\":\"https:\\\/\\\/ikfem.com\\\/?s={search_term_string}\"},\"query-input\":{\"@type\":\"PropertyValueSpecification\",\"valueRequired\":true,\"valueName\":\"search_term_string\"}}],\"inLanguage\":\"pt-PT\"},{\"@type\":\"Organization\",\"@id\":\"https:\\\/\\\/ikfem.com\\\/#organization\",\"name\":\"IKFEM Festival Tui - Valen\u00e7a\",\"url\":\"https:\\\/\\\/ikfem.com\\\/\",\"logo\":{\"@type\":\"ImageObject\",\"inLanguage\":\"pt-PT\",\"@id\":\"https:\\\/\\\/ikfem.com\\\/#\\\/schema\\\/logo\\\/image\\\/\",\"url\":\"https:\\\/\\\/ikfem.com\\\/wp-content\\\/uploads\\\/2024\\\/06\\\/logoIKFEM.png\",\"contentUrl\":\"https:\\\/\\\/ikfem.com\\\/wp-content\\\/uploads\\\/2024\\\/06\\\/logoIKFEM.png\",\"width\":500,\"height\":150,\"caption\":\"IKFEM Festival Tui - Valen\u00e7a\"},\"image\":{\"@id\":\"https:\\\/\\\/ikfem.com\\\/#\\\/schema\\\/logo\\\/image\\\/\"},\"sameAs\":[\"https:\\\/\\\/www.facebook.com\\\/IKFEM\",\"https:\\\/\\\/www.instagram.com\\\/ikfem_festival\\\/\"]}]}<\/script>\n<!-- \/ Yoast SEO plugin. -->","yoast_head_json":{"title":"Pol\u00edtica de Privacidade - IKFEM","robots":{"index":"index","follow":"follow","max-snippet":"max-snippet:-1","max-image-preview":"max-image-preview:large","max-video-preview":"max-video-preview:-1"},"canonical":"https:\/\/ikfem.com\/politica-de-privacidad\/","og_locale":"pt_PT","og_type":"article","og_title":"Pol\u00edtica de Privacidade - IKFEM","og_description":"Pol\u00edtica de Privacidade Em cumprimento do Cap\u00edtulo II da Lei 34\/2002, LSSICE, informamos que o presente site \u00e9 propriedade de Xuventudes Musicais Eixo Atl\u00e1ntico, doravante tamb\u00e9m [\u2026]","og_url":"https:\/\/ikfem.com\/politica-de-privacidad\/","og_site_name":"IKFEM","article_publisher":"https:\/\/www.facebook.com\/IKFEM","article_modified_time":"2024-06-07T08:55:44+00:00","twitter_card":"summary_large_image","twitter_misc":{"Tempo estimado de leitura":"10 minutos"},"schema":{"@context":"https:\/\/schema.org","@graph":[{"@type":"WebPage","@id":"https:\/\/ikfem.com\/politica-de-privacidad\/","url":"https:\/\/ikfem.com\/politica-de-privacidad\/","name":"Pol\u00edtica de Privacidade - IKFEM","isPartOf":{"@id":"https:\/\/ikfem.com\/#website"},"datePublished":"2024-05-30T08:29:59+00:00","dateModified":"2024-06-07T08:55:44+00:00","breadcrumb":{"@id":"https:\/\/ikfem.com\/politica-de-privacidad\/#breadcrumb"},"inLanguage":"pt-PT","potentialAction":[{"@type":"ReadAction","target":["https:\/\/ikfem.com\/politica-de-privacidad\/"]}]},{"@type":"BreadcrumbList","@id":"https:\/\/ikfem.com\/politica-de-privacidad\/#breadcrumb","itemListElement":[{"@type":"ListItem","position":1,"name":"Home","item":"https:\/\/ikfem.com\/pt-pt\/"},{"@type":"ListItem","position":2,"name":"Pol\u00edtica de Privacidade"}]},{"@type":"WebSite","@id":"https:\/\/ikfem.com\/#website","url":"https:\/\/ikfem.com\/","name":"IKFEM Festival Tui - Valen\u00e7a","description":"IKFEM Festival Tui-Valen\u00e7a","publisher":{"@id":"https:\/\/ikfem.com\/#organization"},"alternateName":"El \u00fanico puente musical de Europa","potentialAction":[{"@type":"SearchAction","target":{"@type":"EntryPoint","urlTemplate":"https:\/\/ikfem.com\/?s={search_term_string}"},"query-input":{"@type":"PropertyValueSpecification","valueRequired":true,"valueName":"search_term_string"}}],"inLanguage":"pt-PT"},{"@type":"Organization","@id":"https:\/\/ikfem.com\/#organization","name":"IKFEM Festival Tui - Valen\u00e7a","url":"https:\/\/ikfem.com\/","logo":{"@type":"ImageObject","inLanguage":"pt-PT","@id":"https:\/\/ikfem.com\/#\/schema\/logo\/image\/","url":"https:\/\/ikfem.com\/wp-content\/uploads\/2024\/06\/logoIKFEM.png","contentUrl":"https:\/\/ikfem.com\/wp-content\/uploads\/2024\/06\/logoIKFEM.png","width":500,"height":150,"caption":"IKFEM Festival Tui - Valen\u00e7a"},"image":{"@id":"https:\/\/ikfem.com\/#\/schema\/logo\/image\/"},"sameAs":["https:\/\/www.facebook.com\/IKFEM","https:\/\/www.instagram.com\/ikfem_festival\/"]}]}},"_links":{"self":[{"href":"https:\/\/ikfem.com\/pt-pt\/wp-json\/wp\/v2\/pages\/1617","targetHints":{"allow":["GET"]}}],"collection":[{"href":"https:\/\/ikfem.com\/pt-pt\/wp-json\/wp\/v2\/pages"}],"about":[{"href":"https:\/\/ikfem.com\/pt-pt\/wp-json\/wp\/v2\/types\/page"}],"author":[{"embeddable":true,"href":"https:\/\/ikfem.com\/pt-pt\/wp-json\/wp\/v2\/users\/14"}],"replies":[{"embeddable":true,"href":"https:\/\/ikfem.com\/pt-pt\/wp-json\/wp\/v2\/comments?post=1617"}],"version-history":[{"count":4,"href":"https:\/\/ikfem.com\/pt-pt\/wp-json\/wp\/v2\/pages\/1617\/revisions"}],"predecessor-version":[{"id":1622,"href":"https:\/\/ikfem.com\/pt-pt\/wp-json\/wp\/v2\/pages\/1617\/revisions\/1622"}],"wp:attachment":[{"href":"https:\/\/ikfem.com\/pt-pt\/wp-json\/wp\/v2\/media?parent=1617"}],"curies":[{"name":"wp","href":"https:\/\/api.w.org\/{rel}","templated":true}]}}