{"id":1729,"date":"2024-05-30T10:29:59","date_gmt":"2024-05-30T08:29:59","guid":{"rendered":"https:\/\/ikfem.com\/politica-de-privacidad\/"},"modified":"2024-06-10T14:46:57","modified_gmt":"2024-06-10T12:46:57","slug":"politica-de-privacidad","status":"publish","type":"page","link":"https:\/\/ikfem.com\/gl\/politica-de-privacidad\/","title":{"rendered":"Pol\u00edtica de Privacidad"},"content":{"rendered":"\t\t<div data-elementor-type=\"wp-page\" data-elementor-id=\"1729\" class=\"elementor elementor-1729 elementor-1321\" data-elementor-post-type=\"page\">\n\t\t\t\t\t\t<section class=\"elementor-section elementor-top-section elementor-element elementor-element-e06d848 elementor-section-stretched elementor-section-boxed elementor-section-height-default elementor-section-height-default\" data-id=\"e06d848\" data-element_type=\"section\" data-e-type=\"section\" data-settings=\"{&quot;stretch_section&quot;:&quot;section-stretched&quot;,&quot;background_background&quot;:&quot;classic&quot;}\">\n\t\t\t\t\t\t<div class=\"elementor-container elementor-column-gap-wider\">\n\t\t\t\t\t<div class=\"elementor-column elementor-col-100 elementor-top-column elementor-element elementor-element-726e331\" data-id=\"726e331\" data-element_type=\"column\" data-e-type=\"column\">\n\t\t\t<div class=\"elementor-widget-wrap elementor-element-populated\">\n\t\t\t\t\t\t<section class=\"elementor-section elementor-inner-section elementor-element elementor-element-f8564cd elementor-section-boxed elementor-section-height-default elementor-section-height-default\" data-id=\"f8564cd\" data-element_type=\"section\" data-e-type=\"section\">\n\t\t\t\t\t\t<div class=\"elementor-container elementor-column-gap-default\">\n\t\t\t\t\t<div class=\"elementor-column elementor-col-16 elementor-inner-column elementor-element elementor-element-632a83d\" data-id=\"632a83d\" data-element_type=\"column\" data-e-type=\"column\">\n\t\t\t<div class=\"elementor-widget-wrap\">\n\t\t\t\t\t\t\t<\/div>\n\t\t<\/div>\n\t\t\t\t<div class=\"elementor-column elementor-col-66 elementor-inner-column elementor-element elementor-element-47f131b\" data-id=\"47f131b\" data-element_type=\"column\" data-e-type=\"column\">\n\t\t\t<div class=\"elementor-widget-wrap elementor-element-populated\">\n\t\t\t\t\t\t<div class=\"elementor-element elementor-element-c3a049c elementor-widget__width-auto elementor-widget elementor-widget-icon-box\" data-id=\"c3a049c\" data-element_type=\"widget\" data-e-type=\"widget\" data-widget_type=\"icon-box.default\">\n\t\t\t\t<div class=\"elementor-widget-container\">\n\t\t\t\t\t\t\t<div class=\"elementor-icon-box-wrapper\">\n\n\t\t\t\n\t\t\t\t\t\t<div class=\"elementor-icon-box-content\">\n\n\t\t\t\t\t\t\t\t\t<h5 class=\"elementor-icon-box-title\">\n\t\t\t\t\t\t<span  >\n\t\t\t\t\t\t\tPol\u00edtica de Privacidad\t\t\t\t\t\t<\/span>\n\t\t\t\t\t<\/h5>\n\t\t\t\t\n\t\t\t\t\n\t\t\t<\/div>\n\t\t\t\n\t\t<\/div>\n\t\t\t\t\t\t<\/div>\n\t\t\t\t<\/div>\n\t\t\t\t\t<\/div>\n\t\t<\/div>\n\t\t\t\t<div class=\"elementor-column elementor-col-16 elementor-inner-column elementor-element elementor-element-6457943\" data-id=\"6457943\" data-element_type=\"column\" data-e-type=\"column\">\n\t\t\t<div class=\"elementor-widget-wrap\">\n\t\t\t\t\t\t\t<\/div>\n\t\t<\/div>\n\t\t\t\t\t<\/div>\n\t\t<\/section>\n\t\t\t\t\t<\/div>\n\t\t<\/div>\n\t\t\t\t\t<\/div>\n\t\t<\/section>\n\t\t\t\t<section class=\"elementor-section elementor-top-section elementor-element elementor-element-f28a7a5 elementor-section-boxed elementor-section-height-default elementor-section-height-default\" data-id=\"f28a7a5\" data-element_type=\"section\" data-e-type=\"section\">\n\t\t\t\t\t\t<div class=\"elementor-container elementor-column-gap-default\">\n\t\t\t\t\t<div class=\"elementor-column elementor-col-100 elementor-top-column elementor-element elementor-element-847e862\" data-id=\"847e862\" data-element_type=\"column\" data-e-type=\"column\">\n\t\t\t<div class=\"elementor-widget-wrap elementor-element-populated\">\n\t\t\t\t\t\t<div class=\"elementor-element elementor-element-72fdc55 elementor-widget elementor-widget-text-editor\" data-id=\"72fdc55\" data-element_type=\"widget\" data-e-type=\"widget\" data-widget_type=\"text-editor.default\">\n\t\t\t\t<div class=\"elementor-widget-container\">\n\t\t\t\t\t\t\t\t\t<p>En cumprimento do Cap\u00edtulo II da lei 34\/2002, LSSICE, inform\u00e1moslle que a presente p\u00e1xina web \u00e9 propiedade de <strong>Xuventudes Musicais Eixo Atl\u00e1ntico<\/strong>, de agora en adiante tam\u00e9n o Prestador, domiciliada na R\u00faa San Miguel, n\u00ba17, 36715, CIF g94076437, tel\u00e9fono de contacto: 625627498, e correo electr\u00f3nico: <a rel=\"noreferrer\">director@ikfem.com<\/a>.<\/p><p><strong>Xuventudes Musicais Eixo Atl\u00e1ntico,<\/strong> como responsable do presente sitio web e en conformidade co disposto na normativa vixente en materia de protecci\u00f3n de datos persoais, o Regulamento (UE) 2016\/679 de 27 de abril de 2016 (RGPD) relativo \u00e1 protecci\u00f3n das persoas f\u00edsicas en canto ao tratamento de datos persoais e \u00e1 libre circulaci\u00f3n destes datos, a Lei Org\u00e1nica 15\/1999, de 13 de decembro, de Protecci\u00f3n de Datos de Car\u00e1cter Persoal (LOPD) e pola Lei 34\/2002, de 11 de xullo, de Servizos da Sociedade da Informaci\u00f3n e do Comercio Electr\u00f3nico (LSSICE), ten implementadas todas as medidas de seguridade, de \u00edndole t\u00e9cnica e organizativas, establecidas no Real decreto 1720\/2007 de 21 de decembro, (que desenvolve a LOPD) para garantir e protexer a confidencialidade, integridade e dispo\u00f1ibilidade dos datos introducidos.<\/p><p>A efectos do que prev\u00e9 a LOPD, <strong>Xuventudes Musicais Eixo Atl\u00e1ntico<\/strong> inf\u00f3rmalle de que os datos que voluntariamente nos est\u00e1 a facilitar ser\u00e1n incorporados aos nosos sistemas de informaci\u00f3n co fin de realizar as xesti\u00f3ns comerciais e administrativas necesarias cos usuarios da web; As operaci\u00f3ns previstas para realizar os tratamentos son as seguintes: responder \u00e1s consultas e\/ou proporcionar informaci\u00f3ns requiridas polo Usuario; realizar as prestaci\u00f3ns de servizos e\/ou produtos contratados ou subscritos polo Usuario; realizar todas aquelas actividades propias de Xuventudes Musicais Eixo Atl\u00e1ntico polo presente aviso legal rese\u00f1adas e remitir o bolet\u00edn de noticias da p\u00e1xina web.<\/p><p>O asinante garante a veracidade dos datos achegados e comprom\u00e9tese a comunicar calquera cambio que se produza nos mesmos.<\/p><p>O Prestador, mediante asterisco (*) nas casi\u00f1as correspondentes do formulario de contacto, inf\u00f3rmalle desta obrigatoriedade ao Usuario, indicando que datos son necesarios. Mediante a indicaci\u00f3n e introduci\u00f3n dos datos, o Usuario outorga o consentimento inequ\u00edvoco a <strong>Xuventudes Musicais Eixo Atl\u00e1ntico<\/strong>, para que proceda ao tratamento dos datos facilitados en pro das finalidades mencionadas.<\/p><p>O non facilitar os datos persoais solicitados ou o non aceptar a presente pol\u00edtica de protecci\u00f3n de datos sup\u00f3n a imposibilidade de subscribirse, rexistrarse ou recibir informaci\u00f3n dos produtos e servizos do Prestador.<\/p><p>En conformidade co disposto nas normativas vixentes en protecci\u00f3n de datos persoais, o Prestador est\u00e1 a cumprir con todas as disposici\u00f3ns das normativas RGPD e LOPD para o tratamento dos datos persoais da s\u00faa responsabilidade, e manifestamente cos principios descritos no art. 5 do RGPD e no art. 4 da LOPD, polos cales son tratados de maneira l\u00edcita, leal e transparente en relaci\u00f3n co interesado e adecuadas, pertinentes e limitados ao que \u00e9 necesario en relaci\u00f3n cos fins para os cales son tratados.<\/p><p>O RESPONSABLE garante que implementou pol\u00edticas t\u00e9cnicas e organizativas apropiadas para aplicar as medidas de seguridade que establecen o RGPD e a LOPD para protexer os dereitos e liberdades dos Usuarios.<\/p><p>De acordo con estas normativas, pois, inform\u00e1molo de que ten dereito a solicitar o acceso, rectificaci\u00f3n, portabilidade e supresi\u00f3n dos seus datos e a limitaci\u00f3n e oposici\u00f3n ao seu tratamento dirix\u00edndose ao enderezo, correo electr\u00f3nico ou contactos indicados no aviso legal deste sitio web, indicando como Asunto: \u201cLOPD, Dereitos ARCO\u201d, e achegando fotocopia do seu DNI ou calquera medio an\u00e1logo en dereito, tal e como indica a lei. Ten dereito a retirar o consentimento prestado en calquera momento. A retirada do consentimento non afectar\u00e1 \u00e1 licitude do tratamento efectuado antes da retirada do consentimento. Tam\u00e9n ten dereito a presentar unha reclamaci\u00f3n ante a autoridade de control se considera que poden terse visto vulnerados os seus dereitos en relaci\u00f3n \u00e1 protecci\u00f3n dos seus datos (agpd.es).<\/p><p>\u00a0<\/p><p><strong>CONFIDENCIALIDADE E CESI\u00d3N DE DATOS A TERCEIROS<\/strong><\/p><p>Os datos que nos facilite trataranse de forma confidencial. O Prestador adoptou todas as medidas t\u00e9cnicas e organizativas e todos os niveis de protecci\u00f3n necesarios para garantir a seguridade no tratamento dos datos e evitar a s\u00faa alteraci\u00f3n, perda, roubo, tratamento ou acceso non autorizado, de acordo o estado da tecnolox\u00eda e natureza dos datos almacenados. As\u00ed mesmo, gar\u00e1ntese tam\u00e9n que o tratamento e rexistro en ficheiros, programas, sistemas ou equipos, locais e centros cumpren cos requisitos e condici\u00f3ns de integridade e seguridade establecidas na normativa vixente.<\/p><p><strong>Xuventudes Musicais Eixo Atl\u00e1ntico<\/strong>, non ceder\u00e1 os datos persoais a terceiros, excepto por obriga legal. Con todo, no caso de ser cedidos a alg\u00fan terceiro producir\u00edase unha informaci\u00f3n previa solicitando o consentimento expreso para tal cesi\u00f3n. A entidade responsable da base de datos, as\u00ed como os que interve\u00f1an en calquera fase do tratamento e\/ou as entidades a quen se lles comunicase -en todo caso sempre coa correspondente autorizaci\u00f3n outorgada polo usuario-, est\u00e1n obrigadas a observar o segredo profesional e \u00e1 adopci\u00f3n dos niveis de protecci\u00f3n e as medidas t\u00e9cnicas e organizativas necesarias ao seu alcance para garantir a seguridade dos datos de car\u00e1cter persoal, evitando, dentro do posible, accesos non autorizados, modificaci\u00f3ns il\u00edcitas, substracci\u00f3ns e\/ou a perda dos datos, co obxecto de procurar o correspondente nivel de seguridade dos ficheiros do Prestador, segundo a natureza e sensibilidade dos datos facilitados polos usuarios do presente sitio web.<\/p><p>\u00a0<\/p><p><strong>ACEPTACI\u00d3N E CONSENTIMENTO<\/strong><\/p><p>O Usuario declara ter sido informado das condici\u00f3ns sobre protecci\u00f3n de datos de car\u00e1cter persoal, aceptando e consentindo o tratamento automatizado dos mesmos por parte de <strong>Xuventudes Musicais Eixo Atl\u00e1ntico<\/strong> na forma e para as finalidades indicadas na presente Pol\u00edtica de Protecci\u00f3n de Datos Persoais.<\/p><p>A trav\u00e9s desta Pol\u00edtica de Privacidade inform\u00e1moslle que as fotograf\u00edas que estean colgadas na web son propiedade de <strong>Xuventudes Musicais Eixo Atl\u00e1ntico<\/strong> inclu\u00edndo as dos menores, nas que, para a obtenci\u00f3n destas, obt\u00edvose o consentimento previo dos pais, titores ou representantes legais mediante a sinatura dos formularios realizados ao efecto polos centros nos cales os menores forman parte. Con todo, os pais, titores ou representantes dos menores, como titulares do exercicio dos dereitos destes, e sempre previo requirimento formal por escrito, poden indicar a negativa ao uso da imaxe do menor; neste caso, a imaxe mostrarase pixelada.<\/p><p>\u00a0<\/p><p><strong>EXACTITUDE E VERACIDADE DOS DATOS<\/strong><\/p><p>O usuario \u00e9 o \u00fanico responsable da veracidade e correcci\u00f3n dos datos que remita a <strong>Xuventudes Musicais Eixo Atl\u00e1ntico<\/strong>, exonerando ao Prestador de calquera responsabilidade ao respecto. Os usuarios garanten e responden, en calquera caso, da exactitude, vixencia e autenticidade dos datos persoais facilitados, e comprom\u00e9tense a mantelos debidamente actualizados. O usuario acepta proporcionar informaci\u00f3n completa e correcta no formulario de rexistro ou subscrici\u00f3n.<\/p><p>\u00a0<\/p><p><strong>CONTIDO DA WEB E LIGAZ\u00d3NS (LINKS)<\/strong><\/p><p><strong>Xuventudes Musicais Eixo Atl\u00e1ntico<\/strong> res\u00e9rvase o dereito a actualizar, modificar ou eliminar a informaci\u00f3n contida na web, podendo, mesmo, limitar ou non permitir o acceso \u00e1 informaci\u00f3n.<\/p><p><strong>Xuventudes Musicais Eixo Atl\u00e1ntico<\/strong> non asume ning\u00fan tipo de responsabilidade pola informaci\u00f3n contida nas webs de terceiros \u00e1s que se poida acceder polos &#8220;links&#8221; ou ligaz\u00f3ns desde calquera p\u00e1xina web propiedade do Prestador.<\/p><p>A presenza de &#8220;links&#8221; ou ligaz\u00f3ns s\u00f3 ten finalidade informativa e en ning\u00fan caso sup\u00f3n ningunha suxesti\u00f3n, invitaci\u00f3n ou reco\u00f1ecemento sobre os mesmos.<\/p><p>\u00a0<\/p><p><strong>ENV\u00cdO CV<\/strong><\/p><p>No suposto de que o usuario env\u00ede o seu CV a trav\u00e9s da nosa web, inform\u00e1molo de que os datos achegados ser\u00e1n tratados para facelo part\u00edcipe dos procesos de selecci\u00f3n que poida haber, levando a cabo unha an\u00e1lise do perfil do solicitante co obxectivo de seleccionar o mellor candidato para o lugar vacante do responsable. Inform\u00e1molo de que este \u00e9 o \u00fanico procedemento oficial para aceptar o seu curr\u00edculo, de forma que non se aceptar\u00e1n os curr\u00edculos remitidos por outro procedemento diferente. No caso de producirse algunha modificaci\u00f3n nos datos, rog\u00e1moslle nolo comunique por escrito o m\u00e1is axi\u00f1a posible, co obxecto de manter os seus datos debidamente actualizados.<\/p><p>Os datos conservaranse durante un prazo m\u00e1ximo dun ano, transcorrido o cal proceder\u00e1se \u00e1 supresi\u00f3n dos datos garant\u00edndolle un total respecto \u00e1 confidencialidade tanto no tratamento como na s\u00faa posterior destruci\u00f3n. Neste sentido, transcorrido o mencionado prazo, e se desexa continuar participando nos procesos de selecci\u00f3n do Responsable, rog\u00e1moslle nos remita novamente o seu curr\u00edculo.<\/p><p>Os datos poderanse tratar e\/ou comunicar \u00e1s empresas integrantes do noso grupo durante o tempo de conservaci\u00f3n do seu curr\u00edculo e para os mesmos fins antes informados.<\/p><p>\u00a0<\/p><p><strong>SUBSCRICI\u00d3N AO BLOG DE Xuventudes Musicais Eixo Atl\u00e1ntico<\/strong><\/p><p>No suposto de que o usuario se subscriba ao blog, inform\u00e1molo de que os datos achegados ser\u00e1n tratados para xestionar a s\u00faa subscrici\u00f3n ao blog informativo con aviso de actualizaci\u00f3n e que se conservar\u00e1n mentres haxa un interese mutuo para manter o fin do tratamento. Cando xa non sexa necesario para tal fin, suprimir\u00e1nse con medidas de seguridade adecuadas para garantir a seudonimizaci\u00f3n dos datos ou destruci\u00f3n total dos mesmos. Non se comunicar\u00e1n os datos a terceiros, excepto obriga legal.<\/p><p>\u00a0<\/p><p><strong>PARTICIPACI\u00d3N EN FOROS<\/strong><\/p><p>No suposto de que o usuario queira participar nos foros da web, inform\u00e1molo de que os datos achegados ser\u00e1n tratados para regular a participaci\u00f3n no mesmo. Calquera rexistro ou transmisi\u00f3n de datos persoais que o usuario deste foro facilite sup\u00f3n o co\u00f1ecemento e aceptaci\u00f3n inequ\u00edvoca do Aviso Legal e a Pol\u00edtica de Privacidade expostos na p\u00e1xina web. Os datos conservaranse mentres haxa un interese mutuo para manter o fin do tratamento e cando xa non sexa necesario para tal fin, suprimir\u00e1nse con medidas de seguridade adecuadas para garantir a seudonimizaci\u00f3n dos datos ou destruci\u00f3n total dos mesmos. As publicaci\u00f3ns mostraranse publicamente aos usuarios do foro online.<\/p><p>\u00a0<\/p><p><strong>PUBLICACI\u00d3N DO SEU TESTEMU\u00d1O<\/strong><\/p><p>No suposto de que o usuario queira publicar a s\u00faa opini\u00f3n na web, inform\u00e1molo de que os datos achegados ser\u00e1n tratados para atender as suxesti\u00f3ns propostas, experiencias ou opini\u00f3ns respecto dos produtos e\/ou servizos para ser publicadas na p\u00e1xina web e as\u00ed poder axudar a outros usuarios. Os datos conservaranse mentres haxa un interese mutuo para manter o fin do tratamento e cando xa non sexa necesario para tal fin, suprimir\u00e1nse con medidas de seguridade adecuadas para garantir a seudonimizaci\u00f3n dos datos ou destruci\u00f3n total dos mesmos. Os testemu\u00f1os publicaranse na nosa p\u00e1xina web. O \u00fanico dato persoal que se publicar\u00e1 do testemu\u00f1o ser\u00e1 o seu nome.<\/p><p>\u00a0<\/p><p><strong>CAMBIOS NA PRESENTE POL\u00cdTICA DE PRIVACIDADE<\/strong><\/p><p><strong>Xuventudes Musicais Eixo Atl\u00e1ntico<\/strong> res\u00e9rvase o dereito a modificar a presente pol\u00edtica para adaptala a novidades lexislativas ou xurisprudenciais.<\/p><p>\u00a0<\/p><p><strong>CORREOS COMERCIAIS<\/strong><\/p><p>De acordo coa LSSICE, <strong>Xuventudes Musicais Eixo Atl\u00e1ntico<\/strong>, non realiza pr\u00e1cticas de SPAM, polo tanto, non env\u00eda correos comerciais por correo electr\u00f3nico que non fosen previamente solicitados ou autorizados polo Usuario. En consecuencia, en cada un dos formularios da p\u00e1xina web, o Usuario ten a posibilidade de dar o seu consentimento expreso para recibir o noso Bolet\u00edn, con independencia da informaci\u00f3n comercial puntualmente solicitada.<\/p><p>\u00a0<\/p><p><strong>LEXISLACI\u00d3N<\/strong><\/p><p>A todos os efectos as relaci\u00f3ns entre <strong>Xuventudes Musicais Eixo Atl\u00e1ntico<\/strong>, cos Usuarios dos seus servizos telem\u00e1ticos, presentes nesta web, est\u00e1n sometidos \u00e1 lexislaci\u00f3n e xurisdici\u00f3n espa\u00f1ola \u00e1 que se someten expresamente as partes, sendo competentes pola resoluci\u00f3n de todos os conflitos derivados ou relacionados co seu uso os Xulgados e Tribunais de Espa\u00f1a.<\/p>\t\t\t\t\t\t\t\t<\/div>\n\t\t\t\t<\/div>\n\t\t\t\t\t<\/div>\n\t\t<\/div>\n\t\t\t\t\t<\/div>\n\t\t<\/section>\n\t\t\t\t<\/div>\n\t\t","protected":false},"excerpt":{"rendered":"<p>Pol\u00edtica de Privacidad En cumprimento do Cap\u00edtulo II da lei 34\/2002, LSSICE, inform\u00e1moslle que a presente p\u00e1xina web \u00e9 propiedade de Xuventudes Musicais Eixo Atl\u00e1ntico, de<span class=\"excerpt-hellip\"> [\u2026]<\/span><\/p>\n","protected":false},"author":14,"featured_media":0,"parent":0,"menu_order":0,"comment_status":"closed","ping_status":"closed","template":"elementor_header_footer","meta":{"footnotes":""},"class_list":["post-1729","page","type-page","status-publish","hentry"],"yoast_head":"<!-- This site is optimized with the Yoast SEO plugin v27.3 - https:\/\/yoast.com\/product\/yoast-seo-wordpress\/ -->\n<title>Pol\u00edtica de Privacidad - IKFEM<\/title>\n<meta name=\"robots\" content=\"index, follow, max-snippet:-1, max-image-preview:large, max-video-preview:-1\" \/>\n<link rel=\"canonical\" href=\"https:\/\/ikfem.com\/politica-de-privacidad\/\" \/>\n<meta property=\"og:locale\" content=\"gl_ES\" \/>\n<meta property=\"og:type\" content=\"article\" \/>\n<meta property=\"og:title\" content=\"Pol\u00edtica de Privacidad - IKFEM\" \/>\n<meta property=\"og:description\" content=\"Pol\u00edtica de Privacidad En cumprimento do Cap\u00edtulo II da lei 34\/2002, LSSICE, inform\u00e1moslle que a presente p\u00e1xina web \u00e9 propiedade de Xuventudes Musicais Eixo Atl\u00e1ntico, de [\u2026]\" \/>\n<meta property=\"og:url\" content=\"https:\/\/ikfem.com\/politica-de-privacidad\/\" \/>\n<meta property=\"og:site_name\" content=\"IKFEM\" \/>\n<meta property=\"article:publisher\" content=\"https:\/\/www.facebook.com\/IKFEM\" \/>\n<meta property=\"article:modified_time\" content=\"2024-06-10T12:46:57+00:00\" \/>\n<meta name=\"twitter:card\" content=\"summary_large_image\" \/>\n<meta name=\"twitter:label1\" content=\"Tempo de lectura\" \/>\n\t<meta name=\"twitter:data1\" content=\"10 minutos\" \/>\n<script type=\"application\/ld+json\" class=\"yoast-schema-graph\">{\"@context\":\"https:\\\/\\\/schema.org\",\"@graph\":[{\"@type\":\"WebPage\",\"@id\":\"https:\\\/\\\/ikfem.com\\\/politica-de-privacidad\\\/\",\"url\":\"https:\\\/\\\/ikfem.com\\\/politica-de-privacidad\\\/\",\"name\":\"Pol\u00edtica de Privacidad - IKFEM\",\"isPartOf\":{\"@id\":\"https:\\\/\\\/ikfem.com\\\/#website\"},\"datePublished\":\"2024-05-30T08:29:59+00:00\",\"dateModified\":\"2024-06-10T12:46:57+00:00\",\"breadcrumb\":{\"@id\":\"https:\\\/\\\/ikfem.com\\\/politica-de-privacidad\\\/#breadcrumb\"},\"inLanguage\":\"gl-ES\",\"potentialAction\":[{\"@type\":\"ReadAction\",\"target\":[\"https:\\\/\\\/ikfem.com\\\/politica-de-privacidad\\\/\"]}]},{\"@type\":\"BreadcrumbList\",\"@id\":\"https:\\\/\\\/ikfem.com\\\/politica-de-privacidad\\\/#breadcrumb\",\"itemListElement\":[{\"@type\":\"ListItem\",\"position\":1,\"name\":\"Home\",\"item\":\"https:\\\/\\\/ikfem.com\\\/gl\\\/\"},{\"@type\":\"ListItem\",\"position\":2,\"name\":\"Pol\u00edtica de Privacidad\"}]},{\"@type\":\"WebSite\",\"@id\":\"https:\\\/\\\/ikfem.com\\\/#website\",\"url\":\"https:\\\/\\\/ikfem.com\\\/\",\"name\":\"IKFEM Festival Tui - Valen\u00e7a\",\"description\":\"IKFEM Festival Tui-Valen\u00e7a\",\"publisher\":{\"@id\":\"https:\\\/\\\/ikfem.com\\\/#organization\"},\"alternateName\":\"El \u00fanico puente musical de Europa\",\"potentialAction\":[{\"@type\":\"SearchAction\",\"target\":{\"@type\":\"EntryPoint\",\"urlTemplate\":\"https:\\\/\\\/ikfem.com\\\/?s={search_term_string}\"},\"query-input\":{\"@type\":\"PropertyValueSpecification\",\"valueRequired\":true,\"valueName\":\"search_term_string\"}}],\"inLanguage\":\"gl-ES\"},{\"@type\":\"Organization\",\"@id\":\"https:\\\/\\\/ikfem.com\\\/#organization\",\"name\":\"IKFEM Festival Tui - Valen\u00e7a\",\"url\":\"https:\\\/\\\/ikfem.com\\\/\",\"logo\":{\"@type\":\"ImageObject\",\"inLanguage\":\"gl-ES\",\"@id\":\"https:\\\/\\\/ikfem.com\\\/#\\\/schema\\\/logo\\\/image\\\/\",\"url\":\"https:\\\/\\\/ikfem.com\\\/wp-content\\\/uploads\\\/2024\\\/06\\\/logoIKFEM.png\",\"contentUrl\":\"https:\\\/\\\/ikfem.com\\\/wp-content\\\/uploads\\\/2024\\\/06\\\/logoIKFEM.png\",\"width\":500,\"height\":150,\"caption\":\"IKFEM Festival Tui - Valen\u00e7a\"},\"image\":{\"@id\":\"https:\\\/\\\/ikfem.com\\\/#\\\/schema\\\/logo\\\/image\\\/\"},\"sameAs\":[\"https:\\\/\\\/www.facebook.com\\\/IKFEM\",\"https:\\\/\\\/www.instagram.com\\\/ikfem_festival\\\/\"]}]}<\/script>\n<!-- \/ Yoast SEO plugin. -->","yoast_head_json":{"title":"Pol\u00edtica de Privacidad - IKFEM","robots":{"index":"index","follow":"follow","max-snippet":"max-snippet:-1","max-image-preview":"max-image-preview:large","max-video-preview":"max-video-preview:-1"},"canonical":"https:\/\/ikfem.com\/politica-de-privacidad\/","og_locale":"gl_ES","og_type":"article","og_title":"Pol\u00edtica de Privacidad - IKFEM","og_description":"Pol\u00edtica de Privacidad En cumprimento do Cap\u00edtulo II da lei 34\/2002, LSSICE, inform\u00e1moslle que a presente p\u00e1xina web \u00e9 propiedade de Xuventudes Musicais Eixo Atl\u00e1ntico, de [\u2026]","og_url":"https:\/\/ikfem.com\/politica-de-privacidad\/","og_site_name":"IKFEM","article_publisher":"https:\/\/www.facebook.com\/IKFEM","article_modified_time":"2024-06-10T12:46:57+00:00","twitter_card":"summary_large_image","twitter_misc":{"Tempo de lectura":"10 minutos"},"schema":{"@context":"https:\/\/schema.org","@graph":[{"@type":"WebPage","@id":"https:\/\/ikfem.com\/politica-de-privacidad\/","url":"https:\/\/ikfem.com\/politica-de-privacidad\/","name":"Pol\u00edtica de Privacidad - IKFEM","isPartOf":{"@id":"https:\/\/ikfem.com\/#website"},"datePublished":"2024-05-30T08:29:59+00:00","dateModified":"2024-06-10T12:46:57+00:00","breadcrumb":{"@id":"https:\/\/ikfem.com\/politica-de-privacidad\/#breadcrumb"},"inLanguage":"gl-ES","potentialAction":[{"@type":"ReadAction","target":["https:\/\/ikfem.com\/politica-de-privacidad\/"]}]},{"@type":"BreadcrumbList","@id":"https:\/\/ikfem.com\/politica-de-privacidad\/#breadcrumb","itemListElement":[{"@type":"ListItem","position":1,"name":"Home","item":"https:\/\/ikfem.com\/gl\/"},{"@type":"ListItem","position":2,"name":"Pol\u00edtica de Privacidad"}]},{"@type":"WebSite","@id":"https:\/\/ikfem.com\/#website","url":"https:\/\/ikfem.com\/","name":"IKFEM Festival Tui - Valen\u00e7a","description":"IKFEM Festival Tui-Valen\u00e7a","publisher":{"@id":"https:\/\/ikfem.com\/#organization"},"alternateName":"El \u00fanico puente musical de Europa","potentialAction":[{"@type":"SearchAction","target":{"@type":"EntryPoint","urlTemplate":"https:\/\/ikfem.com\/?s={search_term_string}"},"query-input":{"@type":"PropertyValueSpecification","valueRequired":true,"valueName":"search_term_string"}}],"inLanguage":"gl-ES"},{"@type":"Organization","@id":"https:\/\/ikfem.com\/#organization","name":"IKFEM Festival Tui - Valen\u00e7a","url":"https:\/\/ikfem.com\/","logo":{"@type":"ImageObject","inLanguage":"gl-ES","@id":"https:\/\/ikfem.com\/#\/schema\/logo\/image\/","url":"https:\/\/ikfem.com\/wp-content\/uploads\/2024\/06\/logoIKFEM.png","contentUrl":"https:\/\/ikfem.com\/wp-content\/uploads\/2024\/06\/logoIKFEM.png","width":500,"height":150,"caption":"IKFEM Festival Tui - Valen\u00e7a"},"image":{"@id":"https:\/\/ikfem.com\/#\/schema\/logo\/image\/"},"sameAs":["https:\/\/www.facebook.com\/IKFEM","https:\/\/www.instagram.com\/ikfem_festival\/"]}]}},"_links":{"self":[{"href":"https:\/\/ikfem.com\/gl\/wp-json\/wp\/v2\/pages\/1729","targetHints":{"allow":["GET"]}}],"collection":[{"href":"https:\/\/ikfem.com\/gl\/wp-json\/wp\/v2\/pages"}],"about":[{"href":"https:\/\/ikfem.com\/gl\/wp-json\/wp\/v2\/types\/page"}],"author":[{"embeddable":true,"href":"https:\/\/ikfem.com\/gl\/wp-json\/wp\/v2\/users\/14"}],"replies":[{"embeddable":true,"href":"https:\/\/ikfem.com\/gl\/wp-json\/wp\/v2\/comments?post=1729"}],"version-history":[{"count":3,"href":"https:\/\/ikfem.com\/gl\/wp-json\/wp\/v2\/pages\/1729\/revisions"}],"predecessor-version":[{"id":1733,"href":"https:\/\/ikfem.com\/gl\/wp-json\/wp\/v2\/pages\/1729\/revisions\/1733"}],"wp:attachment":[{"href":"https:\/\/ikfem.com\/gl\/wp-json\/wp\/v2\/media?parent=1729"}],"curies":[{"name":"wp","href":"https:\/\/api.w.org\/{rel}","templated":true}]}}