{"id":1724,"date":"2024-05-30T12:53:57","date_gmt":"2024-05-30T10:53:57","guid":{"rendered":"https:\/\/ikfem.com\/politica-de-cookies\/"},"modified":"2024-06-10T14:35:56","modified_gmt":"2024-06-10T12:35:56","slug":"politica-de-cookies","status":"publish","type":"page","link":"https:\/\/ikfem.com\/gl\/politica-de-cookies\/","title":{"rendered":"Pol\u00edtica de Cookies"},"content":{"rendered":"\t\t<div data-elementor-type=\"wp-page\" data-elementor-id=\"1724\" class=\"elementor elementor-1724 elementor-1385\" data-elementor-post-type=\"page\">\n\t\t\t\t\t\t<section class=\"elementor-section elementor-top-section elementor-element elementor-element-e06d848 elementor-section-stretched elementor-section-boxed elementor-section-height-default elementor-section-height-default\" data-id=\"e06d848\" data-element_type=\"section\" data-e-type=\"section\" data-settings=\"{&quot;stretch_section&quot;:&quot;section-stretched&quot;,&quot;background_background&quot;:&quot;classic&quot;}\">\n\t\t\t\t\t\t<div class=\"elementor-container elementor-column-gap-wider\">\n\t\t\t\t\t<div class=\"elementor-column elementor-col-100 elementor-top-column elementor-element elementor-element-726e331\" data-id=\"726e331\" data-element_type=\"column\" data-e-type=\"column\">\n\t\t\t<div class=\"elementor-widget-wrap elementor-element-populated\">\n\t\t\t\t\t\t<section class=\"elementor-section elementor-inner-section elementor-element elementor-element-f8564cd elementor-section-boxed elementor-section-height-default elementor-section-height-default\" data-id=\"f8564cd\" data-element_type=\"section\" data-e-type=\"section\">\n\t\t\t\t\t\t<div class=\"elementor-container elementor-column-gap-default\">\n\t\t\t\t\t<div class=\"elementor-column elementor-col-16 elementor-inner-column elementor-element elementor-element-632a83d\" data-id=\"632a83d\" data-element_type=\"column\" data-e-type=\"column\">\n\t\t\t<div class=\"elementor-widget-wrap\">\n\t\t\t\t\t\t\t<\/div>\n\t\t<\/div>\n\t\t\t\t<div class=\"elementor-column elementor-col-66 elementor-inner-column elementor-element elementor-element-47f131b\" data-id=\"47f131b\" data-element_type=\"column\" data-e-type=\"column\">\n\t\t\t<div class=\"elementor-widget-wrap elementor-element-populated\">\n\t\t\t\t\t\t<div class=\"elementor-element elementor-element-c3a049c elementor-widget__width-auto elementor-widget elementor-widget-icon-box\" data-id=\"c3a049c\" data-element_type=\"widget\" data-e-type=\"widget\" data-widget_type=\"icon-box.default\">\n\t\t\t\t<div class=\"elementor-widget-container\">\n\t\t\t\t\t\t\t<div class=\"elementor-icon-box-wrapper\">\n\n\t\t\t\n\t\t\t\t\t\t<div class=\"elementor-icon-box-content\">\n\n\t\t\t\t\t\t\t\t\t<h5 class=\"elementor-icon-box-title\">\n\t\t\t\t\t\t<span  >\n\t\t\t\t\t\t\tPol\u00edtica de Cookies\t\t\t\t\t\t<\/span>\n\t\t\t\t\t<\/h5>\n\t\t\t\t\n\t\t\t\t\n\t\t\t<\/div>\n\t\t\t\n\t\t<\/div>\n\t\t\t\t\t\t<\/div>\n\t\t\t\t<\/div>\n\t\t\t\t\t<\/div>\n\t\t<\/div>\n\t\t\t\t<div class=\"elementor-column elementor-col-16 elementor-inner-column elementor-element elementor-element-6457943\" data-id=\"6457943\" data-element_type=\"column\" data-e-type=\"column\">\n\t\t\t<div class=\"elementor-widget-wrap\">\n\t\t\t\t\t\t\t<\/div>\n\t\t<\/div>\n\t\t\t\t\t<\/div>\n\t\t<\/section>\n\t\t\t\t\t<\/div>\n\t\t<\/div>\n\t\t\t\t\t<\/div>\n\t\t<\/section>\n\t\t\t\t<section class=\"elementor-section elementor-top-section elementor-element elementor-element-f28a7a5 elementor-section-boxed elementor-section-height-default elementor-section-height-default\" data-id=\"f28a7a5\" data-element_type=\"section\" data-e-type=\"section\">\n\t\t\t\t\t\t<div class=\"elementor-container elementor-column-gap-default\">\n\t\t\t\t\t<div class=\"elementor-column elementor-col-100 elementor-top-column elementor-element elementor-element-847e862\" data-id=\"847e862\" data-element_type=\"column\" data-e-type=\"column\">\n\t\t\t<div class=\"elementor-widget-wrap elementor-element-populated\">\n\t\t\t\t\t\t<div class=\"elementor-element elementor-element-72fdc55 elementor-widget elementor-widget-text-editor\" data-id=\"72fdc55\" data-element_type=\"widget\" data-e-type=\"widget\" data-widget_type=\"text-editor.default\">\n\t\t\t\t<div class=\"elementor-widget-container\">\n\t\t\t\t\t\t\t\t\t<p><strong>ANTECEDENTES<\/strong><\/p><p>De conformidade coa normativa espa\u00f1ola que regula o uso de cookies en relaci\u00f3n \u00e1 prestaci\u00f3n de servizos de comunicaci\u00f3ns electr\u00f3nicas, recollida no Real Decreto Lei 13\/2012 do 30 de marzo, inform\u00e1moslle sobre as cookies utilizadas no sitio web de <strong>Xuventudes Musicais Eixo Atl\u00e1ntico<\/strong> (tam\u00e9n o prestador) e o motivo do seu uso. As\u00ed mesmo, inf\u00f3rmase de que ao navegar no Sitio Web est\u00e1 prestando o seu consentimento para poder utilizalas.<\/p><p>\u00a0<\/p><p><strong>\u00bfQU\u00c9 SON AS COOKIES?<\/strong><\/p><p>Unha cookie \u00e9 un ficheiro que se descarga no seu ordenador ao acceder a determinadas p\u00e1xinas web. As cookies permiten a unha p\u00e1xina web, entre outras cousas, almacenar e recuperar informaci\u00f3n sobre os h\u00e1bitos de navegaci\u00f3n dun usuario ou do seu equipo e, dependendo da informaci\u00f3n que conte\u00f1an e da forma en que utilice o seu equipo, poden usarse para reco\u00f1ecer ao usuario. As cookies as\u00f3cianse unicamente a un usuario an\u00f3nimo e ao seu ordenador ou dispositivo e non proporcionan referencias que permitan co\u00f1ecer os seus datos persoais.<\/p><p>\u00a0<\/p><p><strong>COOKIES AFECTADAS POLA NORMATIVA E COOKIES EXENTAS<\/strong><\/p><p>Segundo a directiva da UE, as cookies que requiren o consentimento informado por parte do usuario son as cookies de anal\u00edtica e as de publicidade e afiliaci\u00f3n, quedando exceptuadas as de car\u00e1cter t\u00e9cnico e as necesarias para o funcionamento do sitio web ou a prestaci\u00f3n de servizos expresamente demandados polo usuario.<\/p><p>\u00a0<\/p><p><strong>TIPOS DE COOKIES<\/strong><\/p><p>a) Segundo a <strong>entidade<\/strong> que as xestione, hai <strong>Cookies propias<\/strong> (aquelas que se env\u00edan ao equipo terminal do usuario desde un equipo ou dominio xestionado polo propio editor e desde o que se presta o servizo solicitado polo usuario) e <strong>de terceiros<\/strong> (as que se env\u00edan ao equipo terminal do usuario desde un equipo ou dominio que non \u00e9 xestionado polo editor, sen\u00f3n por outra entidade que trata os datos obtidos a trav\u00e9s das cookies).<\/p><p>b) Segundo o <strong>tempo<\/strong> que permanecen activas, existen as de <strong>sesi\u00f3n<\/strong> (dese\u00f1adas para recadar e almacenar datos mentres o usuario accede a unha p\u00e1xina web) e as persistentes (nas que os datos se almacenan no terminal e poden ser accedidos e tratados durante un per\u00edodo definido polo responsable da cookie -pode ir duns minutos a varios anos-).<\/p><p>c) Segundo a finalidade para a que traten a informaci\u00f3n que recompilan, poden ser:<\/p><p>&#8211; Cookies t\u00e9cnicas (necesarias para o uso da web e a prestaci\u00f3n do servizo contratado),<\/p><p>&#8211; Cookies de personalizaci\u00f3n (que permiten ao usuario acceder ao servizo con caracter\u00edsticas predefinidas, como por exemplo o idioma, tipo de navegador, configuraci\u00f3n rexional, etc.)<\/p><p>&#8211; Cookies de an\u00e1lise (recollen informaci\u00f3n sobre o uso que se realiza da web),<\/p><p>&#8211; Cookies publicitarias (recollen informaci\u00f3n sobre as preferencias e elecci\u00f3ns persoais dos usuarios),<\/p><p>&#8211; Cookies de afiliados (permiten realizar un seguimento das visitas procedentes doutras webs, coas que o sitio web establece un contrato de afiliaci\u00f3n).<\/p><p>\u00a0<\/p><p><strong>TIPOS DE COOKIES UTILIZADAS POR ESTE SITIO WEB<\/strong><\/p><p>As cookies utilizadas no noso sitio web son de sesi\u00f3n e de terceiros, e perm\u00edtennos almacenar e acceder a informaci\u00f3n relativa ao idioma, o tipo de navegador utilizado, e outras caracter\u00edsticas xerais predefinidas polo usuario, as\u00ed como seguir e analizar a actividade que leva a cabo para mellorar e prestar os nosos servizos dunha maneira m\u00e1is eficiente e personalizada. As cookies usadas te\u00f1en, en todo caso, car\u00e1cter temporal, coa \u00fanica finalidade de facer m\u00e1is eficaz a navegaci\u00f3n. En ning\u00fan caso estas cookies proporcionan por si mesmas datos de car\u00e1cter persoal e non se usan para a recollida dos mesmos.<\/p><p>A utilizaci\u00f3n das cookies ofrece vantaxes, como por exemplo:<\/p><p>facilita ao usuario a navegaci\u00f3n e o acceso aos diferentes servizos que ofrece este sitio web;<\/p><p>evita ao usuario ter que configurar as caracter\u00edsticas xerais predefinidas cada vez que accede ao sitio web; e<\/p><p>favorece a mellora do funcionamento e dos servizos prestados a trav\u00e9s deste sitio web, tras o correspondente an\u00e1lise da informaci\u00f3n obtida a trav\u00e9s das cookies instaladas.<\/p><p>Ao acceder \u00e1 nosa web inf\u00f3rmaselle que se segue navegando instalaranse diversas cookies de terceiros consentindo as\u00ed a instalaci\u00f3n de determinadas cookies que ter\u00e1n como \u00fanica finalidade a de rexistrar o acceso ao noso sitio web para a realizaci\u00f3n de estat\u00edsticas an\u00f3nimas sobre as visitas, recompilando informaci\u00f3n sempre de forma an\u00f3nima. Non \u00e9 necesario que acepte a instalaci\u00f3n destas cookies, poder\u00e1 navegar igualmente por toda a nosa web.<\/p><p>En diversas secci\u00f3ns da nosa web poderanse instalar cookies de redes sociais, en concreto as seguintes:<\/p><p>Cookie de Twitter, segundo o disposto na s\u00faa pol\u00edtica de privacidade e uso de cookies.<br \/>Cookie de Facebook, segundo o disposto na s\u00faa pol\u00edtica de cookies.<br \/>Cookie de Linkedin, segundo o disposto na s\u00faa p\u00e1xina sobre o uso das cookies.<br \/>Cookie de Google+ e Google Maps, segundo o disposto na s\u00faa p\u00e1xina sobre que tipo de cookies utilizan.<\/p><p>\u00a0<\/p><p><strong>REVOCACI\u00d3N<\/strong><\/p><p>En todo momento poder\u00e1 acceder \u00e1 configuraci\u00f3n do seu navegador aceptando ou rexeitando todas as cookies, ou ben seleccionar aquelas cuxa instalaci\u00f3n admite e cales non, seguindo un dos seguintes procedementos, que depende do navegador que utilice:<\/p><p>Google Chrome (no Men\u00fa Ferramentas):<\/p><p>Configuraci\u00f3n &gt; Amosar opci\u00f3ns avanzadas &gt; Privacidade (Configuraci\u00f3n de contido) &gt; Cookies: https:\/\/support.google.com\/chrome\/answer\/95647?co=GENIE.Platform%3DDesktopandhl=es<\/p><p>Microsoft Internet Explorer (no Men\u00fa Ferramentas):<\/p><p>Opci\u00f3ns de Internet &gt; Privacidade &gt; Avanzada: https:\/\/support.microsoft.com\/es-es\/help\/17442\/windows-internet-explorer-delete-manage-cookies<\/p><p>Firefox:<\/p><p>Opci\u00f3ns &gt; Privacidade &gt; Cookies: https:\/\/support.mozilla.org\/es\/kb\/habilitar-y-deshabilitar-cookies-sitios-web-rastrear-preferencias<\/p><p>Safari, iPad e iPhone:<\/p><p>Preferencias &gt; Privacidade: https:\/\/support.apple.com\/kb\/ph21411?locale=es_ES<\/p><p>Opera:<\/p><p>Configuraci\u00f3n &gt; Opci\u00f3ns &gt; Avanzado &gt; Cookies: http:\/\/help.opera.com\/Windows\/12.00\/es-ES\/cookies.html<\/p><p>Estes navegadores est\u00e1n sometidos a actualizaci\u00f3ns ou modificaci\u00f3ns, polo que non podemos garantir que se axusten completamente \u00e1 versi\u00f3n do seu navegador. Tam\u00e9n pode ser que utilice outro navegador non contemplado nestas ligaz\u00f3ns como Konqueror, Arora, Flock, etc. Para evitar estes desaxustes, pode acceder directamente desde as opci\u00f3ns do seu navegador, xeralmente no men\u00fa de &#8220;Opci\u00f3ns&#8221; na secci\u00f3n de &#8220;Privacidade&#8221;. (Por favor, consulte a axuda do seu navegador para m\u00e1is informaci\u00f3n).<\/p><p>\u00a0<\/p><p><strong>DESACTIVACI\u00d3N\/ACTIVACI\u00d3N E ELIMINACI\u00d3N DE COOKIES<\/strong><\/p><p>Para restrinxir ou bloquear as cookies, faise a trav\u00e9s da configuraci\u00f3n do navegador.<\/p><p>Se non desexa que os sitios web po\u00f1an ningunha cookie no seu equipo, pode adaptar a configuraci\u00f3n do navegador de modo que se lle notifique antes de que se coloque ningunha cookie. De igual modo, pode adaptar a configuraci\u00f3n de forma que o navegador rexeite todas as cookies, ou unicamente as cookies de terceiros. Tam\u00e9n pode eliminar calquera das cookies que xa se atopen no equipo. Te\u00f1a en conta que ter\u00e1 que adaptar por separado a configuraci\u00f3n de cada navegador e equipo que utilice.<\/p><p>Te\u00f1a en conta que se non desexa recibir cookies, xa non poderemos garantir que o noso sitio web funcione debidamente. Pode que algunhas funci\u00f3ns do sitio se perdan e \u00e9 posible que xa non poida ver certos sitios web. Ademais, rexeitar as cookies non significa que xa non vaia ver anuncios publicitarios. Simplemente os anuncios non se axustar\u00e1n aos seus intereses e repetir\u00e1nse con m\u00e1is frecuencia.<\/p><p>Cada navegador pos\u00fae un m\u00e9todo distinto para adaptar a configuraci\u00f3n. Se fora necesario, consulte a funci\u00f3n de axuda do navegador para establecer a configuraci\u00f3n correcta.<\/p><p>Para desactivar as cookies no tel\u00e9fono m\u00f3bil, consulte o manual do dispositivo para obter m\u00e1is informaci\u00f3n.<\/p><p>Pode obter m\u00e1is informaci\u00f3n sobre as cookies en Internet, http:\/\/www.aboutcookies.org\/.<\/p><p>Tendo en conta a forma en que funciona Internet e os sitios web, non sempre contamos con informaci\u00f3n das cookies que colocan terceiras partes a trav\u00e9s do noso sitio web. Isto apl\u00edcase especialmente a casos nos que a nosa p\u00e1xina web cont\u00e9n o que se denominan elementos integrados: textos, documentos, imaxes ou breves pel\u00edculas que se almacenan noutra parte, pero se mostran no noso sitio web ou a trav\u00e9s do mesmo.<\/p><p>Por conseguinte, no caso de que se atope con este tipo de cookies neste sitio web e non estean enumeradas na lista anterior, preg\u00e1moslle que nolo comunique. Ou ben p\u00f3\u00f1ase en contacto directamente co terceiro para pedirlle informaci\u00f3n sobre as cookies que coloca, a finalidade e a duraci\u00f3n da cookie, e como garantiu a s\u00faa privacidade.<\/p>\t\t\t\t\t\t\t\t<\/div>\n\t\t\t\t<\/div>\n\t\t\t\t\t<\/div>\n\t\t<\/div>\n\t\t\t\t\t<\/div>\n\t\t<\/section>\n\t\t\t\t<\/div>\n\t\t","protected":false},"excerpt":{"rendered":"<p>Pol\u00edtica de Cookies ANTECEDENTES De conformidade coa normativa espa\u00f1ola que regula o uso de cookies en relaci\u00f3n \u00e1 prestaci\u00f3n de servizos de comunicaci\u00f3ns electr\u00f3nicas, recollida no<span class=\"excerpt-hellip\"> [\u2026]<\/span><\/p>\n","protected":false},"author":14,"featured_media":0,"parent":0,"menu_order":0,"comment_status":"closed","ping_status":"closed","template":"elementor_header_footer","meta":{"footnotes":""},"class_list":["post-1724","page","type-page","status-publish","hentry"],"yoast_head":"<!-- This site is optimized with the Yoast SEO plugin v27.3 - https:\/\/yoast.com\/product\/yoast-seo-wordpress\/ -->\n<title>Pol\u00edtica de Cookies - IKFEM<\/title>\n<meta name=\"robots\" content=\"index, follow, max-snippet:-1, max-image-preview:large, max-video-preview:-1\" \/>\n<link rel=\"canonical\" href=\"https:\/\/ikfem.com\/politica-de-cookies\/\" \/>\n<meta property=\"og:locale\" content=\"gl_ES\" \/>\n<meta property=\"og:type\" content=\"article\" \/>\n<meta property=\"og:title\" content=\"Pol\u00edtica de Cookies - IKFEM\" \/>\n<meta property=\"og:description\" content=\"Pol\u00edtica de Cookies ANTECEDENTES De conformidade coa normativa espa\u00f1ola que regula o uso de cookies en relaci\u00f3n \u00e1 prestaci\u00f3n de servizos de comunicaci\u00f3ns electr\u00f3nicas, recollida no [\u2026]\" \/>\n<meta property=\"og:url\" content=\"https:\/\/ikfem.com\/politica-de-cookies\/\" \/>\n<meta property=\"og:site_name\" content=\"IKFEM\" \/>\n<meta property=\"article:publisher\" content=\"https:\/\/www.facebook.com\/IKFEM\" \/>\n<meta property=\"article:modified_time\" content=\"2024-06-10T12:35:56+00:00\" \/>\n<meta name=\"twitter:card\" content=\"summary_large_image\" \/>\n<meta name=\"twitter:label1\" content=\"Tempo de lectura\" \/>\n\t<meta name=\"twitter:data1\" content=\"7 minutos\" \/>\n<script type=\"application\/ld+json\" class=\"yoast-schema-graph\">{\"@context\":\"https:\\\/\\\/schema.org\",\"@graph\":[{\"@type\":\"WebPage\",\"@id\":\"https:\\\/\\\/ikfem.com\\\/politica-de-cookies\\\/\",\"url\":\"https:\\\/\\\/ikfem.com\\\/politica-de-cookies\\\/\",\"name\":\"Pol\u00edtica de Cookies - IKFEM\",\"isPartOf\":{\"@id\":\"https:\\\/\\\/ikfem.com\\\/#website\"},\"datePublished\":\"2024-05-30T10:53:57+00:00\",\"dateModified\":\"2024-06-10T12:35:56+00:00\",\"breadcrumb\":{\"@id\":\"https:\\\/\\\/ikfem.com\\\/politica-de-cookies\\\/#breadcrumb\"},\"inLanguage\":\"gl-ES\",\"potentialAction\":[{\"@type\":\"ReadAction\",\"target\":[\"https:\\\/\\\/ikfem.com\\\/politica-de-cookies\\\/\"]}]},{\"@type\":\"BreadcrumbList\",\"@id\":\"https:\\\/\\\/ikfem.com\\\/politica-de-cookies\\\/#breadcrumb\",\"itemListElement\":[{\"@type\":\"ListItem\",\"position\":1,\"name\":\"Home\",\"item\":\"https:\\\/\\\/ikfem.com\\\/gl\\\/\"},{\"@type\":\"ListItem\",\"position\":2,\"name\":\"Pol\u00edtica de Cookies\"}]},{\"@type\":\"WebSite\",\"@id\":\"https:\\\/\\\/ikfem.com\\\/#website\",\"url\":\"https:\\\/\\\/ikfem.com\\\/\",\"name\":\"IKFEM Festival Tui - Valen\u00e7a\",\"description\":\"IKFEM Festival Tui-Valen\u00e7a\",\"publisher\":{\"@id\":\"https:\\\/\\\/ikfem.com\\\/#organization\"},\"alternateName\":\"El \u00fanico puente musical de Europa\",\"potentialAction\":[{\"@type\":\"SearchAction\",\"target\":{\"@type\":\"EntryPoint\",\"urlTemplate\":\"https:\\\/\\\/ikfem.com\\\/?s={search_term_string}\"},\"query-input\":{\"@type\":\"PropertyValueSpecification\",\"valueRequired\":true,\"valueName\":\"search_term_string\"}}],\"inLanguage\":\"gl-ES\"},{\"@type\":\"Organization\",\"@id\":\"https:\\\/\\\/ikfem.com\\\/#organization\",\"name\":\"IKFEM Festival Tui - Valen\u00e7a\",\"url\":\"https:\\\/\\\/ikfem.com\\\/\",\"logo\":{\"@type\":\"ImageObject\",\"inLanguage\":\"gl-ES\",\"@id\":\"https:\\\/\\\/ikfem.com\\\/#\\\/schema\\\/logo\\\/image\\\/\",\"url\":\"https:\\\/\\\/ikfem.com\\\/wp-content\\\/uploads\\\/2024\\\/06\\\/logoIKFEM.png\",\"contentUrl\":\"https:\\\/\\\/ikfem.com\\\/wp-content\\\/uploads\\\/2024\\\/06\\\/logoIKFEM.png\",\"width\":500,\"height\":150,\"caption\":\"IKFEM Festival Tui - Valen\u00e7a\"},\"image\":{\"@id\":\"https:\\\/\\\/ikfem.com\\\/#\\\/schema\\\/logo\\\/image\\\/\"},\"sameAs\":[\"https:\\\/\\\/www.facebook.com\\\/IKFEM\",\"https:\\\/\\\/www.instagram.com\\\/ikfem_festival\\\/\"]}]}<\/script>\n<!-- \/ Yoast SEO plugin. -->","yoast_head_json":{"title":"Pol\u00edtica de Cookies - IKFEM","robots":{"index":"index","follow":"follow","max-snippet":"max-snippet:-1","max-image-preview":"max-image-preview:large","max-video-preview":"max-video-preview:-1"},"canonical":"https:\/\/ikfem.com\/politica-de-cookies\/","og_locale":"gl_ES","og_type":"article","og_title":"Pol\u00edtica de Cookies - IKFEM","og_description":"Pol\u00edtica de Cookies ANTECEDENTES De conformidade coa normativa espa\u00f1ola que regula o uso de cookies en relaci\u00f3n \u00e1 prestaci\u00f3n de servizos de comunicaci\u00f3ns electr\u00f3nicas, recollida no [\u2026]","og_url":"https:\/\/ikfem.com\/politica-de-cookies\/","og_site_name":"IKFEM","article_publisher":"https:\/\/www.facebook.com\/IKFEM","article_modified_time":"2024-06-10T12:35:56+00:00","twitter_card":"summary_large_image","twitter_misc":{"Tempo de lectura":"7 minutos"},"schema":{"@context":"https:\/\/schema.org","@graph":[{"@type":"WebPage","@id":"https:\/\/ikfem.com\/politica-de-cookies\/","url":"https:\/\/ikfem.com\/politica-de-cookies\/","name":"Pol\u00edtica de Cookies - IKFEM","isPartOf":{"@id":"https:\/\/ikfem.com\/#website"},"datePublished":"2024-05-30T10:53:57+00:00","dateModified":"2024-06-10T12:35:56+00:00","breadcrumb":{"@id":"https:\/\/ikfem.com\/politica-de-cookies\/#breadcrumb"},"inLanguage":"gl-ES","potentialAction":[{"@type":"ReadAction","target":["https:\/\/ikfem.com\/politica-de-cookies\/"]}]},{"@type":"BreadcrumbList","@id":"https:\/\/ikfem.com\/politica-de-cookies\/#breadcrumb","itemListElement":[{"@type":"ListItem","position":1,"name":"Home","item":"https:\/\/ikfem.com\/gl\/"},{"@type":"ListItem","position":2,"name":"Pol\u00edtica de Cookies"}]},{"@type":"WebSite","@id":"https:\/\/ikfem.com\/#website","url":"https:\/\/ikfem.com\/","name":"IKFEM Festival Tui - Valen\u00e7a","description":"IKFEM Festival Tui-Valen\u00e7a","publisher":{"@id":"https:\/\/ikfem.com\/#organization"},"alternateName":"El \u00fanico puente musical de Europa","potentialAction":[{"@type":"SearchAction","target":{"@type":"EntryPoint","urlTemplate":"https:\/\/ikfem.com\/?s={search_term_string}"},"query-input":{"@type":"PropertyValueSpecification","valueRequired":true,"valueName":"search_term_string"}}],"inLanguage":"gl-ES"},{"@type":"Organization","@id":"https:\/\/ikfem.com\/#organization","name":"IKFEM Festival Tui - Valen\u00e7a","url":"https:\/\/ikfem.com\/","logo":{"@type":"ImageObject","inLanguage":"gl-ES","@id":"https:\/\/ikfem.com\/#\/schema\/logo\/image\/","url":"https:\/\/ikfem.com\/wp-content\/uploads\/2024\/06\/logoIKFEM.png","contentUrl":"https:\/\/ikfem.com\/wp-content\/uploads\/2024\/06\/logoIKFEM.png","width":500,"height":150,"caption":"IKFEM Festival Tui - Valen\u00e7a"},"image":{"@id":"https:\/\/ikfem.com\/#\/schema\/logo\/image\/"},"sameAs":["https:\/\/www.facebook.com\/IKFEM","https:\/\/www.instagram.com\/ikfem_festival\/"]}]}},"_links":{"self":[{"href":"https:\/\/ikfem.com\/gl\/wp-json\/wp\/v2\/pages\/1724","targetHints":{"allow":["GET"]}}],"collection":[{"href":"https:\/\/ikfem.com\/gl\/wp-json\/wp\/v2\/pages"}],"about":[{"href":"https:\/\/ikfem.com\/gl\/wp-json\/wp\/v2\/types\/page"}],"author":[{"embeddable":true,"href":"https:\/\/ikfem.com\/gl\/wp-json\/wp\/v2\/users\/14"}],"replies":[{"embeddable":true,"href":"https:\/\/ikfem.com\/gl\/wp-json\/wp\/v2\/comments?post=1724"}],"version-history":[{"count":3,"href":"https:\/\/ikfem.com\/gl\/wp-json\/wp\/v2\/pages\/1724\/revisions"}],"predecessor-version":[{"id":1728,"href":"https:\/\/ikfem.com\/gl\/wp-json\/wp\/v2\/pages\/1724\/revisions\/1728"}],"wp:attachment":[{"href":"https:\/\/ikfem.com\/gl\/wp-json\/wp\/v2\/media?parent=1724"}],"curies":[{"name":"wp","href":"https:\/\/api.w.org\/{rel}","templated":true}]}}