{"id":1719,"date":"2024-05-30T12:57:30","date_gmt":"2024-05-30T10:57:30","guid":{"rendered":"https:\/\/ikfem.com\/aviso-legal\/"},"modified":"2024-06-10T13:40:38","modified_gmt":"2024-06-10T11:40:38","slug":"aviso-legal","status":"publish","type":"page","link":"https:\/\/ikfem.com\/gl\/aviso-legal\/","title":{"rendered":"Aviso Legal"},"content":{"rendered":"\t\t<div data-elementor-type=\"wp-page\" data-elementor-id=\"1719\" class=\"elementor elementor-1719 elementor-1390\" data-elementor-post-type=\"page\">\n\t\t\t\t\t\t<section class=\"elementor-section elementor-top-section elementor-element elementor-element-e06d848 elementor-section-stretched elementor-section-boxed elementor-section-height-default elementor-section-height-default\" data-id=\"e06d848\" data-element_type=\"section\" data-e-type=\"section\" data-settings=\"{&quot;stretch_section&quot;:&quot;section-stretched&quot;,&quot;background_background&quot;:&quot;classic&quot;}\">\n\t\t\t\t\t\t<div class=\"elementor-container elementor-column-gap-wider\">\n\t\t\t\t\t<div class=\"elementor-column elementor-col-100 elementor-top-column elementor-element elementor-element-726e331\" data-id=\"726e331\" data-element_type=\"column\" data-e-type=\"column\">\n\t\t\t<div class=\"elementor-widget-wrap elementor-element-populated\">\n\t\t\t\t\t\t<section class=\"elementor-section elementor-inner-section elementor-element elementor-element-f8564cd elementor-section-boxed elementor-section-height-default elementor-section-height-default\" data-id=\"f8564cd\" data-element_type=\"section\" data-e-type=\"section\">\n\t\t\t\t\t\t<div class=\"elementor-container elementor-column-gap-default\">\n\t\t\t\t\t<div class=\"elementor-column elementor-col-16 elementor-inner-column elementor-element elementor-element-632a83d\" data-id=\"632a83d\" data-element_type=\"column\" data-e-type=\"column\">\n\t\t\t<div class=\"elementor-widget-wrap\">\n\t\t\t\t\t\t\t<\/div>\n\t\t<\/div>\n\t\t\t\t<div class=\"elementor-column elementor-col-66 elementor-inner-column elementor-element elementor-element-47f131b\" data-id=\"47f131b\" data-element_type=\"column\" data-e-type=\"column\">\n\t\t\t<div class=\"elementor-widget-wrap elementor-element-populated\">\n\t\t\t\t\t\t<div class=\"elementor-element elementor-element-c3a049c elementor-widget__width-auto elementor-widget elementor-widget-icon-box\" data-id=\"c3a049c\" data-element_type=\"widget\" data-e-type=\"widget\" data-widget_type=\"icon-box.default\">\n\t\t\t\t<div class=\"elementor-widget-container\">\n\t\t\t\t\t\t\t<div class=\"elementor-icon-box-wrapper\">\n\n\t\t\t\n\t\t\t\t\t\t<div class=\"elementor-icon-box-content\">\n\n\t\t\t\t\t\t\t\t\t<h5 class=\"elementor-icon-box-title\">\n\t\t\t\t\t\t<span  >\n\t\t\t\t\t\t\tAviso Legal e Condici\u00f3ns de Uso do Portal\t\t\t\t\t\t<\/span>\n\t\t\t\t\t<\/h5>\n\t\t\t\t\n\t\t\t\t\n\t\t\t<\/div>\n\t\t\t\n\t\t<\/div>\n\t\t\t\t\t\t<\/div>\n\t\t\t\t<\/div>\n\t\t\t\t\t<\/div>\n\t\t<\/div>\n\t\t\t\t<div class=\"elementor-column elementor-col-16 elementor-inner-column elementor-element elementor-element-6457943\" data-id=\"6457943\" data-element_type=\"column\" data-e-type=\"column\">\n\t\t\t<div class=\"elementor-widget-wrap\">\n\t\t\t\t\t\t\t<\/div>\n\t\t<\/div>\n\t\t\t\t\t<\/div>\n\t\t<\/section>\n\t\t\t\t\t<\/div>\n\t\t<\/div>\n\t\t\t\t\t<\/div>\n\t\t<\/section>\n\t\t\t\t<section class=\"elementor-section elementor-top-section elementor-element elementor-element-f28a7a5 elementor-section-boxed elementor-section-height-default elementor-section-height-default\" data-id=\"f28a7a5\" data-element_type=\"section\" data-e-type=\"section\">\n\t\t\t\t\t\t<div class=\"elementor-container elementor-column-gap-default\">\n\t\t\t\t\t<div class=\"elementor-column elementor-col-100 elementor-top-column elementor-element elementor-element-847e862\" data-id=\"847e862\" data-element_type=\"column\" data-e-type=\"column\">\n\t\t\t<div class=\"elementor-widget-wrap elementor-element-populated\">\n\t\t\t\t\t\t<div class=\"elementor-element elementor-element-72fdc55 elementor-widget elementor-widget-text-editor\" data-id=\"72fdc55\" data-element_type=\"widget\" data-e-type=\"widget\" data-widget_type=\"text-editor.default\">\n\t\t\t\t<div class=\"elementor-widget-container\">\n\t\t\t\t\t\t\t\t\t<p>Co fin de dar cumprimento ao artigo 10 da Lei 34\/2002 de Servizos da Sociedade da Informaci\u00f3n e do Comercio Electr\u00f3nico, informamos aos usuarios dos nosos datos:<\/p><p><strong>Denominaci\u00f3n Social:<\/strong> Xuventudes Musicais Eixo Atl\u00e1ntico<\/p><p><strong>Domicilio Social:<\/strong> R\u00faa San Miguel, n\u00ba17, 36715<\/p><p><strong>CIF:<\/strong> g94076437<\/p><p><strong>Tel\u00e9fono:<\/strong> 625627498<\/p><p><strong>Correo electr\u00f3nico:<\/strong> director@ikfem.com<\/p><p><strong>Sitio Web: <\/strong>www.ikfem.com<\/p><p>\u00a0<\/p><p><strong>1.- OBXECTO<\/strong><\/p><p><strong>Xuventudes Musicais Eixo Atl\u00e1ntico<\/strong> (en adiante tam\u00e9n o prestador) como responsable do sitio web, pon a disposici\u00f3n dos usuarios o presente documento, que regula o uso do sitio web, co que pretendemos dar cumprimento \u00e1s obrigas que disp\u00f3n a Lei 34\/2002, de Servizos da Sociedade da Informaci\u00f3n e do Comercio Electr\u00f3nico (LSSICE ou LSSI), as\u00ed como informar a todos os usuarios do sitio web respecto de cales son as condici\u00f3ns de uso do sitio web.<\/p><p>A trav\u00e9s da Web, <strong>Xuventudes Musicais Eixo Atl\u00e1ntico<\/strong> facilita aos usuarios o acceso e utilizaci\u00f3n de diferentes servizos e contidos postos a disposici\u00f3n a trav\u00e9s da web.<\/p><p>Toda persoa que acceda a esta web asume o papel de usuario (en adiante o usuario), e implica a aceptaci\u00f3n total e sen reservas de todas e cada unha das disposici\u00f3ns inclu\u00eddas neste aviso legal, as\u00ed como a calquera outras disposici\u00f3ns legais que foran de aplicaci\u00f3n.<\/p><p>Como usuarios, te\u00f1en que ler atentamente este Aviso Legal en calquera das ocasi\u00f3ns que entren na web, pois esta pode sufrir modificaci\u00f3ns xa que o prestador res\u00e9rvase o dereito a modificar calquera tipo de informaci\u00f3n que puidera aparecer na web, sen que exista a obriga de pre-avisar ou po\u00f1er en co\u00f1ecemento dos usuarios estas obrigas, sendo suficientes a publicaci\u00f3n no sitio web do prestador.<\/p><p>\u00a0<\/p><p><strong>2.- CONDICI\u00d3NS DE ACCESO E USO DA WEB.<\/strong><\/p><p><strong>2.1. Car\u00e1cter gratu\u00edto do acceso e uso da web.<\/strong><\/p><p>A prestaci\u00f3n dos servizos por parte de <strong>Xuventudes Musicais Eixo Atl\u00e1ntico<\/strong> ten car\u00e1cter gratu\u00edto para todos os Usuarios. Non obstante, alg\u00fans dos servizos subministrados polo prestador a trav\u00e9s da Web est\u00e1n suxeitos ao pago dun prezo determinado \u00e1s condici\u00f3ns xerais de contrataci\u00f3n.<\/p><p><strong>2.2. Rexistro de Usuario.<\/strong><\/p><p>Con car\u00e1cter xeral a prestaci\u00f3n dos Servizos non esixe a previa subscrici\u00f3n ou rexistro dos Usuarios. A\u00ednda as\u00ed, <strong>Xuventudes Musicais Eixo Atl\u00e1ntico<\/strong> condiciona o uso de alg\u00fans dos servizos \u00e1 previa complementaci\u00f3n do correspondente rexistro de Usuario. Este rexistro efectuarase na forma expresamente indicada na propia secci\u00f3n do servizo.<\/p><p><strong>2.3. Veracidade da informaci\u00f3n.<\/strong><\/p><p>Toda a informaci\u00f3n que facilita o Usuario ten que ser veraz. A estes efectos, o Usuario garante a autenticidade dos datos comunicados a trav\u00e9s dos formularios para a subscrici\u00f3n dos Servizos. Ser\u00e1 responsabilidade do Usuario manter toda a informaci\u00f3n facilitada a <strong>Xuventudes Musicais Eixo Atl\u00e1ntico<\/strong> permanentemente actualizada de forma que responda, en cada momento, \u00e1 s\u00faa situaci\u00f3n real. En todo caso, o Usuario ser\u00e1 o \u00fanico responsable das manifestaci\u00f3ns falsas ou inexactas que realice e dos prexu\u00edzos que cause ao prestador ou a terceiros.<\/p><p><strong>2.4. Menores de idade.<\/strong><\/p><p>Para o uso dos servizos, os menores de idade te\u00f1en que obter sempre previamente o consentimento dos pais, titores ou representantes legais, responsables \u00faltimos de todos os actos realizados polos menores ao seu cargo. A responsabilidade na determinaci\u00f3n de contidos concretos aos cales acceden os menores corresponde a aqueles, \u00e9 por iso que se acceden a contidos non apropiados por Internet, teranse que establecer nos seus ordenadores mecanismos, en particular programas inform\u00e1ticos, filtros e bloqueos, que permitan limitar os contidos dispo\u00f1ibles e, a pesar de que non sexan infalibles, son de especial utilidade para controlar e restrinxir os materiais aos que poden acceder os menores.<\/p><p><strong>2.5. Obrigaci\u00f3n de facer un uso correcto da Web.<\/strong><\/p><p>O Usuario comprom\u00e9tese a utilizar a Web de conformidade \u00e1 Lei e ao presente Aviso Legal, as\u00ed como \u00e1 moral e \u00e1s boas costumes. A tal efecto, o Usuario absterase de utilizar a p\u00e1xina con finalidades il\u00edcitas ou prohibidas, lesivas de dereitos e intereses de terceiros, ou que de calquera forma poidan danar, inutilizar, sobrecargar, deteriorar ou impedir a normal utilizaci\u00f3n de equipos inform\u00e1ticos ou documentos, arquivos e toda clase de contidos almacenados en calquera equipo inform\u00e1tico do prestador.<\/p><p>En particular, e a t\u00edtulo indicativo pero non exhaustivo, o Usuario comprom\u00e9tese a non transmitir, difundir ou po\u00f1er a disposici\u00f3n de terceiros informaci\u00f3ns, datos, contidos, mensaxes, gr\u00e1ficos, debuxos, arquivos de son ou imaxe, fotograf\u00edas, gravaci\u00f3ns, software e, en xeral, calquera clase de material que:<\/p><p>(a)\u00a0\u00a0\u00a0\u00a0\u00a0\u00a0\u00a0 sexa contraria, desprece ou atente contra os dereitos fundamentais e as liberdades p\u00fablicas reco\u00f1ecidas constitucionalmente, en tratados internacionais e outras normas vixentes;<\/p><p>(b)\u00a0\u00a0\u00a0\u00a0\u00a0\u00a0\u00a0 induza, incite ou promova actuaci\u00f3ns delictivas, denigrantes, difamatorias, violentas ou, en xeral, contrarias \u00e1 lei, \u00e1 moral e ao orde p\u00fablico;<\/p><p>(c)\u00a0\u00a0\u00a0\u00a0\u00a0\u00a0\u00a0 induza, incite ou promova actuaci\u00f3ns, actitudes ou pensamentos discriminatorios por raz\u00f3n de sexo, raza, relixi\u00f3n, crenzas, idade ou condici\u00f3n;<\/p><p>(d)\u00a0\u00a0\u00a0\u00a0\u00a0\u00a0\u00a0 sexa contraria ao dereito ao honor, \u00e1 intimidade persoal ou familiar ou \u00e1 propia imaxe das persoas;<\/p><p>(e)\u00a0\u00a0\u00a0\u00a0\u00a0\u00a0\u00a0 de calquera maneira prexudique a credibilidade do prestador ou de terceiros; e<\/p><p>(f)\u00a0\u00a0\u00a0\u00a0\u00a0\u00a0\u00a0\u00a0 constit\u00faa publicidade il\u00edcita, enganosa ou desleal.<\/p><p>\u00a0<\/p><p><strong>3.- EXCLUSI\u00d3N DE GARANT\u00cdAS E RESPONSABILIDADE<\/strong><\/p><p>O prestador ex\u00edmese de calquera tipo de responsabilidade derivada da informaci\u00f3n publicada no noso sitio web, sempre que esta informaci\u00f3n fose manipulada ou introducida por un terceiro alleo.<\/p><p>Esta web foi revisada e probada para que funcione correctamente. En principio, p\u00f3dese garantir o correcto funcionamento os 365 d\u00edas do ano, 24 horas ao d\u00eda. Non obstante, o prestador non descarta a posibilidade de que existan determinados erros de programaci\u00f3n, ou que sucedan causas de forza maior, cat\u00e1strofes naturais, folgas, ou circunstancias parecidas que fagan imposible o acceso \u00e1 p\u00e1xina web.<\/p><p><strong>Xuventudes Musicais Eixo Atl\u00e1ntico<\/strong> non outorga ningunha garant\u00eda nin se fai responsable, en ning\u00fan caso, dos danos e prexu\u00edzos de calquera natureza que poidan sa\u00edr a colaci\u00f3n da falta de dispo\u00f1ibilidade, mantemento e efectivo funcionamento da web ou dos seus servizos e contidos; da existencia de virus, programas maliciosos ou lesivos nos contidos; do uso il\u00edcito, neglixente, fraudulento ou contrario a este Aviso Legal e condici\u00f3ns de uso; ou da falta de licitude, calidade, fiabilidade, utilidade e dispo\u00f1ibilidade dos servizos prestados por terceiros e ademais a disposici\u00f3n dos usuarios no sitio web.<\/p><p>O prestador non se fai responsable baixo ning\u00fan concepto dos danos que poidan dimanar do uso ilegal ou indebido da presente p\u00e1xina web.<\/p><p>\u00a0<\/p><p><strong>4.- COOKIES<\/strong><\/p><p>O sitio web do prestador pode utilizar cookies (pequenos arquivos de informaci\u00f3n que o servidor env\u00eda ao ordenador de quen accede na p\u00e1xina) para levar a cabo determinadas funci\u00f3ns que son consideradas imprescindibles para o correcto funcionamento e visualizaci\u00f3n do lugar. As cookies utilizadas te\u00f1en, en todo caso, car\u00e1cter temporal, coa \u00fanica finalidade de facer m\u00e1is eficaz a navegaci\u00f3n, e desaparecen ao acabar a sesi\u00f3n do usuario.<\/p><p>En ning\u00fan caso se utilizar\u00e1n as cookies para recoller informaci\u00f3n de car\u00e1cter persoal.<\/p><p>Para m\u00e1is informaci\u00f3n, ver a nosa Pol\u00edtica de Cookies.<\/p><p>\u00a0<\/p><p><strong>5.- ENLACES<\/strong><\/p><p>Desde o sitio web \u00e9 posible que se redirixa a contidos de terceiras webs. Dado que desde o web non podemos controlar sempre os contidos introducidos polos terceiros,<strong> Xuventudes Musicais Eixo Atl\u00e1ntico<\/strong> non asume ning\u00fan tipo de responsabilidade respecto a estes contidos. En todo caso, o prestador manifesta que proceder\u00e1 \u00e1 retirada inmediata de calquera contido que puidera contravir a lexislaci\u00f3n nacional ou internacional, a moral ou a orde p\u00fablica, procedendo \u00e1 retirada inmediata da re-direcci\u00f3n a estas webs, po\u00f1endo en co\u00f1ecemento das autoridades competentes o contido en cuesti\u00f3n.<\/p><p>O prestador non se responsabiliza da informaci\u00f3n e contidos almacenados, a t\u00edtulo enunciativo pero non limitante, en foros, chats, xeradores de blogs, comentarios, redes sociais ou calquera outro medio que permita a terceiros publicar contidos de forma independente \u00e1 p\u00e1xina web do prestador. Con todo e en cumprimento do que disp\u00f3n o art. 11 e 16 da LSSICE, o prestador ponse a disposici\u00f3n de todos os usuarios, autoridades e forzas de seguridade, e colaborando de forma activa na retirada ou, cando sexa necesario, o bloqueo de todos aqueles contidos que poidan afectar ou contravir a lexislaci\u00f3n nacional, ou internacional, dereitos de terceiros ou a moral e a orde p\u00fablica. No caso de que o usuario considere que pode existir alg\u00fan contido que puidera ser susceptible desta clasificaci\u00f3n, pregase notif\u00edquese de forma inmediata ao administrador do sitio web.<\/p><p>\u00a0<\/p><p><strong>6.- PROTECCI\u00d3N DE DATOS PERSOAIS<\/strong><\/p><p>O prestador est\u00e1 profundamente comprometido co cumprimento da normativa de protecci\u00f3n de datos persoais e garante o cumprimento \u00edntegro das obrigas dispostas, as\u00ed como a implementaci\u00f3n das medidas de seguridade dispostas ao Regulamento Europeo de Protecci\u00f3n de datos e a normativa espa\u00f1ola de protecci\u00f3n de datos. Para m\u00e1is informaci\u00f3n, ver a nosa Pol\u00edtica de Privacidade.<\/p><p>\u00a0<\/p><p><strong>7.- REDES SOCIAIS<\/strong><\/p><p>Inform\u00e1moslle que <strong>Xuventudes Musicais Eixo Atl\u00e1ntico<\/strong> pode estar presente en redes sociais. O tratamento dos datos que os usuarios incl\u00faan nas mesmas [fac\u00e9ndose seguidores do prestador nas redes sociais (e\/ou realizando calquera v\u00ednculo ou acci\u00f3n de conexi\u00f3n a trav\u00e9s destas)] rexerase por este apartado, as\u00ed como polas condici\u00f3ns de uso, pol\u00edticas de privacidade e normativas de acceso e uso das redes sociais en cuesti\u00f3n e aceptadas previamente polo usuario. Xuventudes Musicais Eixo Atl\u00e1ntico tratar\u00e1 os seus datos co fin de informarlle das actividades, produtos ou servizos do prestador a trav\u00e9s destas redes sociais, as\u00ed como para calquera outra finalidade que as normativas das Redes Sociais permitan, pero non se far\u00e1 responsable das s\u00faas pol\u00edticas de privacidade.<\/p><p>Queda prohibida a publicaci\u00f3n de contidos:<\/p><p>Que sexan presuntamente il\u00edcitos pola normativa nacional, comunitaria ou internacional ou que realicen actividades presuntamente il\u00edcitas ou contrave\u00f1an os principios da boa fe.<\/p><p>Que atenten contra os dereitos fundamentais das persoas, falten \u00e1 cortes\u00eda na rede, molesten ou poidan xerar opini\u00f3ns negativas nos nosos usuarios ou terceiros e en xeral calquera sexan os contidos que <strong>Xuventudes Musicais Eixo Atl\u00e1ntico<\/strong> considere non apropiados.<\/p><p>E en xeral que contrave\u00f1an os principios de legalidade, honradez, responsabilidade, protecci\u00f3n da dignidade humana, protecci\u00f3n de menores, protecci\u00f3n da orde p\u00fablica, a protecci\u00f3n da vida privada, a protecci\u00f3n do consumidor e os dereitos de propiedade intelectual e industrial.<\/p><p>As\u00ed mesmo, <strong>Xuventudes Musicais Eixo Atl\u00e1ntico<\/strong> res\u00e9rvase a potestade de retirar, sen previo aviso do sitio web ou da rede social corporativa aqueles contidos que se consideren non apropiados.<\/p><p>\u00a0<\/p><p><strong>8.- PROPIEDADE INTELECTUAL E INDUSTRIAL<\/strong><\/p><p>O sitio web, inclu\u00edndo a t\u00edtulo enunciativo pero non limitativo a programaci\u00f3n, edici\u00f3n, compilaci\u00f3n e outros elementos necesarios para o seu funcionamento, os dese\u00f1os, logotipos, textos, fotograf\u00edas e\/ou gr\u00e1ficos son propiedade do prestador ou, no caso de que fora necesario, disp\u00f3n da licenza ou autorizaci\u00f3n expresa por parte dos autores. Todos os contidos do sitio web at\u00f3panse debidamente protexidos pola normativa de propiedade intelectual e industrial.<\/p><p>Independentemente da finalidade para a que foron destinados, a reproduci\u00f3n total ou parcial, uso, distribuci\u00f3n e comunicaci\u00f3n p\u00fablica requiren da autorizaci\u00f3n escrita previa por parte do prestador. Calquera uso non autorizado previamente por parte do prestador ser\u00e1 considerado un incumprimento grave dos dereitos de propiedade intelectual ou industrial do autor.<\/p><p>Os dese\u00f1os, logotipos, textos e\/ou gr\u00e1ficos alleos ao prestador e que poidan aparecer no sitio web, pertencen aos seus respectivos propietarios, sendo eles mesmos os responsables de calquera posible controversia que puidera acontecer respecto aos mesmos. En todo caso, o prestador conta coa autorizaci\u00f3n expresa e previa por parte dos mesmos.<\/p><p>O prestador reco\u00f1ece a favor dos seus titulares os correspondentes dereitos de propiedade industrial e intelectual, non implicando a menci\u00f3n ou aparici\u00f3n no sitio web, da existencia de dereitos ou ningunha responsabilidade do prestador sobre os mesmos, como tampouco respaldo, patrocinio ou recomendaci\u00f3n por parte do mesmo.<\/p><p>Para realizar calquera tipo de observaci\u00f3n respecto a posibles incumprimentos dos dereitos de propiedade intelectual ou industrial, as\u00ed como sobre calquera dos contidos do sitio web, pode facelo a trav\u00e9s do correo electr\u00f3nico arriba rese\u00f1ado.<\/p><p>\u00a0<\/p><p><strong>9.- LEI APLICABLE E XURISDICI\u00d3N<\/strong><\/p><p>Para a resoluci\u00f3n das controversias ou cuesti\u00f3ns relacionadas coa presente p\u00e1xina web ou das actividades nesta desenvolvidas, ser\u00e1 de aplicaci\u00f3n a lexislaci\u00f3n espa\u00f1ola, \u00e1 que se someten expresamente as partes, sendo competentes para a resoluci\u00f3n de todos os conflitos derivados ou relacionados co seu uso os Xulgados e Tribunais de Espa\u00f1a.<\/p>\t\t\t\t\t\t\t\t<\/div>\n\t\t\t\t<\/div>\n\t\t\t\t\t<\/div>\n\t\t<\/div>\n\t\t\t\t\t<\/div>\n\t\t<\/section>\n\t\t\t\t<\/div>\n\t\t","protected":false},"excerpt":{"rendered":"<p>Aviso Legal e Condici\u00f3ns de Uso do Portal Co fin de dar cumprimento ao artigo 10 da Lei 34\/2002 de Servizos da Sociedade da Informaci\u00f3n e<span class=\"excerpt-hellip\"> [\u2026]<\/span><\/p>\n","protected":false},"author":14,"featured_media":0,"parent":0,"menu_order":0,"comment_status":"closed","ping_status":"closed","template":"elementor_header_footer","meta":{"footnotes":""},"class_list":["post-1719","page","type-page","status-publish","hentry"],"yoast_head":"<!-- This site is optimized with the Yoast SEO plugin v27.3 - https:\/\/yoast.com\/product\/yoast-seo-wordpress\/ -->\n<title>Aviso Legal - IKFEM<\/title>\n<meta name=\"robots\" content=\"index, follow, max-snippet:-1, max-image-preview:large, max-video-preview:-1\" \/>\n<link rel=\"canonical\" href=\"https:\/\/ikfem.com\/aviso-legal\/\" \/>\n<meta property=\"og:locale\" content=\"gl_ES\" \/>\n<meta property=\"og:type\" content=\"article\" \/>\n<meta property=\"og:title\" content=\"Aviso Legal - IKFEM\" \/>\n<meta property=\"og:description\" content=\"Aviso Legal e Condici\u00f3ns de Uso do Portal Co fin de dar cumprimento ao artigo 10 da Lei 34\/2002 de Servizos da Sociedade da Informaci\u00f3n e [\u2026]\" \/>\n<meta property=\"og:url\" content=\"https:\/\/ikfem.com\/aviso-legal\/\" \/>\n<meta property=\"og:site_name\" content=\"IKFEM\" \/>\n<meta property=\"article:publisher\" content=\"https:\/\/www.facebook.com\/IKFEM\" \/>\n<meta property=\"article:modified_time\" content=\"2024-06-10T11:40:38+00:00\" \/>\n<meta name=\"twitter:card\" content=\"summary_large_image\" \/>\n<meta name=\"twitter:label1\" content=\"Tempo de lectura\" \/>\n\t<meta name=\"twitter:data1\" content=\"11 minutos\" \/>\n<script type=\"application\/ld+json\" class=\"yoast-schema-graph\">{\"@context\":\"https:\\\/\\\/schema.org\",\"@graph\":[{\"@type\":\"WebPage\",\"@id\":\"https:\\\/\\\/ikfem.com\\\/aviso-legal\\\/\",\"url\":\"https:\\\/\\\/ikfem.com\\\/aviso-legal\\\/\",\"name\":\"Aviso Legal - IKFEM\",\"isPartOf\":{\"@id\":\"https:\\\/\\\/ikfem.com\\\/#website\"},\"datePublished\":\"2024-05-30T10:57:30+00:00\",\"dateModified\":\"2024-06-10T11:40:38+00:00\",\"breadcrumb\":{\"@id\":\"https:\\\/\\\/ikfem.com\\\/aviso-legal\\\/#breadcrumb\"},\"inLanguage\":\"gl-ES\",\"potentialAction\":[{\"@type\":\"ReadAction\",\"target\":[\"https:\\\/\\\/ikfem.com\\\/aviso-legal\\\/\"]}]},{\"@type\":\"BreadcrumbList\",\"@id\":\"https:\\\/\\\/ikfem.com\\\/aviso-legal\\\/#breadcrumb\",\"itemListElement\":[{\"@type\":\"ListItem\",\"position\":1,\"name\":\"Home\",\"item\":\"https:\\\/\\\/ikfem.com\\\/gl\\\/\"},{\"@type\":\"ListItem\",\"position\":2,\"name\":\"Aviso Legal\"}]},{\"@type\":\"WebSite\",\"@id\":\"https:\\\/\\\/ikfem.com\\\/#website\",\"url\":\"https:\\\/\\\/ikfem.com\\\/\",\"name\":\"IKFEM Festival Tui - Valen\u00e7a\",\"description\":\"IKFEM Festival Tui-Valen\u00e7a\",\"publisher\":{\"@id\":\"https:\\\/\\\/ikfem.com\\\/#organization\"},\"alternateName\":\"El \u00fanico puente musical de Europa\",\"potentialAction\":[{\"@type\":\"SearchAction\",\"target\":{\"@type\":\"EntryPoint\",\"urlTemplate\":\"https:\\\/\\\/ikfem.com\\\/?s={search_term_string}\"},\"query-input\":{\"@type\":\"PropertyValueSpecification\",\"valueRequired\":true,\"valueName\":\"search_term_string\"}}],\"inLanguage\":\"gl-ES\"},{\"@type\":\"Organization\",\"@id\":\"https:\\\/\\\/ikfem.com\\\/#organization\",\"name\":\"IKFEM Festival Tui - Valen\u00e7a\",\"url\":\"https:\\\/\\\/ikfem.com\\\/\",\"logo\":{\"@type\":\"ImageObject\",\"inLanguage\":\"gl-ES\",\"@id\":\"https:\\\/\\\/ikfem.com\\\/#\\\/schema\\\/logo\\\/image\\\/\",\"url\":\"https:\\\/\\\/ikfem.com\\\/wp-content\\\/uploads\\\/2024\\\/06\\\/logoIKFEM.png\",\"contentUrl\":\"https:\\\/\\\/ikfem.com\\\/wp-content\\\/uploads\\\/2024\\\/06\\\/logoIKFEM.png\",\"width\":500,\"height\":150,\"caption\":\"IKFEM Festival Tui - Valen\u00e7a\"},\"image\":{\"@id\":\"https:\\\/\\\/ikfem.com\\\/#\\\/schema\\\/logo\\\/image\\\/\"},\"sameAs\":[\"https:\\\/\\\/www.facebook.com\\\/IKFEM\",\"https:\\\/\\\/www.instagram.com\\\/ikfem_festival\\\/\"]}]}<\/script>\n<!-- \/ Yoast SEO plugin. -->","yoast_head_json":{"title":"Aviso Legal - IKFEM","robots":{"index":"index","follow":"follow","max-snippet":"max-snippet:-1","max-image-preview":"max-image-preview:large","max-video-preview":"max-video-preview:-1"},"canonical":"https:\/\/ikfem.com\/aviso-legal\/","og_locale":"gl_ES","og_type":"article","og_title":"Aviso Legal - IKFEM","og_description":"Aviso Legal e Condici\u00f3ns de Uso do Portal Co fin de dar cumprimento ao artigo 10 da Lei 34\/2002 de Servizos da Sociedade da Informaci\u00f3n e [\u2026]","og_url":"https:\/\/ikfem.com\/aviso-legal\/","og_site_name":"IKFEM","article_publisher":"https:\/\/www.facebook.com\/IKFEM","article_modified_time":"2024-06-10T11:40:38+00:00","twitter_card":"summary_large_image","twitter_misc":{"Tempo de lectura":"11 minutos"},"schema":{"@context":"https:\/\/schema.org","@graph":[{"@type":"WebPage","@id":"https:\/\/ikfem.com\/aviso-legal\/","url":"https:\/\/ikfem.com\/aviso-legal\/","name":"Aviso Legal - IKFEM","isPartOf":{"@id":"https:\/\/ikfem.com\/#website"},"datePublished":"2024-05-30T10:57:30+00:00","dateModified":"2024-06-10T11:40:38+00:00","breadcrumb":{"@id":"https:\/\/ikfem.com\/aviso-legal\/#breadcrumb"},"inLanguage":"gl-ES","potentialAction":[{"@type":"ReadAction","target":["https:\/\/ikfem.com\/aviso-legal\/"]}]},{"@type":"BreadcrumbList","@id":"https:\/\/ikfem.com\/aviso-legal\/#breadcrumb","itemListElement":[{"@type":"ListItem","position":1,"name":"Home","item":"https:\/\/ikfem.com\/gl\/"},{"@type":"ListItem","position":2,"name":"Aviso Legal"}]},{"@type":"WebSite","@id":"https:\/\/ikfem.com\/#website","url":"https:\/\/ikfem.com\/","name":"IKFEM Festival Tui - Valen\u00e7a","description":"IKFEM Festival Tui-Valen\u00e7a","publisher":{"@id":"https:\/\/ikfem.com\/#organization"},"alternateName":"El \u00fanico puente musical de Europa","potentialAction":[{"@type":"SearchAction","target":{"@type":"EntryPoint","urlTemplate":"https:\/\/ikfem.com\/?s={search_term_string}"},"query-input":{"@type":"PropertyValueSpecification","valueRequired":true,"valueName":"search_term_string"}}],"inLanguage":"gl-ES"},{"@type":"Organization","@id":"https:\/\/ikfem.com\/#organization","name":"IKFEM Festival Tui - Valen\u00e7a","url":"https:\/\/ikfem.com\/","logo":{"@type":"ImageObject","inLanguage":"gl-ES","@id":"https:\/\/ikfem.com\/#\/schema\/logo\/image\/","url":"https:\/\/ikfem.com\/wp-content\/uploads\/2024\/06\/logoIKFEM.png","contentUrl":"https:\/\/ikfem.com\/wp-content\/uploads\/2024\/06\/logoIKFEM.png","width":500,"height":150,"caption":"IKFEM Festival Tui - Valen\u00e7a"},"image":{"@id":"https:\/\/ikfem.com\/#\/schema\/logo\/image\/"},"sameAs":["https:\/\/www.facebook.com\/IKFEM","https:\/\/www.instagram.com\/ikfem_festival\/"]}]}},"_links":{"self":[{"href":"https:\/\/ikfem.com\/gl\/wp-json\/wp\/v2\/pages\/1719","targetHints":{"allow":["GET"]}}],"collection":[{"href":"https:\/\/ikfem.com\/gl\/wp-json\/wp\/v2\/pages"}],"about":[{"href":"https:\/\/ikfem.com\/gl\/wp-json\/wp\/v2\/types\/page"}],"author":[{"embeddable":true,"href":"https:\/\/ikfem.com\/gl\/wp-json\/wp\/v2\/users\/14"}],"replies":[{"embeddable":true,"href":"https:\/\/ikfem.com\/gl\/wp-json\/wp\/v2\/comments?post=1719"}],"version-history":[{"count":3,"href":"https:\/\/ikfem.com\/gl\/wp-json\/wp\/v2\/pages\/1719\/revisions"}],"predecessor-version":[{"id":1723,"href":"https:\/\/ikfem.com\/gl\/wp-json\/wp\/v2\/pages\/1719\/revisions\/1723"}],"wp:attachment":[{"href":"https:\/\/ikfem.com\/gl\/wp-json\/wp\/v2\/media?parent=1719"}],"curies":[{"name":"wp","href":"https:\/\/api.w.org\/{rel}","templated":true}]}}