{"id":1515,"date":"2024-05-27T10:02:56","date_gmt":"2024-05-27T08:02:56","guid":{"rendered":"https:\/\/ikfem.com\/voluntariado\/"},"modified":"2024-06-10T10:46:41","modified_gmt":"2024-06-10T08:46:41","slug":"voluntariado","status":"publish","type":"page","link":"https:\/\/ikfem.com\/gl\/voluntariado\/","title":{"rendered":"Voluntariado"},"content":{"rendered":"\t\t<div data-elementor-type=\"wp-page\" data-elementor-id=\"1515\" class=\"elementor elementor-1515 elementor-833\" data-elementor-post-type=\"page\">\n\t\t\t\t\t\t<section class=\"elementor-section elementor-top-section elementor-element elementor-element-119188d elementor-section-stretched elementor-section-boxed elementor-section-height-default elementor-section-height-default\" data-id=\"119188d\" data-element_type=\"section\" data-e-type=\"section\" data-settings=\"{&quot;stretch_section&quot;:&quot;section-stretched&quot;,&quot;background_background&quot;:&quot;classic&quot;}\">\n\t\t\t\t\t\t<div class=\"elementor-container elementor-column-gap-wider\">\n\t\t\t\t\t<div class=\"elementor-column elementor-col-100 elementor-top-column elementor-element elementor-element-9a0f08c\" data-id=\"9a0f08c\" data-element_type=\"column\" data-e-type=\"column\">\n\t\t\t<div class=\"elementor-widget-wrap elementor-element-populated\">\n\t\t\t\t\t\t<section class=\"elementor-section elementor-inner-section elementor-element elementor-element-3346726 elementor-section-boxed elementor-section-height-default elementor-section-height-default\" data-id=\"3346726\" data-element_type=\"section\" data-e-type=\"section\">\n\t\t\t\t\t\t<div class=\"elementor-container elementor-column-gap-default\">\n\t\t\t\t\t<div class=\"elementor-column elementor-col-16 elementor-inner-column elementor-element elementor-element-294d00b\" data-id=\"294d00b\" data-element_type=\"column\" data-e-type=\"column\">\n\t\t\t<div class=\"elementor-widget-wrap\">\n\t\t\t\t\t\t\t<\/div>\n\t\t<\/div>\n\t\t\t\t<div class=\"elementor-column elementor-col-66 elementor-inner-column elementor-element elementor-element-2e82dc3\" data-id=\"2e82dc3\" data-element_type=\"column\" data-e-type=\"column\">\n\t\t\t<div class=\"elementor-widget-wrap elementor-element-populated\">\n\t\t\t\t\t\t<div class=\"elementor-element elementor-element-3cf9703 elementor-widget__width-auto elementor-widget elementor-widget-icon-box\" data-id=\"3cf9703\" data-element_type=\"widget\" data-e-type=\"widget\" data-widget_type=\"icon-box.default\">\n\t\t\t\t<div class=\"elementor-widget-container\">\n\t\t\t\t\t\t\t<div class=\"elementor-icon-box-wrapper\">\n\n\t\t\t\n\t\t\t\t\t\t<div class=\"elementor-icon-box-content\">\n\n\t\t\t\t\t\t\t\t\t<h5 class=\"elementor-icon-box-title\">\n\t\t\t\t\t\t<span  >\n\t\t\t\t\t\t\tS\u00famate ao Voluntariado\t\t\t\t\t\t<\/span>\n\t\t\t\t\t<\/h5>\n\t\t\t\t\n\t\t\t\t\n\t\t\t<\/div>\n\t\t\t\n\t\t<\/div>\n\t\t\t\t\t\t<\/div>\n\t\t\t\t<\/div>\n\t\t\t\t<div class=\"elementor-element elementor-element-387a602 elementor-widget elementor-widget-text-editor\" data-id=\"387a602\" data-element_type=\"widget\" data-e-type=\"widget\" data-widget_type=\"text-editor.default\">\n\t\t\t\t<div class=\"elementor-widget-container\">\n\t\t\t\t\t\t\t\t\t<p>Se che gusta a m\u00fasica e queres ser parte dun festival internacional, inscr\u00edbete ao voluntariado de <span style=\"color: #e94f77;\">IKFEM Festival Tui-Valen\u00e7a.<\/span><\/p><p>Sendo voluntario\/a de IKFEM poder\u00e1s asistir a concertos, co\u00f1ecer artistas e creadores de Espa\u00f1a, Portugal e outros pa\u00edses. Ademais, ver\u00e1s funcionar un festival internacional desde dentro xunto aos profesionais que o organizan.<\/p>\t\t\t\t\t\t\t\t<\/div>\n\t\t\t\t<\/div>\n\t\t\t\t\t<\/div>\n\t\t<\/div>\n\t\t\t\t<div class=\"elementor-column elementor-col-16 elementor-inner-column elementor-element elementor-element-cd183e0\" data-id=\"cd183e0\" data-element_type=\"column\" data-e-type=\"column\">\n\t\t\t<div class=\"elementor-widget-wrap\">\n\t\t\t\t\t\t\t<\/div>\n\t\t<\/div>\n\t\t\t\t\t<\/div>\n\t\t<\/section>\n\t\t\t\t\t<\/div>\n\t\t<\/div>\n\t\t\t\t\t<\/div>\n\t\t<\/section>\n\t\t\t\t<section class=\"elementor-section elementor-top-section elementor-element elementor-element-b122941 elementor-section-stretched elementor-section-boxed elementor-section-height-default elementor-section-height-default\" data-id=\"b122941\" data-element_type=\"section\" data-e-type=\"section\" data-settings=\"{&quot;stretch_section&quot;:&quot;section-stretched&quot;}\">\n\t\t\t\t\t\t<div class=\"elementor-container elementor-column-gap-wider\">\n\t\t\t\t\t<div class=\"elementor-column elementor-col-100 elementor-top-column elementor-element elementor-element-6b629c5\" data-id=\"6b629c5\" data-element_type=\"column\" data-e-type=\"column\">\n\t\t\t<div class=\"elementor-widget-wrap elementor-element-populated\">\n\t\t\t\t\t\t<div class=\"elementor-element elementor-element-dbfa5e4 elementor-widget elementor-widget-spacer\" data-id=\"dbfa5e4\" data-element_type=\"widget\" data-e-type=\"widget\" data-widget_type=\"spacer.default\">\n\t\t\t\t<div class=\"elementor-widget-container\">\n\t\t\t\t\t\t\t<div class=\"elementor-spacer\">\n\t\t\t<div class=\"elementor-spacer-inner\"><\/div>\n\t\t<\/div>\n\t\t\t\t\t\t<\/div>\n\t\t\t\t<\/div>\n\t\t\t\t\t<\/div>\n\t\t<\/div>\n\t\t\t\t\t<\/div>\n\t\t<\/section>\n\t\t\t\t<section class=\"elementor-section elementor-top-section elementor-element elementor-element-e4b22d2 elementor-section-content-middle elementor-section-boxed elementor-section-height-default elementor-section-height-default\" data-id=\"e4b22d2\" data-element_type=\"section\" data-e-type=\"section\" data-settings=\"{&quot;background_background&quot;:&quot;classic&quot;}\">\n\t\t\t\t\t\t<div class=\"elementor-container elementor-column-gap-default\">\n\t\t\t\t\t<div class=\"elementor-column elementor-col-100 elementor-top-column elementor-element elementor-element-4aaf970\" data-id=\"4aaf970\" data-element_type=\"column\" data-e-type=\"column\" data-settings=\"{&quot;background_background&quot;:&quot;classic&quot;}\">\n\t\t\t<div class=\"elementor-widget-wrap elementor-element-populated\">\n\t\t\t\t\t\t<section class=\"elementor-section elementor-inner-section elementor-element elementor-element-1592598 elementor-section-boxed elementor-section-height-default elementor-section-height-default\" data-id=\"1592598\" data-element_type=\"section\" data-e-type=\"section\">\n\t\t\t\t\t\t<div class=\"elementor-container elementor-column-gap-default\">\n\t\t\t\t\t<div class=\"elementor-column elementor-col-50 elementor-inner-column elementor-element elementor-element-08e0225\" data-id=\"08e0225\" data-element_type=\"column\" data-e-type=\"column\">\n\t\t\t<div class=\"elementor-widget-wrap elementor-element-populated\">\n\t\t\t\t\t\t<div class=\"elementor-element elementor-element-5327d77 elementor-position-top elementor-widget elementor-widget-image-box\" data-id=\"5327d77\" data-element_type=\"widget\" data-e-type=\"widget\" data-widget_type=\"image-box.default\">\n\t\t\t\t<div class=\"elementor-widget-container\">\n\t\t\t\t\t<div class=\"elementor-image-box-wrapper\"><figure class=\"elementor-image-box-img\"><img fetchpriority=\"high\" decoding=\"async\" width=\"500\" height=\"333\" src=\"https:\/\/ikfem.com\/wp-content\/uploads\/2024\/05\/voluntario.jpg\" class=\"attachment-full size-full wp-image-1157\" alt=\"\" srcset=\"https:\/\/ikfem.com\/wp-content\/uploads\/2024\/05\/voluntario.jpg 500w, https:\/\/ikfem.com\/wp-content\/uploads\/2024\/05\/voluntario-300x200.jpg 300w, https:\/\/ikfem.com\/wp-content\/uploads\/2024\/05\/voluntario-113x75.jpg 113w, https:\/\/ikfem.com\/wp-content\/uploads\/2024\/05\/voluntario-480x320.jpg 480w\" sizes=\"(max-width:767px) 480px, 500px\" \/><\/figure><div class=\"elementor-image-box-content\"><span class=\"elementor-image-box-title\">Perfil do voluntario\/a<\/span><p class=\"elementor-image-box-description\">Xove de esp\u00edrito e con gusto pola m\u00fasica. Os voluntarios\/as realizar\u00e1n labores de apoio \u00e1 organizaci\u00f3n tales como guiar aos artistas, dar informaci\u00f3n aos asistentes, asistencia na produci\u00f3n de concertos etc.<\/p><\/div><\/div>\t\t\t\t<\/div>\n\t\t\t\t<\/div>\n\t\t\t\t\t<\/div>\n\t\t<\/div>\n\t\t\t\t<div class=\"elementor-column elementor-col-50 elementor-inner-column elementor-element elementor-element-e88cc99\" data-id=\"e88cc99\" data-element_type=\"column\" data-e-type=\"column\">\n\t\t\t<div class=\"elementor-widget-wrap elementor-element-populated\">\n\t\t\t\t\t\t<div class=\"elementor-element elementor-element-72420a7 elementor-position-top elementor-widget elementor-widget-image-box\" data-id=\"72420a7\" data-element_type=\"widget\" data-e-type=\"widget\" data-widget_type=\"image-box.default\">\n\t\t\t\t<div class=\"elementor-widget-container\">\n\t\t\t\t\t<div class=\"elementor-image-box-wrapper\"><figure class=\"elementor-image-box-img\"><img decoding=\"async\" width=\"500\" height=\"333\" src=\"https:\/\/ikfem.com\/wp-content\/uploads\/2024\/06\/Gastos-cubiertos-1.jpg\" class=\"attachment-full size-full wp-image-1439\" alt=\"\" srcset=\"https:\/\/ikfem.com\/wp-content\/uploads\/2024\/06\/Gastos-cubiertos-1.jpg 500w, https:\/\/ikfem.com\/wp-content\/uploads\/2024\/06\/Gastos-cubiertos-1-300x200.jpg 300w, https:\/\/ikfem.com\/wp-content\/uploads\/2024\/06\/Gastos-cubiertos-1-113x75.jpg 113w, https:\/\/ikfem.com\/wp-content\/uploads\/2024\/06\/Gastos-cubiertos-1-480x320.jpg 480w\" sizes=\"(max-width:767px) 480px, 500px\" \/><\/figure><div class=\"elementor-image-box-content\"><span class=\"elementor-image-box-title\">Gastos cubertos<\/span><p class=\"elementor-image-box-description\">A organizaci\u00f3n asume os gastos de comidas e\/ou ceas do voluntariado, e se fose necesario tam\u00e9n ofrecemos prezos especiais para o aloxamento.<\/p><\/div><\/div>\t\t\t\t<\/div>\n\t\t\t\t<\/div>\n\t\t\t\t\t<\/div>\n\t\t<\/div>\n\t\t\t\t\t<\/div>\n\t\t<\/section>\n\t\t\t\t<div class=\"elementor-element elementor-element-3661d1e elementor-align-center elementor-widget elementor-widget-button\" data-id=\"3661d1e\" data-element_type=\"widget\" data-e-type=\"widget\" data-widget_type=\"button.default\">\n\t\t\t\t<div class=\"elementor-widget-container\">\n\t\t\t\t\t\t\t\t\t<div class=\"elementor-button-wrapper\">\n\t\t\t\t\t<a class=\"elementor-button elementor-button-link elementor-size-sm\" href=\"https:\/\/ikfem.com\/gl\/contacto\/\">\n\t\t\t\t\t\t<span class=\"elementor-button-content-wrapper\">\n\t\t\t\t\t\t<span class=\"elementor-button-icon\">\n\t\t\t\t<i aria-hidden=\"true\" class=\"fas fa-long-arrow-alt-right\"><\/i>\t\t\t<\/span>\n\t\t\t\t\t\t\t\t\t<span class=\"elementor-button-text\">Contacta connosco!<\/span>\n\t\t\t\t\t<\/span>\n\t\t\t\t\t<\/a>\n\t\t\t\t<\/div>\n\t\t\t\t\t\t\t\t<\/div>\n\t\t\t\t<\/div>\n\t\t\t\t\t<\/div>\n\t\t<\/div>\n\t\t\t\t\t<\/div>\n\t\t<\/section>\n\t\t\t\t<section class=\"elementor-section elementor-top-section elementor-element elementor-element-7ccf428 elementor-section-boxed elementor-section-height-default elementor-section-height-default\" data-id=\"7ccf428\" data-element_type=\"section\" data-e-type=\"section\">\n\t\t\t\t\t\t<div class=\"elementor-container elementor-column-gap-default\">\n\t\t\t\t\t<div class=\"elementor-column elementor-col-100 elementor-top-column elementor-element elementor-element-ce420c6\" data-id=\"ce420c6\" data-element_type=\"column\" data-e-type=\"column\">\n\t\t\t<div class=\"elementor-widget-wrap elementor-element-populated\">\n\t\t\t\t\t\t<div class=\"elementor-element elementor-element-cf953d9 elementor-widget elementor-widget-spacer\" data-id=\"cf953d9\" data-element_type=\"widget\" data-e-type=\"widget\" data-widget_type=\"spacer.default\">\n\t\t\t\t<div class=\"elementor-widget-container\">\n\t\t\t\t\t\t\t<div class=\"elementor-spacer\">\n\t\t\t<div class=\"elementor-spacer-inner\"><\/div>\n\t\t<\/div>\n\t\t\t\t\t\t<\/div>\n\t\t\t\t<\/div>\n\t\t\t\t\t<\/div>\n\t\t<\/div>\n\t\t\t\t\t<\/div>\n\t\t<\/section>\n\t\t\t\t<\/div>\n\t\t","protected":false},"excerpt":{"rendered":"<p>S\u00famate ao Voluntariado Se che gusta a m\u00fasica e queres ser parte dun festival internacional, inscr\u00edbete ao voluntariado de IKFEM Festival Tui-Valen\u00e7a. Sendo voluntario\/a de IKFEM<span class=\"excerpt-hellip\"> [\u2026]<\/span><\/p>\n","protected":false},"author":14,"featured_media":0,"parent":0,"menu_order":0,"comment_status":"closed","ping_status":"closed","template":"","meta":{"footnotes":""},"class_list":["post-1515","page","type-page","status-publish","hentry"],"yoast_head":"<!-- This site is optimized with the Yoast SEO plugin v27.3 - https:\/\/yoast.com\/product\/yoast-seo-wordpress\/ -->\n<title>Voluntariado - IKFEM<\/title>\n<meta name=\"robots\" content=\"index, follow, max-snippet:-1, max-image-preview:large, max-video-preview:-1\" \/>\n<link rel=\"canonical\" href=\"https:\/\/ikfem.com\/voluntariado\/\" \/>\n<meta property=\"og:locale\" content=\"gl_ES\" \/>\n<meta property=\"og:type\" content=\"article\" \/>\n<meta property=\"og:title\" content=\"Voluntariado - IKFEM\" \/>\n<meta property=\"og:description\" content=\"S\u00famate ao Voluntariado Se che gusta a m\u00fasica e queres ser parte dun festival internacional, inscr\u00edbete ao voluntariado de IKFEM Festival Tui-Valen\u00e7a. Sendo voluntario\/a de IKFEM [\u2026]\" \/>\n<meta property=\"og:url\" content=\"https:\/\/ikfem.com\/voluntariado\/\" \/>\n<meta property=\"og:site_name\" content=\"IKFEM\" \/>\n<meta property=\"article:publisher\" content=\"https:\/\/www.facebook.com\/IKFEM\" \/>\n<meta property=\"article:modified_time\" content=\"2024-06-10T08:46:41+00:00\" \/>\n<meta property=\"og:image\" content=\"https:\/\/ikfem.com\/wp-content\/uploads\/2024\/05\/voluntario.jpg\" \/>\n\t<meta property=\"og:image:width\" content=\"500\" \/>\n\t<meta property=\"og:image:height\" content=\"333\" \/>\n\t<meta property=\"og:image:type\" content=\"image\/jpeg\" \/>\n<meta name=\"twitter:card\" content=\"summary_large_image\" \/>\n<meta name=\"twitter:label1\" content=\"Tempo de lectura\" \/>\n\t<meta name=\"twitter:data1\" content=\"1 minuto\" \/>\n<script type=\"application\/ld+json\" class=\"yoast-schema-graph\">{\"@context\":\"https:\\\/\\\/schema.org\",\"@graph\":[{\"@type\":\"WebPage\",\"@id\":\"https:\\\/\\\/ikfem.com\\\/voluntariado\\\/\",\"url\":\"https:\\\/\\\/ikfem.com\\\/voluntariado\\\/\",\"name\":\"Voluntariado - IKFEM\",\"isPartOf\":{\"@id\":\"https:\\\/\\\/ikfem.com\\\/#website\"},\"primaryImageOfPage\":{\"@id\":\"https:\\\/\\\/ikfem.com\\\/voluntariado\\\/#primaryimage\"},\"image\":{\"@id\":\"https:\\\/\\\/ikfem.com\\\/voluntariado\\\/#primaryimage\"},\"thumbnailUrl\":\"https:\\\/\\\/ikfem.com\\\/wp-content\\\/uploads\\\/2024\\\/05\\\/voluntario.jpg\",\"datePublished\":\"2024-05-27T08:02:56+00:00\",\"dateModified\":\"2024-06-10T08:46:41+00:00\",\"breadcrumb\":{\"@id\":\"https:\\\/\\\/ikfem.com\\\/voluntariado\\\/#breadcrumb\"},\"inLanguage\":\"gl-ES\",\"potentialAction\":[{\"@type\":\"ReadAction\",\"target\":[\"https:\\\/\\\/ikfem.com\\\/voluntariado\\\/\"]}]},{\"@type\":\"ImageObject\",\"inLanguage\":\"gl-ES\",\"@id\":\"https:\\\/\\\/ikfem.com\\\/voluntariado\\\/#primaryimage\",\"url\":\"https:\\\/\\\/ikfem.com\\\/wp-content\\\/uploads\\\/2024\\\/05\\\/voluntario.jpg\",\"contentUrl\":\"https:\\\/\\\/ikfem.com\\\/wp-content\\\/uploads\\\/2024\\\/05\\\/voluntario.jpg\"},{\"@type\":\"BreadcrumbList\",\"@id\":\"https:\\\/\\\/ikfem.com\\\/voluntariado\\\/#breadcrumb\",\"itemListElement\":[{\"@type\":\"ListItem\",\"position\":1,\"name\":\"Home\",\"item\":\"https:\\\/\\\/ikfem.com\\\/gl\\\/\"},{\"@type\":\"ListItem\",\"position\":2,\"name\":\"Voluntariado\"}]},{\"@type\":\"WebSite\",\"@id\":\"https:\\\/\\\/ikfem.com\\\/#website\",\"url\":\"https:\\\/\\\/ikfem.com\\\/\",\"name\":\"IKFEM Festival Tui - Valen\u00e7a\",\"description\":\"IKFEM Festival Tui-Valen\u00e7a\",\"publisher\":{\"@id\":\"https:\\\/\\\/ikfem.com\\\/#organization\"},\"alternateName\":\"El \u00fanico puente musical de Europa\",\"potentialAction\":[{\"@type\":\"SearchAction\",\"target\":{\"@type\":\"EntryPoint\",\"urlTemplate\":\"https:\\\/\\\/ikfem.com\\\/?s={search_term_string}\"},\"query-input\":{\"@type\":\"PropertyValueSpecification\",\"valueRequired\":true,\"valueName\":\"search_term_string\"}}],\"inLanguage\":\"gl-ES\"},{\"@type\":\"Organization\",\"@id\":\"https:\\\/\\\/ikfem.com\\\/#organization\",\"name\":\"IKFEM Festival Tui - Valen\u00e7a\",\"url\":\"https:\\\/\\\/ikfem.com\\\/\",\"logo\":{\"@type\":\"ImageObject\",\"inLanguage\":\"gl-ES\",\"@id\":\"https:\\\/\\\/ikfem.com\\\/#\\\/schema\\\/logo\\\/image\\\/\",\"url\":\"https:\\\/\\\/ikfem.com\\\/wp-content\\\/uploads\\\/2024\\\/06\\\/logoIKFEM.png\",\"contentUrl\":\"https:\\\/\\\/ikfem.com\\\/wp-content\\\/uploads\\\/2024\\\/06\\\/logoIKFEM.png\",\"width\":500,\"height\":150,\"caption\":\"IKFEM Festival Tui - Valen\u00e7a\"},\"image\":{\"@id\":\"https:\\\/\\\/ikfem.com\\\/#\\\/schema\\\/logo\\\/image\\\/\"},\"sameAs\":[\"https:\\\/\\\/www.facebook.com\\\/IKFEM\",\"https:\\\/\\\/www.instagram.com\\\/ikfem_festival\\\/\"]}]}<\/script>\n<!-- \/ Yoast SEO plugin. -->","yoast_head_json":{"title":"Voluntariado - IKFEM","robots":{"index":"index","follow":"follow","max-snippet":"max-snippet:-1","max-image-preview":"max-image-preview:large","max-video-preview":"max-video-preview:-1"},"canonical":"https:\/\/ikfem.com\/voluntariado\/","og_locale":"gl_ES","og_type":"article","og_title":"Voluntariado - IKFEM","og_description":"S\u00famate ao Voluntariado Se che gusta a m\u00fasica e queres ser parte dun festival internacional, inscr\u00edbete ao voluntariado de IKFEM Festival Tui-Valen\u00e7a. Sendo voluntario\/a de IKFEM [\u2026]","og_url":"https:\/\/ikfem.com\/voluntariado\/","og_site_name":"IKFEM","article_publisher":"https:\/\/www.facebook.com\/IKFEM","article_modified_time":"2024-06-10T08:46:41+00:00","og_image":[{"width":500,"height":333,"url":"https:\/\/ikfem.com\/wp-content\/uploads\/2024\/05\/voluntario.jpg","type":"image\/jpeg"}],"twitter_card":"summary_large_image","twitter_misc":{"Tempo de lectura":"1 minuto"},"schema":{"@context":"https:\/\/schema.org","@graph":[{"@type":"WebPage","@id":"https:\/\/ikfem.com\/voluntariado\/","url":"https:\/\/ikfem.com\/voluntariado\/","name":"Voluntariado - IKFEM","isPartOf":{"@id":"https:\/\/ikfem.com\/#website"},"primaryImageOfPage":{"@id":"https:\/\/ikfem.com\/voluntariado\/#primaryimage"},"image":{"@id":"https:\/\/ikfem.com\/voluntariado\/#primaryimage"},"thumbnailUrl":"https:\/\/ikfem.com\/wp-content\/uploads\/2024\/05\/voluntario.jpg","datePublished":"2024-05-27T08:02:56+00:00","dateModified":"2024-06-10T08:46:41+00:00","breadcrumb":{"@id":"https:\/\/ikfem.com\/voluntariado\/#breadcrumb"},"inLanguage":"gl-ES","potentialAction":[{"@type":"ReadAction","target":["https:\/\/ikfem.com\/voluntariado\/"]}]},{"@type":"ImageObject","inLanguage":"gl-ES","@id":"https:\/\/ikfem.com\/voluntariado\/#primaryimage","url":"https:\/\/ikfem.com\/wp-content\/uploads\/2024\/05\/voluntario.jpg","contentUrl":"https:\/\/ikfem.com\/wp-content\/uploads\/2024\/05\/voluntario.jpg"},{"@type":"BreadcrumbList","@id":"https:\/\/ikfem.com\/voluntariado\/#breadcrumb","itemListElement":[{"@type":"ListItem","position":1,"name":"Home","item":"https:\/\/ikfem.com\/gl\/"},{"@type":"ListItem","position":2,"name":"Voluntariado"}]},{"@type":"WebSite","@id":"https:\/\/ikfem.com\/#website","url":"https:\/\/ikfem.com\/","name":"IKFEM Festival Tui - Valen\u00e7a","description":"IKFEM Festival Tui-Valen\u00e7a","publisher":{"@id":"https:\/\/ikfem.com\/#organization"},"alternateName":"El \u00fanico puente musical de Europa","potentialAction":[{"@type":"SearchAction","target":{"@type":"EntryPoint","urlTemplate":"https:\/\/ikfem.com\/?s={search_term_string}"},"query-input":{"@type":"PropertyValueSpecification","valueRequired":true,"valueName":"search_term_string"}}],"inLanguage":"gl-ES"},{"@type":"Organization","@id":"https:\/\/ikfem.com\/#organization","name":"IKFEM Festival Tui - Valen\u00e7a","url":"https:\/\/ikfem.com\/","logo":{"@type":"ImageObject","inLanguage":"gl-ES","@id":"https:\/\/ikfem.com\/#\/schema\/logo\/image\/","url":"https:\/\/ikfem.com\/wp-content\/uploads\/2024\/06\/logoIKFEM.png","contentUrl":"https:\/\/ikfem.com\/wp-content\/uploads\/2024\/06\/logoIKFEM.png","width":500,"height":150,"caption":"IKFEM Festival Tui - Valen\u00e7a"},"image":{"@id":"https:\/\/ikfem.com\/#\/schema\/logo\/image\/"},"sameAs":["https:\/\/www.facebook.com\/IKFEM","https:\/\/www.instagram.com\/ikfem_festival\/"]}]}},"_links":{"self":[{"href":"https:\/\/ikfem.com\/gl\/wp-json\/wp\/v2\/pages\/1515","targetHints":{"allow":["GET"]}}],"collection":[{"href":"https:\/\/ikfem.com\/gl\/wp-json\/wp\/v2\/pages"}],"about":[{"href":"https:\/\/ikfem.com\/gl\/wp-json\/wp\/v2\/types\/page"}],"author":[{"embeddable":true,"href":"https:\/\/ikfem.com\/gl\/wp-json\/wp\/v2\/users\/14"}],"replies":[{"embeddable":true,"href":"https:\/\/ikfem.com\/gl\/wp-json\/wp\/v2\/comments?post=1515"}],"version-history":[{"count":3,"href":"https:\/\/ikfem.com\/gl\/wp-json\/wp\/v2\/pages\/1515\/revisions"}],"predecessor-version":[{"id":1698,"href":"https:\/\/ikfem.com\/gl\/wp-json\/wp\/v2\/pages\/1515\/revisions\/1698"}],"wp:attachment":[{"href":"https:\/\/ikfem.com\/gl\/wp-json\/wp\/v2\/media?parent=1515"}],"curies":[{"name":"wp","href":"https:\/\/api.w.org\/{rel}","templated":true}]}}