{"id":1513,"date":"2024-05-23T11:45:40","date_gmt":"2024-05-23T09:45:40","guid":{"rendered":"https:\/\/ikfem.com\/colabora\/"},"modified":"2025-05-12T18:20:05","modified_gmt":"2025-05-12T16:20:05","slug":"colabora","status":"publish","type":"page","link":"https:\/\/ikfem.com\/gl\/colabora\/","title":{"rendered":"Colabora"},"content":{"rendered":"\t\t<div data-elementor-type=\"wp-page\" data-elementor-id=\"1513\" class=\"elementor elementor-1513 elementor-687\" data-elementor-post-type=\"page\">\n\t\t\t\t\t\t<section class=\"elementor-section elementor-top-section elementor-element elementor-element-119188d elementor-section-stretched elementor-section-boxed elementor-section-height-default elementor-section-height-default\" data-id=\"119188d\" data-element_type=\"section\" data-e-type=\"section\" data-settings=\"{&quot;stretch_section&quot;:&quot;section-stretched&quot;,&quot;background_background&quot;:&quot;classic&quot;}\">\n\t\t\t\t\t\t<div class=\"elementor-container elementor-column-gap-wider\">\n\t\t\t\t\t<div class=\"elementor-column elementor-col-100 elementor-top-column elementor-element elementor-element-9a0f08c\" data-id=\"9a0f08c\" data-element_type=\"column\" data-e-type=\"column\">\n\t\t\t<div class=\"elementor-widget-wrap elementor-element-populated\">\n\t\t\t\t\t\t<section class=\"elementor-section elementor-inner-section elementor-element elementor-element-3346726 elementor-section-boxed elementor-section-height-default elementor-section-height-default\" data-id=\"3346726\" data-element_type=\"section\" data-e-type=\"section\">\n\t\t\t\t\t\t<div class=\"elementor-container elementor-column-gap-default\">\n\t\t\t\t\t<div class=\"elementor-column elementor-col-16 elementor-inner-column elementor-element elementor-element-294d00b\" data-id=\"294d00b\" data-element_type=\"column\" data-e-type=\"column\">\n\t\t\t<div class=\"elementor-widget-wrap\">\n\t\t\t\t\t\t\t<\/div>\n\t\t<\/div>\n\t\t\t\t<div class=\"elementor-column elementor-col-66 elementor-inner-column elementor-element elementor-element-2e82dc3\" data-id=\"2e82dc3\" data-element_type=\"column\" data-e-type=\"column\">\n\t\t\t<div class=\"elementor-widget-wrap elementor-element-populated\">\n\t\t\t\t\t\t<div class=\"elementor-element elementor-element-3cf9703 elementor-widget__width-auto elementor-widget elementor-widget-icon-box\" data-id=\"3cf9703\" data-element_type=\"widget\" data-e-type=\"widget\" data-widget_type=\"icon-box.default\">\n\t\t\t\t<div class=\"elementor-widget-container\">\n\t\t\t\t\t\t\t<div class=\"elementor-icon-box-wrapper\">\n\n\t\t\t\n\t\t\t\t\t\t<div class=\"elementor-icon-box-content\">\n\n\t\t\t\t\t\t\t\t\t<h5 class=\"elementor-icon-box-title\">\n\t\t\t\t\t\t<span  >\n\t\t\t\t\t\t\tColabora\t\t\t\t\t\t<\/span>\n\t\t\t\t\t<\/h5>\n\t\t\t\t\n\t\t\t\t\n\t\t\t<\/div>\n\t\t\t\n\t\t<\/div>\n\t\t\t\t\t\t<\/div>\n\t\t\t\t<\/div>\n\t\t\t\t<div class=\"elementor-element elementor-element-387a602 elementor-widget elementor-widget-text-editor\" data-id=\"387a602\" data-element_type=\"widget\" data-e-type=\"widget\" data-widget_type=\"text-editor.default\">\n\t\t\t\t<div class=\"elementor-widget-container\">\n\t\t\t\t\t\t\t\t\t<p>Xuntos crearemos pontes sociais e culturais<\/p><p>O <span style=\"color: #e94f77;\">IKFEM Festival Tui-Valen\u00e7a<\/span> \u00e9 uns dos festivais m\u00e1is populares e reco\u00f1ecidos de Europa pola s\u00faa singularidade como ponte musical, cultural e creativo entre Espa\u00f1a e Portugal, con m\u00e1is de <span style=\"color: #e94f77;\">100.000 persoas asistentes.<\/span><\/p>\t\t\t\t\t\t\t\t<\/div>\n\t\t\t\t<\/div>\n\t\t\t\t\t<\/div>\n\t\t<\/div>\n\t\t\t\t<div class=\"elementor-column elementor-col-16 elementor-inner-column elementor-element elementor-element-cd183e0\" data-id=\"cd183e0\" data-element_type=\"column\" data-e-type=\"column\">\n\t\t\t<div class=\"elementor-widget-wrap\">\n\t\t\t\t\t\t\t<\/div>\n\t\t<\/div>\n\t\t\t\t\t<\/div>\n\t\t<\/section>\n\t\t\t\t\t<\/div>\n\t\t<\/div>\n\t\t\t\t\t<\/div>\n\t\t<\/section>\n\t\t\t\t<section class=\"elementor-section elementor-top-section elementor-element elementor-element-b122941 elementor-section-stretched elementor-section-boxed elementor-section-height-default elementor-section-height-default\" data-id=\"b122941\" data-element_type=\"section\" data-e-type=\"section\" data-settings=\"{&quot;stretch_section&quot;:&quot;section-stretched&quot;}\">\n\t\t\t\t\t\t<div class=\"elementor-container elementor-column-gap-wider\">\n\t\t\t\t\t<div class=\"elementor-column elementor-col-100 elementor-top-column elementor-element elementor-element-6b629c5\" data-id=\"6b629c5\" data-element_type=\"column\" data-e-type=\"column\">\n\t\t\t<div class=\"elementor-widget-wrap elementor-element-populated\">\n\t\t\t\t\t\t<section class=\"elementor-section elementor-inner-section elementor-element elementor-element-b3f17eb elementor-section-content-middle elementor-section-boxed elementor-section-height-default elementor-section-height-default\" data-id=\"b3f17eb\" data-element_type=\"section\" data-e-type=\"section\" data-settings=\"{&quot;background_background&quot;:&quot;classic&quot;}\">\n\t\t\t\t\t\t<div class=\"elementor-container elementor-column-gap-default\">\n\t\t\t\t\t<div class=\"elementor-column elementor-col-50 elementor-inner-column elementor-element elementor-element-bfc7bec\" data-id=\"bfc7bec\" data-element_type=\"column\" data-e-type=\"column\">\n\t\t\t<div class=\"elementor-widget-wrap elementor-element-populated\">\n\t\t\t\t\t\t<div class=\"elementor-element elementor-element-3f81d58 elementor-widget elementor-widget-heading\" data-id=\"3f81d58\" data-element_type=\"widget\" data-e-type=\"widget\" data-widget_type=\"heading.default\">\n\t\t\t\t<div class=\"elementor-widget-container\">\n\t\t\t\t\t<p class=\"elementor-heading-title elementor-size-default\"><span style=\"color: #e94f77\">Colaborar connosco <\/span>significa contribu\u00edr \u00e1 consecuci\u00f3n dos nosos obxectivos\n<\/p>\t\t\t\t<\/div>\n\t\t\t\t<\/div>\n\t\t\t\t<div class=\"elementor-element elementor-element-f33536e elementor-widget elementor-widget-text-editor\" data-id=\"f33536e\" data-element_type=\"widget\" data-e-type=\"widget\" data-widget_type=\"text-editor.default\">\n\t\t\t\t<div class=\"elementor-widget-container\">\n\t\t\t\t\t\t\t\t\t<p>A cooperaci\u00f3n e cohesi\u00f3n transfronteiriza, a posta en valor do patrimonio, a innovaci\u00f3n e diversidade art\u00edstica, a capacitaci\u00f3n e emprendemento, o di\u00e1logo e a promoci\u00f3n do talento, a sustentabilidade e inclusi\u00f3n social, a excelencia.<\/p><p>O noso programa de patrocinio ofrece oportunidades filantr\u00f3picas -doaz\u00f3ns- e de m\u00e1rketing -patrocinios e convenios-, as\u00ed como f\u00f3rmulas adaptadas aos intereses de todas aquelas persoas e entidades que queiran enriquecer a actividade do Festival ou gozar das s\u00faas actividades -colaboraci\u00f3ns culturais e eventos privados-.<\/p>\t\t\t\t\t\t\t\t<\/div>\n\t\t\t\t<\/div>\n\t\t\t\t<div class=\"elementor-element elementor-element-c8358b6 elementor-mobile-align-center elementor-widget__width-auto elementor-widget elementor-widget-button\" data-id=\"c8358b6\" data-element_type=\"widget\" data-e-type=\"widget\" data-widget_type=\"button.default\">\n\t\t\t\t<div class=\"elementor-widget-container\">\n\t\t\t\t\t\t\t\t\t<div class=\"elementor-button-wrapper\">\n\t\t\t\t\t<a class=\"elementor-button elementor-button-link elementor-size-sm\" href=\"https:\/\/ikfem.com\/wp-content\/uploads\/2025\/05\/IKFEM_Dossier_Patrocinios_Web_GAL.pdf\" target=\"_blank\">\n\t\t\t\t\t\t<span class=\"elementor-button-content-wrapper\">\n\t\t\t\t\t\t<span class=\"elementor-button-icon\">\n\t\t\t\t<i aria-hidden=\"true\" class=\"fas fa-long-arrow-alt-right\"><\/i>\t\t\t<\/span>\n\t\t\t\t\t\t\t\t\t<span class=\"elementor-button-text\">Dossier sobre IKFEM<\/span>\n\t\t\t\t\t<\/span>\n\t\t\t\t\t<\/a>\n\t\t\t\t<\/div>\n\t\t\t\t\t\t\t\t<\/div>\n\t\t\t\t<\/div>\n\t\t\t\t<div class=\"elementor-element elementor-element-3661d1e elementor-mobile-align-center elementor-widget__width-auto elementor-widget elementor-widget-button\" data-id=\"3661d1e\" data-element_type=\"widget\" data-e-type=\"widget\" data-widget_type=\"button.default\">\n\t\t\t\t<div class=\"elementor-widget-container\">\n\t\t\t\t\t\t\t\t\t<div class=\"elementor-button-wrapper\">\n\t\t\t\t\t<a class=\"elementor-button elementor-button-link elementor-size-sm\" href=\"https:\/\/ikfem.com\/gl\/contacto\/\">\n\t\t\t\t\t\t<span class=\"elementor-button-content-wrapper\">\n\t\t\t\t\t\t<span class=\"elementor-button-icon\">\n\t\t\t\t<i aria-hidden=\"true\" class=\"fas fa-long-arrow-alt-right\"><\/i>\t\t\t<\/span>\n\t\t\t\t\t\t\t\t\t<span class=\"elementor-button-text\">\u00a1Cont\u00e1ctanos!<\/span>\n\t\t\t\t\t<\/span>\n\t\t\t\t\t<\/a>\n\t\t\t\t<\/div>\n\t\t\t\t\t\t\t\t<\/div>\n\t\t\t\t<\/div>\n\t\t\t\t\t<\/div>\n\t\t<\/div>\n\t\t\t\t<div class=\"elementor-column elementor-col-50 elementor-inner-column elementor-element elementor-element-340f015\" data-id=\"340f015\" data-element_type=\"column\" data-e-type=\"column\">\n\t\t\t<div class=\"elementor-widget-wrap elementor-element-populated\">\n\t\t\t\t\t\t<div class=\"elementor-element elementor-element-ba280ab elementor-widget elementor-widget-image\" data-id=\"ba280ab\" data-element_type=\"widget\" data-e-type=\"widget\" data-widget_type=\"image.default\">\n\t\t\t\t<div class=\"elementor-widget-container\">\n\t\t\t\t\t\t\t\t\t\t\t\t\t\t\t<img fetchpriority=\"high\" decoding=\"async\" width=\"1000\" height=\"889\" src=\"https:\/\/ikfem.com\/wp-content\/uploads\/2024\/06\/img-Colaboran.jpg\" class=\"attachment-large size-large wp-image-1455\" alt=\"\" srcset=\"https:\/\/ikfem.com\/wp-content\/uploads\/2024\/06\/img-Colaboran.jpg 1000w, https:\/\/ikfem.com\/wp-content\/uploads\/2024\/06\/img-Colaboran-500x445.jpg 500w, https:\/\/ikfem.com\/wp-content\/uploads\/2024\/06\/img-Colaboran-300x267.jpg 300w, https:\/\/ikfem.com\/wp-content\/uploads\/2024\/06\/img-Colaboran-768x683.jpg 768w, https:\/\/ikfem.com\/wp-content\/uploads\/2024\/06\/img-Colaboran-84x75.jpg 84w, https:\/\/ikfem.com\/wp-content\/uploads\/2024\/06\/img-Colaboran-480x427.jpg 480w\" sizes=\"(max-width:767px) 480px, (max-width:1000px) 100vw, 1000px\" \/>\t\t\t\t\t\t\t\t\t\t\t\t\t\t\t<\/div>\n\t\t\t\t<\/div>\n\t\t\t\t\t<\/div>\n\t\t<\/div>\n\t\t\t\t\t<\/div>\n\t\t<\/section>\n\t\t\t\t<div class=\"elementor-element elementor-element-dbfa5e4 elementor-widget elementor-widget-spacer\" data-id=\"dbfa5e4\" data-element_type=\"widget\" data-e-type=\"widget\" data-widget_type=\"spacer.default\">\n\t\t\t\t<div class=\"elementor-widget-container\">\n\t\t\t\t\t\t\t<div class=\"elementor-spacer\">\n\t\t\t<div class=\"elementor-spacer-inner\"><\/div>\n\t\t<\/div>\n\t\t\t\t\t\t<\/div>\n\t\t\t\t<\/div>\n\t\t\t\t\t<\/div>\n\t\t<\/div>\n\t\t\t\t\t<\/div>\n\t\t<\/section>\n\t\t\t\t<\/div>\n\t\t","protected":false},"excerpt":{"rendered":"<p>Colabora Xuntos crearemos pontes sociais e culturais O IKFEM Festival Tui-Valen\u00e7a \u00e9 uns dos festivais m\u00e1is populares e reco\u00f1ecidos de Europa pola s\u00faa singularidade como ponte<span class=\"excerpt-hellip\"> [\u2026]<\/span><\/p>\n","protected":false},"author":14,"featured_media":0,"parent":0,"menu_order":0,"comment_status":"open","ping_status":"closed","template":"","meta":{"footnotes":""},"class_list":["post-1513","page","type-page","status-publish","hentry"],"yoast_head":"<!-- This site is optimized with the Yoast SEO plugin v27.3 - https:\/\/yoast.com\/product\/yoast-seo-wordpress\/ -->\n<title>Colabora - IKFEM<\/title>\n<meta name=\"robots\" content=\"index, follow, max-snippet:-1, max-image-preview:large, max-video-preview:-1\" \/>\n<link rel=\"canonical\" href=\"https:\/\/ikfem.com\/colabora\/\" \/>\n<meta property=\"og:locale\" content=\"gl_ES\" \/>\n<meta property=\"og:type\" content=\"article\" \/>\n<meta property=\"og:title\" content=\"Colabora - IKFEM\" \/>\n<meta property=\"og:description\" content=\"Colabora Xuntos crearemos pontes sociais e culturais O IKFEM Festival Tui-Valen\u00e7a \u00e9 uns dos festivais m\u00e1is populares e reco\u00f1ecidos de Europa pola s\u00faa singularidade como ponte [\u2026]\" \/>\n<meta property=\"og:url\" content=\"https:\/\/ikfem.com\/colabora\/\" \/>\n<meta property=\"og:site_name\" content=\"IKFEM\" \/>\n<meta property=\"article:publisher\" content=\"https:\/\/www.facebook.com\/IKFEM\" \/>\n<meta property=\"article:modified_time\" content=\"2025-05-12T16:20:05+00:00\" \/>\n<meta property=\"og:image\" content=\"https:\/\/ikfem.com\/wp-content\/uploads\/2024\/06\/img-Colaboran.jpg\" \/>\n\t<meta property=\"og:image:width\" content=\"1000\" \/>\n\t<meta property=\"og:image:height\" content=\"889\" \/>\n\t<meta property=\"og:image:type\" content=\"image\/jpeg\" \/>\n<meta name=\"twitter:card\" content=\"summary_large_image\" \/>\n<meta name=\"twitter:label1\" content=\"Tempo de lectura\" \/>\n\t<meta name=\"twitter:data1\" content=\"1 minuto\" \/>\n<script type=\"application\/ld+json\" class=\"yoast-schema-graph\">{\"@context\":\"https:\\\/\\\/schema.org\",\"@graph\":[{\"@type\":\"WebPage\",\"@id\":\"https:\\\/\\\/ikfem.com\\\/colabora\\\/\",\"url\":\"https:\\\/\\\/ikfem.com\\\/colabora\\\/\",\"name\":\"Colabora - IKFEM\",\"isPartOf\":{\"@id\":\"https:\\\/\\\/ikfem.com\\\/#website\"},\"primaryImageOfPage\":{\"@id\":\"https:\\\/\\\/ikfem.com\\\/colabora\\\/#primaryimage\"},\"image\":{\"@id\":\"https:\\\/\\\/ikfem.com\\\/colabora\\\/#primaryimage\"},\"thumbnailUrl\":\"https:\\\/\\\/ikfem.com\\\/wp-content\\\/uploads\\\/2024\\\/06\\\/img-Colaboran.jpg\",\"datePublished\":\"2024-05-23T09:45:40+00:00\",\"dateModified\":\"2025-05-12T16:20:05+00:00\",\"breadcrumb\":{\"@id\":\"https:\\\/\\\/ikfem.com\\\/colabora\\\/#breadcrumb\"},\"inLanguage\":\"gl-ES\",\"potentialAction\":[{\"@type\":\"ReadAction\",\"target\":[\"https:\\\/\\\/ikfem.com\\\/colabora\\\/\"]}]},{\"@type\":\"ImageObject\",\"inLanguage\":\"gl-ES\",\"@id\":\"https:\\\/\\\/ikfem.com\\\/colabora\\\/#primaryimage\",\"url\":\"https:\\\/\\\/ikfem.com\\\/wp-content\\\/uploads\\\/2024\\\/06\\\/img-Colaboran.jpg\",\"contentUrl\":\"https:\\\/\\\/ikfem.com\\\/wp-content\\\/uploads\\\/2024\\\/06\\\/img-Colaboran.jpg\"},{\"@type\":\"BreadcrumbList\",\"@id\":\"https:\\\/\\\/ikfem.com\\\/colabora\\\/#breadcrumb\",\"itemListElement\":[{\"@type\":\"ListItem\",\"position\":1,\"name\":\"Home\",\"item\":\"https:\\\/\\\/ikfem.com\\\/gl\\\/\"},{\"@type\":\"ListItem\",\"position\":2,\"name\":\"Colabora\"}]},{\"@type\":\"WebSite\",\"@id\":\"https:\\\/\\\/ikfem.com\\\/#website\",\"url\":\"https:\\\/\\\/ikfem.com\\\/\",\"name\":\"IKFEM Festival Tui - Valen\u00e7a\",\"description\":\"IKFEM Festival Tui-Valen\u00e7a\",\"publisher\":{\"@id\":\"https:\\\/\\\/ikfem.com\\\/#organization\"},\"alternateName\":\"El \u00fanico puente musical de Europa\",\"potentialAction\":[{\"@type\":\"SearchAction\",\"target\":{\"@type\":\"EntryPoint\",\"urlTemplate\":\"https:\\\/\\\/ikfem.com\\\/?s={search_term_string}\"},\"query-input\":{\"@type\":\"PropertyValueSpecification\",\"valueRequired\":true,\"valueName\":\"search_term_string\"}}],\"inLanguage\":\"gl-ES\"},{\"@type\":\"Organization\",\"@id\":\"https:\\\/\\\/ikfem.com\\\/#organization\",\"name\":\"IKFEM Festival Tui - Valen\u00e7a\",\"url\":\"https:\\\/\\\/ikfem.com\\\/\",\"logo\":{\"@type\":\"ImageObject\",\"inLanguage\":\"gl-ES\",\"@id\":\"https:\\\/\\\/ikfem.com\\\/#\\\/schema\\\/logo\\\/image\\\/\",\"url\":\"https:\\\/\\\/ikfem.com\\\/wp-content\\\/uploads\\\/2024\\\/06\\\/logoIKFEM.png\",\"contentUrl\":\"https:\\\/\\\/ikfem.com\\\/wp-content\\\/uploads\\\/2024\\\/06\\\/logoIKFEM.png\",\"width\":500,\"height\":150,\"caption\":\"IKFEM Festival Tui - Valen\u00e7a\"},\"image\":{\"@id\":\"https:\\\/\\\/ikfem.com\\\/#\\\/schema\\\/logo\\\/image\\\/\"},\"sameAs\":[\"https:\\\/\\\/www.facebook.com\\\/IKFEM\",\"https:\\\/\\\/www.instagram.com\\\/ikfem_festival\\\/\"]}]}<\/script>\n<!-- \/ Yoast SEO plugin. -->","yoast_head_json":{"title":"Colabora - IKFEM","robots":{"index":"index","follow":"follow","max-snippet":"max-snippet:-1","max-image-preview":"max-image-preview:large","max-video-preview":"max-video-preview:-1"},"canonical":"https:\/\/ikfem.com\/colabora\/","og_locale":"gl_ES","og_type":"article","og_title":"Colabora - IKFEM","og_description":"Colabora Xuntos crearemos pontes sociais e culturais O IKFEM Festival Tui-Valen\u00e7a \u00e9 uns dos festivais m\u00e1is populares e reco\u00f1ecidos de Europa pola s\u00faa singularidade como ponte [\u2026]","og_url":"https:\/\/ikfem.com\/colabora\/","og_site_name":"IKFEM","article_publisher":"https:\/\/www.facebook.com\/IKFEM","article_modified_time":"2025-05-12T16:20:05+00:00","og_image":[{"width":1000,"height":889,"url":"https:\/\/ikfem.com\/wp-content\/uploads\/2024\/06\/img-Colaboran.jpg","type":"image\/jpeg"}],"twitter_card":"summary_large_image","twitter_misc":{"Tempo de lectura":"1 minuto"},"schema":{"@context":"https:\/\/schema.org","@graph":[{"@type":"WebPage","@id":"https:\/\/ikfem.com\/colabora\/","url":"https:\/\/ikfem.com\/colabora\/","name":"Colabora - IKFEM","isPartOf":{"@id":"https:\/\/ikfem.com\/#website"},"primaryImageOfPage":{"@id":"https:\/\/ikfem.com\/colabora\/#primaryimage"},"image":{"@id":"https:\/\/ikfem.com\/colabora\/#primaryimage"},"thumbnailUrl":"https:\/\/ikfem.com\/wp-content\/uploads\/2024\/06\/img-Colaboran.jpg","datePublished":"2024-05-23T09:45:40+00:00","dateModified":"2025-05-12T16:20:05+00:00","breadcrumb":{"@id":"https:\/\/ikfem.com\/colabora\/#breadcrumb"},"inLanguage":"gl-ES","potentialAction":[{"@type":"ReadAction","target":["https:\/\/ikfem.com\/colabora\/"]}]},{"@type":"ImageObject","inLanguage":"gl-ES","@id":"https:\/\/ikfem.com\/colabora\/#primaryimage","url":"https:\/\/ikfem.com\/wp-content\/uploads\/2024\/06\/img-Colaboran.jpg","contentUrl":"https:\/\/ikfem.com\/wp-content\/uploads\/2024\/06\/img-Colaboran.jpg"},{"@type":"BreadcrumbList","@id":"https:\/\/ikfem.com\/colabora\/#breadcrumb","itemListElement":[{"@type":"ListItem","position":1,"name":"Home","item":"https:\/\/ikfem.com\/gl\/"},{"@type":"ListItem","position":2,"name":"Colabora"}]},{"@type":"WebSite","@id":"https:\/\/ikfem.com\/#website","url":"https:\/\/ikfem.com\/","name":"IKFEM Festival Tui - Valen\u00e7a","description":"IKFEM Festival Tui-Valen\u00e7a","publisher":{"@id":"https:\/\/ikfem.com\/#organization"},"alternateName":"El \u00fanico puente musical de Europa","potentialAction":[{"@type":"SearchAction","target":{"@type":"EntryPoint","urlTemplate":"https:\/\/ikfem.com\/?s={search_term_string}"},"query-input":{"@type":"PropertyValueSpecification","valueRequired":true,"valueName":"search_term_string"}}],"inLanguage":"gl-ES"},{"@type":"Organization","@id":"https:\/\/ikfem.com\/#organization","name":"IKFEM Festival Tui - Valen\u00e7a","url":"https:\/\/ikfem.com\/","logo":{"@type":"ImageObject","inLanguage":"gl-ES","@id":"https:\/\/ikfem.com\/#\/schema\/logo\/image\/","url":"https:\/\/ikfem.com\/wp-content\/uploads\/2024\/06\/logoIKFEM.png","contentUrl":"https:\/\/ikfem.com\/wp-content\/uploads\/2024\/06\/logoIKFEM.png","width":500,"height":150,"caption":"IKFEM Festival Tui - Valen\u00e7a"},"image":{"@id":"https:\/\/ikfem.com\/#\/schema\/logo\/image\/"},"sameAs":["https:\/\/www.facebook.com\/IKFEM","https:\/\/www.instagram.com\/ikfem_festival\/"]}]}},"_links":{"self":[{"href":"https:\/\/ikfem.com\/gl\/wp-json\/wp\/v2\/pages\/1513","targetHints":{"allow":["GET"]}}],"collection":[{"href":"https:\/\/ikfem.com\/gl\/wp-json\/wp\/v2\/pages"}],"about":[{"href":"https:\/\/ikfem.com\/gl\/wp-json\/wp\/v2\/types\/page"}],"author":[{"embeddable":true,"href":"https:\/\/ikfem.com\/gl\/wp-json\/wp\/v2\/users\/14"}],"replies":[{"embeddable":true,"href":"https:\/\/ikfem.com\/gl\/wp-json\/wp\/v2\/comments?post=1513"}],"version-history":[{"count":9,"href":"https:\/\/ikfem.com\/gl\/wp-json\/wp\/v2\/pages\/1513\/revisions"}],"predecessor-version":[{"id":3133,"href":"https:\/\/ikfem.com\/gl\/wp-json\/wp\/v2\/pages\/1513\/revisions\/3133"}],"wp:attachment":[{"href":"https:\/\/ikfem.com\/gl\/wp-json\/wp\/v2\/media?parent=1513"}],"curies":[{"name":"wp","href":"https:\/\/api.w.org\/{rel}","templated":true}]}}